{"id":518,"date":"2021-11-04T13:46:36","date_gmt":"2021-11-04T13:46:36","guid":{"rendered":"https:\/\/storahotelletumea.se\/the-restaurant-gotthards-krog\/"},"modified":"2021-11-22T17:57:57","modified_gmt":"2021-11-22T16:57:57","slug":"the-restaurant-gotthards-krog","status":"publish","type":"page","link":"https:\/\/storahotelletumea.se\/en\/the-restaurant-gotthards-krog\/","title":{"rendered":"The Restaurant Gotthard\u2019s Krog"},"content":{"rendered":"<div class=\"gallery\">\n    <div data-gallery>\n                <div class=\"gallery__image\">\n            <img loading=\"lazy\" decoding=\"async\" width=\"860\" height=\"573\" src=\"https:\/\/storahotelletumea.se\/app\/uploads\/2021\/07\/sh-baren.jpg\" class=\"attachment-shu_gallery size-shu_gallery\" alt=\"en bar med mysig belysning och r\u00f6da sammetsstolar\" srcset=\"https:\/\/storahotelletumea.se\/app\/uploads\/2021\/07\/sh-baren.jpg 860w, https:\/\/storahotelletumea.se\/app\/uploads\/2021\/07\/sh-baren-300x200.jpg 300w, https:\/\/storahotelletumea.se\/app\/uploads\/2021\/07\/sh-baren-768x512.jpg 768w, https:\/\/storahotelletumea.se\/app\/uploads\/2021\/07\/sh-baren-640x426.jpg 640w\" sizes=\"auto, (max-width: 860px) 100vw, 860px\" \/>        <\/div>\n                <div class=\"gallery__image\">\n            <img loading=\"lazy\" decoding=\"async\" width=\"860\" height=\"573\" src=\"https:\/\/storahotelletumea.se\/app\/uploads\/2021\/09\/dining.jpeg\" class=\"attachment-shu_gallery size-shu_gallery\" alt=\"Lyxig restaurangmilj\u00f6 med sammetsstolar, upplysta av h\u00e4ngande ljuskronor.\" srcset=\"https:\/\/storahotelletumea.se\/app\/uploads\/2021\/09\/dining.jpeg 860w, https:\/\/storahotelletumea.se\/app\/uploads\/2021\/09\/dining-300x200.jpeg 300w, https:\/\/storahotelletumea.se\/app\/uploads\/2021\/09\/dining-768x512.jpeg 768w, https:\/\/storahotelletumea.se\/app\/uploads\/2021\/09\/dining-640x426.jpeg 640w\" sizes=\"auto, (max-width: 860px) 100vw, 860px\" \/>        <\/div>\n                <div class=\"gallery__image\">\n            <img loading=\"lazy\" decoding=\"async\" width=\"860\" height=\"573\" src=\"https:\/\/storahotelletumea.se\/app\/uploads\/2021\/09\/bartender.jpeg\" class=\"attachment-shu_gallery size-shu_gallery\" alt=\"Glad bartender h\u00e4ller upp ett glas vin vid en bar med suddig bakgrund.\" srcset=\"https:\/\/storahotelletumea.se\/app\/uploads\/2021\/09\/bartender.jpeg 860w, https:\/\/storahotelletumea.se\/app\/uploads\/2021\/09\/bartender-300x200.jpeg 300w, https:\/\/storahotelletumea.se\/app\/uploads\/2021\/09\/bartender-768x512.jpeg 768w, https:\/\/storahotelletumea.se\/app\/uploads\/2021\/09\/bartender-640x426.jpeg 640w\" sizes=\"auto, (max-width: 860px) 100vw, 860px\" \/>        <\/div>\n                <div class=\"gallery__image\">\n            <img loading=\"lazy\" decoding=\"async\" width=\"860\" height=\"573\" src=\"https:\/\/storahotelletumea.se\/app\/uploads\/2021\/09\/gotthard.jpeg\" class=\"attachment-shu_gallery size-shu_gallery\" alt=\"Lyxig restaurangmilj\u00f6 med sammetsstolar, upplysta av h\u00e4ngande ljuskronor.\" srcset=\"https:\/\/storahotelletumea.se\/app\/uploads\/2021\/09\/gotthard.jpeg 860w, https:\/\/storahotelletumea.se\/app\/uploads\/2021\/09\/gotthard-300x200.jpeg 300w, https:\/\/storahotelletumea.se\/app\/uploads\/2021\/09\/gotthard-768x512.jpeg 768w, https:\/\/storahotelletumea.se\/app\/uploads\/2021\/09\/gotthard-640x426.jpeg 640w\" sizes=\"auto, (max-width: 860px) 100vw, 860px\" \/>        <\/div>\n            <\/div>\n<\/div>\n\n\n<p>A warm welcome to Stora Hotellet &amp; restaurant <a href=\"https:\/\/gotthardskrog.se\/en\/\" target=\"_blank\" rel=\"noreferrer noopener\">Gotthards Krog<\/a> \u2013 take a quick look under each heading in the main menu to get acquainted with us prior to your stay. We are far from the typical hotel restaurant \u2013 among other things we hold a proud high ranking on TripAdvisor \u2013 and we offer a variety of experiences as a part of your stay with us.<\/p>\n\n\n\n<p>We are open from early in the morning to late in the evening. Gotthards is the port of call for the people of Umea as well guests from all over the world. Enjoy!<\/p>\n\n\n\n<p><a rel=\"noreferrer noopener\" href=\"https:\/\/app.waiteraid.com\/reservation\/?app_type=bokabord&amp;hash=2a01bfb95e36096aa737b0113ca89278\" data-type=\"URL\" data-id=\"https:\/\/app.waiteraid.com\/reservation\/?app_type=bokabord&amp;hash=2a01bfb95e36096aa737b0113ca89278\" target=\"_blank\">Book a table<\/a><br><a href=\"https:\/\/gotthardskrog.se\/en\/\" target=\"_blank\" rel=\"noreferrer noopener\">See menus<\/a><\/p>\n","protected":false},"excerpt":{"rendered":"<p>A warm welcome to Stora Hotellet &amp; restaurant Gotthards Krog \u2013 take a quick look under each heading in the main menu to get acquainted with us prior to your stay. We are far from the typical hotel restaurant \u2013 among other things we hold a proud high ranking on TripAdvisor \u2013 and we offer [&hellip;]<\/p>\n","protected":false},"author":1,"featured_media":0,"parent":0,"menu_order":0,"comment_status":"closed","ping_status":"closed","template":"","meta":{"footnotes":""},"class_list":["post-518","page","type-page","status-publish","hentry"],"acf":[],"yoast_head":"<!-- This site is optimized with the Yoast SEO plugin v23.1 - https:\/\/yoast.com\/wordpress\/plugins\/seo\/ -->\n<title>The Restaurant Gotthard\u2019s Krog - Stora hotellet Ume\u00e5<\/title>\n<meta name=\"robots\" content=\"index, follow, max-snippet:-1, max-image-preview:large, max-video-preview:-1\" \/>\n<link rel=\"canonical\" href=\"https:\/\/storahotelletumea.se\/en\/the-restaurant-gotthards-krog\/\" \/>\n<meta property=\"og:locale\" content=\"en_US\" \/>\n<meta property=\"og:type\" content=\"article\" \/>\n<meta property=\"og:title\" content=\"The Restaurant Gotthard\u2019s Krog - Stora hotellet Ume\u00e5\" \/>\n<meta property=\"og:description\" content=\"A warm welcome to Stora Hotellet &amp; restaurant Gotthards Krog \u2013 take a quick look under each heading in the main menu to get acquainted with us prior to your stay. We are far from the typical hotel restaurant \u2013 among other things we hold a proud high ranking on TripAdvisor \u2013 and we offer [&hellip;]\" \/>\n<meta property=\"og:url\" content=\"https:\/\/storahotelletumea.se\/en\/the-restaurant-gotthards-krog\/\" \/>\n<meta property=\"og:site_name\" content=\"Stora hotellet Ume\u00e5\" \/>\n<meta property=\"article:modified_time\" content=\"2021-11-22T16:57:57+00:00\" \/>\n<meta name=\"twitter:card\" content=\"summary_large_image\" \/>\n<meta name=\"twitter:label1\" content=\"Est. reading time\" \/>\n\t<meta name=\"twitter:data1\" content=\"1 minute\" \/>\n<script type=\"application\/ld+json\" class=\"yoast-schema-graph\">{\"@context\":\"https:\/\/schema.org\",\"@graph\":[{\"@type\":\"WebPage\",\"@id\":\"https:\/\/storahotelletumea.se\/en\/the-restaurant-gotthards-krog\/\",\"url\":\"https:\/\/storahotelletumea.se\/en\/the-restaurant-gotthards-krog\/\",\"name\":\"The Restaurant Gotthard\u2019s Krog - Stora hotellet Ume\u00e5\",\"isPartOf\":{\"@id\":\"https:\/\/storahotelletumea.se\/en\/#website\"},\"datePublished\":\"2021-11-04T13:46:36+00:00\",\"dateModified\":\"2021-11-22T16:57:57+00:00\",\"breadcrumb\":{\"@id\":\"https:\/\/storahotelletumea.se\/en\/the-restaurant-gotthards-krog\/#breadcrumb\"},\"inLanguage\":\"en-US\",\"potentialAction\":[{\"@type\":\"ReadAction\",\"target\":[\"https:\/\/storahotelletumea.se\/en\/the-restaurant-gotthards-krog\/\"]}]},{\"@type\":\"BreadcrumbList\",\"@id\":\"https:\/\/storahotelletumea.se\/en\/the-restaurant-gotthards-krog\/#breadcrumb\",\"itemListElement\":[{\"@type\":\"ListItem\",\"position\":1,\"name\":\"Home\",\"item\":\"https:\/\/storahotelletumea.se\/en\/\"},{\"@type\":\"ListItem\",\"position\":2,\"name\":\"The Restaurant Gotthard\u2019s Krog\"}]},{\"@type\":\"WebSite\",\"@id\":\"https:\/\/storahotelletumea.se\/en\/#website\",\"url\":\"https:\/\/storahotelletumea.se\/en\/\",\"name\":\"Stora hotellet Ume\u00e5\",\"description\":\"Ume\u00e5s klassiska hotell i saltst\u00e4nkt festskrud\",\"potentialAction\":[{\"@type\":\"SearchAction\",\"target\":{\"@type\":\"EntryPoint\",\"urlTemplate\":\"https:\/\/storahotelletumea.se\/en\/?s={search_term_string}\"},\"query-input\":\"required name=search_term_string\"}],\"inLanguage\":\"en-US\"}]}<\/script>\n<!-- \/ Yoast SEO plugin. -->","yoast_head_json":{"title":"The Restaurant Gotthard\u2019s Krog - Stora hotellet Ume\u00e5","robots":{"index":"index","follow":"follow","max-snippet":"max-snippet:-1","max-image-preview":"max-image-preview:large","max-video-preview":"max-video-preview:-1"},"canonical":"https:\/\/storahotelletumea.se\/en\/the-restaurant-gotthards-krog\/","og_locale":"en_US","og_type":"article","og_title":"The Restaurant Gotthard\u2019s Krog - Stora hotellet Ume\u00e5","og_description":"A warm welcome to Stora Hotellet &amp; restaurant Gotthards Krog \u2013 take a quick look under each heading in the main menu to get acquainted with us prior to your stay. We are far from the typical hotel restaurant \u2013 among other things we hold a proud high ranking on TripAdvisor \u2013 and we offer [&hellip;]","og_url":"https:\/\/storahotelletumea.se\/en\/the-restaurant-gotthards-krog\/","og_site_name":"Stora hotellet Ume\u00e5","article_modified_time":"2021-11-22T16:57:57+00:00","twitter_card":"summary_large_image","twitter_misc":{"Est. reading time":"1 minute"},"schema":{"@context":"https:\/\/schema.org","@graph":[{"@type":"WebPage","@id":"https:\/\/storahotelletumea.se\/en\/the-restaurant-gotthards-krog\/","url":"https:\/\/storahotelletumea.se\/en\/the-restaurant-gotthards-krog\/","name":"The Restaurant Gotthard\u2019s Krog - Stora hotellet Ume\u00e5","isPartOf":{"@id":"https:\/\/storahotelletumea.se\/en\/#website"},"datePublished":"2021-11-04T13:46:36+00:00","dateModified":"2021-11-22T16:57:57+00:00","breadcrumb":{"@id":"https:\/\/storahotelletumea.se\/en\/the-restaurant-gotthards-krog\/#breadcrumb"},"inLanguage":"en-US","potentialAction":[{"@type":"ReadAction","target":["https:\/\/storahotelletumea.se\/en\/the-restaurant-gotthards-krog\/"]}]},{"@type":"BreadcrumbList","@id":"https:\/\/storahotelletumea.se\/en\/the-restaurant-gotthards-krog\/#breadcrumb","itemListElement":[{"@type":"ListItem","position":1,"name":"Home","item":"https:\/\/storahotelletumea.se\/en\/"},{"@type":"ListItem","position":2,"name":"The Restaurant Gotthard\u2019s Krog"}]},{"@type":"WebSite","@id":"https:\/\/storahotelletumea.se\/en\/#website","url":"https:\/\/storahotelletumea.se\/en\/","name":"Stora hotellet Ume\u00e5","description":"Ume\u00e5s klassiska hotell i saltst\u00e4nkt festskrud","potentialAction":[{"@type":"SearchAction","target":{"@type":"EntryPoint","urlTemplate":"https:\/\/storahotelletumea.se\/en\/?s={search_term_string}"},"query-input":"required name=search_term_string"}],"inLanguage":"en-US"}]}},"_links":{"self":[{"href":"https:\/\/storahotelletumea.se\/en\/wp-json\/wp\/v2\/pages\/518","targetHints":{"allow":["GET"]}}],"collection":[{"href":"https:\/\/storahotelletumea.se\/en\/wp-json\/wp\/v2\/pages"}],"about":[{"href":"https:\/\/storahotelletumea.se\/en\/wp-json\/wp\/v2\/types\/page"}],"author":[{"embeddable":true,"href":"https:\/\/storahotelletumea.se\/en\/wp-json\/wp\/v2\/users\/1"}],"replies":[{"embeddable":true,"href":"https:\/\/storahotelletumea.se\/en\/wp-json\/wp\/v2\/comments?post=518"}],"version-history":[{"count":10,"href":"https:\/\/storahotelletumea.se\/en\/wp-json\/wp\/v2\/pages\/518\/revisions"}],"predecessor-version":[{"id":686,"href":"https:\/\/storahotelletumea.se\/en\/wp-json\/wp\/v2\/pages\/518\/revisions\/686"}],"wp:attachment":[{"href":"https:\/\/storahotelletumea.se\/en\/wp-json\/wp\/v2\/media?parent=518"}],"curies":[{"name":"wp","href":"https:\/\/api.w.org\/{rel}","templated":true}]}}