{"id":520,"date":"2021-11-04T13:49:46","date_gmt":"2021-11-04T13:49:46","guid":{"rendered":"https:\/\/storahotelletumea.se\/the-restaurant-gotthards-krog\/chambree-separee\/"},"modified":"2021-11-04T13:49:46","modified_gmt":"2021-11-04T13:49:46","slug":"chambree-separee","status":"publish","type":"page","link":"https:\/\/storahotelletumea.se\/en\/the-restaurant-gotthards-krog\/chambree-separee\/","title":{"rendered":"Chambree S\u00e9par\u00e9e"},"content":{"rendered":"\n<figure class=\"wp-block-image size-large\"><img loading=\"lazy\" decoding=\"async\" width=\"1024\" height=\"683\" src=\"https:\/\/storahotelletumea.se\/app\/uploads\/2021\/07\/image_10-1024x683.jpeg\" alt=\"\" class=\"wp-image-133\" srcset=\"https:\/\/storahotelletumea.se\/app\/uploads\/2021\/07\/image_10-1024x683.jpeg 1024w, https:\/\/storahotelletumea.se\/app\/uploads\/2021\/07\/image_10-300x200.jpeg 300w, https:\/\/storahotelletumea.se\/app\/uploads\/2021\/07\/image_10-768x512.jpeg 768w, https:\/\/storahotelletumea.se\/app\/uploads\/2021\/07\/image_10-1440x960.jpeg 1440w, https:\/\/storahotelletumea.se\/app\/uploads\/2021\/07\/image_10-640x427.jpeg 640w, https:\/\/storahotelletumea.se\/app\/uploads\/2021\/07\/image_10.jpeg 1477w\" sizes=\"auto, (max-width: 1024px) 100vw, 1024px\" \/><\/figure>\n\n<p>Giisa is our hidden treasure. A Chambree S\u00e9par\u00e9e offering upscale dining and drinking experiences for parties up to 12 guests.<\/p>\n\n<p>In Giisa we offer a culinary experience beyond the ordinary together with a selection of our finest wines and spirits. Menus are composed based on inquiry and differs with each individual occasion. The experience includes a designated host \/ hostess and pre-dinner mingle with ap\u00e9ritif &amp; appertizers in the beautiful N\u00e6z\u00e9ns library, next to Giisa.<\/p>\n\n<p><a href=\"mailto:info@gotthardskrog.se\"><u>Please contact us<\/u><\/a> for requests and detailed information.<\/p>\n\n<p>Giisa can be booked upon request for parties of minimum 8 guests \/ maximum 12 guests.<\/p>\n","protected":false},"excerpt":{"rendered":"<p>Giisa is our hidden treasure. A Chambree S\u00e9par\u00e9e offering upscale dining and drinking experiences for parties up to 12 guests. In Giisa we offer a culinary experience beyond the ordinary together with a selection of our finest wines and spirits. Menus are composed based on inquiry and differs with each individual occasion. The experience includes [&hellip;]<\/p>\n","protected":false},"author":1,"featured_media":0,"parent":518,"menu_order":0,"comment_status":"closed","ping_status":"closed","template":"","meta":{"footnotes":""},"class_list":["post-520","page","type-page","status-publish","hentry"],"acf":[],"yoast_head":"<!-- This site is optimized with the Yoast SEO plugin v23.1 - https:\/\/yoast.com\/wordpress\/plugins\/seo\/ -->\n<title>Chambree S\u00e9par\u00e9e - Stora hotellet Ume\u00e5<\/title>\n<meta name=\"robots\" content=\"index, follow, max-snippet:-1, max-image-preview:large, max-video-preview:-1\" \/>\n<link rel=\"canonical\" href=\"https:\/\/storahotelletumea.se\/en\/the-restaurant-gotthards-krog\/chambree-separee\/\" \/>\n<meta property=\"og:locale\" content=\"en_US\" \/>\n<meta property=\"og:type\" content=\"article\" \/>\n<meta property=\"og:title\" content=\"Chambree S\u00e9par\u00e9e - Stora hotellet Ume\u00e5\" \/>\n<meta property=\"og:description\" content=\"Giisa is our hidden treasure. A Chambree S\u00e9par\u00e9e offering upscale dining and drinking experiences for parties up to 12 guests. In Giisa we offer a culinary experience beyond the ordinary together with a selection of our finest wines and spirits. Menus are composed based on inquiry and differs with each individual occasion. The experience includes [&hellip;]\" \/>\n<meta property=\"og:url\" content=\"https:\/\/storahotelletumea.se\/en\/the-restaurant-gotthards-krog\/chambree-separee\/\" \/>\n<meta property=\"og:site_name\" content=\"Stora hotellet Ume\u00e5\" \/>\n<meta property=\"og:image\" content=\"https:\/\/storahotelletumea.se\/app\/uploads\/2021\/07\/image_10-1024x683.jpeg\" \/>\n<meta name=\"twitter:card\" content=\"summary_large_image\" \/>\n<script type=\"application\/ld+json\" class=\"yoast-schema-graph\">{\"@context\":\"https:\/\/schema.org\",\"@graph\":[{\"@type\":\"WebPage\",\"@id\":\"https:\/\/storahotelletumea.se\/en\/the-restaurant-gotthards-krog\/chambree-separee\/\",\"url\":\"https:\/\/storahotelletumea.se\/en\/the-restaurant-gotthards-krog\/chambree-separee\/\",\"name\":\"Chambree S\u00e9par\u00e9e - Stora hotellet Ume\u00e5\",\"isPartOf\":{\"@id\":\"https:\/\/storahotelletumea.se\/en\/#website\"},\"primaryImageOfPage\":{\"@id\":\"https:\/\/storahotelletumea.se\/en\/the-restaurant-gotthards-krog\/chambree-separee\/#primaryimage\"},\"image\":{\"@id\":\"https:\/\/storahotelletumea.se\/en\/the-restaurant-gotthards-krog\/chambree-separee\/#primaryimage\"},\"thumbnailUrl\":\"https:\/\/storahotelletumea.se\/app\/uploads\/2021\/07\/image_10-1024x683.jpeg\",\"datePublished\":\"2021-11-04T13:49:46+00:00\",\"dateModified\":\"2021-11-04T13:49:46+00:00\",\"breadcrumb\":{\"@id\":\"https:\/\/storahotelletumea.se\/en\/the-restaurant-gotthards-krog\/chambree-separee\/#breadcrumb\"},\"inLanguage\":\"en-US\",\"potentialAction\":[{\"@type\":\"ReadAction\",\"target\":[\"https:\/\/storahotelletumea.se\/en\/the-restaurant-gotthards-krog\/chambree-separee\/\"]}]},{\"@type\":\"ImageObject\",\"inLanguage\":\"en-US\",\"@id\":\"https:\/\/storahotelletumea.se\/en\/the-restaurant-gotthards-krog\/chambree-separee\/#primaryimage\",\"url\":\"https:\/\/storahotelletumea.se\/app\/uploads\/2021\/07\/image_10-1024x683.jpeg\",\"contentUrl\":\"https:\/\/storahotelletumea.se\/app\/uploads\/2021\/07\/image_10-1024x683.jpeg\"},{\"@type\":\"BreadcrumbList\",\"@id\":\"https:\/\/storahotelletumea.se\/en\/the-restaurant-gotthards-krog\/chambree-separee\/#breadcrumb\",\"itemListElement\":[{\"@type\":\"ListItem\",\"position\":1,\"name\":\"Home\",\"item\":\"https:\/\/storahotelletumea.se\/en\/\"},{\"@type\":\"ListItem\",\"position\":2,\"name\":\"The Restaurant Gotthard\u2019s Krog\",\"item\":\"https:\/\/storahotelletumea.se\/en\/the-restaurant-gotthards-krog\/\"},{\"@type\":\"ListItem\",\"position\":3,\"name\":\"Chambree S\u00e9par\u00e9e\"}]},{\"@type\":\"WebSite\",\"@id\":\"https:\/\/storahotelletumea.se\/en\/#website\",\"url\":\"https:\/\/storahotelletumea.se\/en\/\",\"name\":\"Stora hotellet Ume\u00e5\",\"description\":\"Ume\u00e5s klassiska hotell i saltst\u00e4nkt festskrud\",\"potentialAction\":[{\"@type\":\"SearchAction\",\"target\":{\"@type\":\"EntryPoint\",\"urlTemplate\":\"https:\/\/storahotelletumea.se\/en\/?s={search_term_string}\"},\"query-input\":\"required name=search_term_string\"}],\"inLanguage\":\"en-US\"}]}<\/script>\n<!-- \/ Yoast SEO plugin. -->","yoast_head_json":{"title":"Chambree S\u00e9par\u00e9e - Stora hotellet Ume\u00e5","robots":{"index":"index","follow":"follow","max-snippet":"max-snippet:-1","max-image-preview":"max-image-preview:large","max-video-preview":"max-video-preview:-1"},"canonical":"https:\/\/storahotelletumea.se\/en\/the-restaurant-gotthards-krog\/chambree-separee\/","og_locale":"en_US","og_type":"article","og_title":"Chambree S\u00e9par\u00e9e - Stora hotellet Ume\u00e5","og_description":"Giisa is our hidden treasure. A Chambree S\u00e9par\u00e9e offering upscale dining and drinking experiences for parties up to 12 guests. In Giisa we offer a culinary experience beyond the ordinary together with a selection of our finest wines and spirits. Menus are composed based on inquiry and differs with each individual occasion. The experience includes [&hellip;]","og_url":"https:\/\/storahotelletumea.se\/en\/the-restaurant-gotthards-krog\/chambree-separee\/","og_site_name":"Stora hotellet Ume\u00e5","og_image":[{"url":"https:\/\/storahotelletumea.se\/app\/uploads\/2021\/07\/image_10-1024x683.jpeg"}],"twitter_card":"summary_large_image","schema":{"@context":"https:\/\/schema.org","@graph":[{"@type":"WebPage","@id":"https:\/\/storahotelletumea.se\/en\/the-restaurant-gotthards-krog\/chambree-separee\/","url":"https:\/\/storahotelletumea.se\/en\/the-restaurant-gotthards-krog\/chambree-separee\/","name":"Chambree S\u00e9par\u00e9e - Stora hotellet Ume\u00e5","isPartOf":{"@id":"https:\/\/storahotelletumea.se\/en\/#website"},"primaryImageOfPage":{"@id":"https:\/\/storahotelletumea.se\/en\/the-restaurant-gotthards-krog\/chambree-separee\/#primaryimage"},"image":{"@id":"https:\/\/storahotelletumea.se\/en\/the-restaurant-gotthards-krog\/chambree-separee\/#primaryimage"},"thumbnailUrl":"https:\/\/storahotelletumea.se\/app\/uploads\/2021\/07\/image_10-1024x683.jpeg","datePublished":"2021-11-04T13:49:46+00:00","dateModified":"2021-11-04T13:49:46+00:00","breadcrumb":{"@id":"https:\/\/storahotelletumea.se\/en\/the-restaurant-gotthards-krog\/chambree-separee\/#breadcrumb"},"inLanguage":"en-US","potentialAction":[{"@type":"ReadAction","target":["https:\/\/storahotelletumea.se\/en\/the-restaurant-gotthards-krog\/chambree-separee\/"]}]},{"@type":"ImageObject","inLanguage":"en-US","@id":"https:\/\/storahotelletumea.se\/en\/the-restaurant-gotthards-krog\/chambree-separee\/#primaryimage","url":"https:\/\/storahotelletumea.se\/app\/uploads\/2021\/07\/image_10-1024x683.jpeg","contentUrl":"https:\/\/storahotelletumea.se\/app\/uploads\/2021\/07\/image_10-1024x683.jpeg"},{"@type":"BreadcrumbList","@id":"https:\/\/storahotelletumea.se\/en\/the-restaurant-gotthards-krog\/chambree-separee\/#breadcrumb","itemListElement":[{"@type":"ListItem","position":1,"name":"Home","item":"https:\/\/storahotelletumea.se\/en\/"},{"@type":"ListItem","position":2,"name":"The Restaurant Gotthard\u2019s Krog","item":"https:\/\/storahotelletumea.se\/en\/the-restaurant-gotthards-krog\/"},{"@type":"ListItem","position":3,"name":"Chambree S\u00e9par\u00e9e"}]},{"@type":"WebSite","@id":"https:\/\/storahotelletumea.se\/en\/#website","url":"https:\/\/storahotelletumea.se\/en\/","name":"Stora hotellet Ume\u00e5","description":"Ume\u00e5s klassiska hotell i saltst\u00e4nkt festskrud","potentialAction":[{"@type":"SearchAction","target":{"@type":"EntryPoint","urlTemplate":"https:\/\/storahotelletumea.se\/en\/?s={search_term_string}"},"query-input":"required name=search_term_string"}],"inLanguage":"en-US"}]}},"_links":{"self":[{"href":"https:\/\/storahotelletumea.se\/en\/wp-json\/wp\/v2\/pages\/520","targetHints":{"allow":["GET"]}}],"collection":[{"href":"https:\/\/storahotelletumea.se\/en\/wp-json\/wp\/v2\/pages"}],"about":[{"href":"https:\/\/storahotelletumea.se\/en\/wp-json\/wp\/v2\/types\/page"}],"author":[{"embeddable":true,"href":"https:\/\/storahotelletumea.se\/en\/wp-json\/wp\/v2\/users\/1"}],"replies":[{"embeddable":true,"href":"https:\/\/storahotelletumea.se\/en\/wp-json\/wp\/v2\/comments?post=520"}],"version-history":[{"count":1,"href":"https:\/\/storahotelletumea.se\/en\/wp-json\/wp\/v2\/pages\/520\/revisions"}],"predecessor-version":[{"id":521,"href":"https:\/\/storahotelletumea.se\/en\/wp-json\/wp\/v2\/pages\/520\/revisions\/521"}],"up":[{"embeddable":true,"href":"https:\/\/storahotelletumea.se\/en\/wp-json\/wp\/v2\/pages\/518"}],"wp:attachment":[{"href":"https:\/\/storahotelletumea.se\/en\/wp-json\/wp\/v2\/media?parent=520"}],"curies":[{"name":"wp","href":"https:\/\/api.w.org\/{rel}","templated":true}]}}