{"id":522,"date":"2021-11-04T14:00:57","date_gmt":"2021-11-04T14:00:57","guid":{"rendered":"https:\/\/storahotelletumea.se\/the-restaurant-gotthards-krog\/breakfast\/"},"modified":"2024-06-04T09:47:14","modified_gmt":"2024-06-04T07:47:14","slug":"breakfast","status":"publish","type":"page","link":"https:\/\/storahotelletumea.se\/en\/the-restaurant-gotthards-krog\/breakfast\/","title":{"rendered":"Breakfast"},"content":{"rendered":"\n<figure class=\"wp-block-image size-large\"><img loading=\"lazy\" decoding=\"async\" width=\"860\" height=\"573\" src=\"https:\/\/storahotelletumea.se\/app\/uploads\/2021\/09\/tea.jpeg\" alt=\"\" class=\"wp-image-315\" srcset=\"https:\/\/storahotelletumea.se\/app\/uploads\/2021\/09\/tea.jpeg 860w, https:\/\/storahotelletumea.se\/app\/uploads\/2021\/09\/tea-300x200.jpeg 300w, https:\/\/storahotelletumea.se\/app\/uploads\/2021\/09\/tea-768x512.jpeg 768w, https:\/\/storahotelletumea.se\/app\/uploads\/2021\/09\/tea-640x426.jpeg 640w\" sizes=\"auto, (max-width: 860px) 100vw, 860px\" \/><\/figure>\n\n\n\n<p>The hotel&#8217;s popular and luxurious breakfast is served in the continental indoor square located on the ground floor of the hotel. We present a breakfast made up of a selection of high quality local produce served fresh on a daily basis.<\/p>\n\n\n\n<p>This includes freshly baked bread, sweets and muesli from neighbouring artisanal bakery Kulturbageriet, charcuteries from the Hansen family and local dairy products and juices.<\/p>\n\n\n\n<p>Don\u2019t hesitate to ask our staff on the specifics of our breakfast. We&#8217;re happy to help out.<\/p>\n\n\n\n<p>. . . . . . . .&nbsp;. . . . . . . .&nbsp;. . . . . . . .&nbsp;. . . . . . . .&nbsp;. . . . . .&nbsp;<\/p>\n\n\n\n<p><strong>Breakfast is served:<\/strong><br>Weekdays 06.30-10.00 a.m.<\/p>\n\n\n\n<p>Weekends 07.00-10.30 a.m.<\/p>\n\n\n\n<p class=\"is-style-default\"> <\/p>\n\n\n\n<p><strong>Summer breakfast:<\/strong><br>July 1- August 11, 07.00-10.30 a.m.<\/p>\n\n\n\n<p><\/p>\n\n\n\n<p>. . . . . . . .&nbsp;. . . . . . . .&nbsp;. . . . . . . .&nbsp;. . . . . . . .&nbsp;. . . . . .&nbsp;<\/p>\n\n\n\n<p><\/p>\n\n\n\n<p><em>Tip! Drop-in is subject to availability \u2013 Weekdays usually a window of opportunity until 9:00 a.m and weekends top tip would be drop-in at 08.30 a.m.<\/em><\/p>\n","protected":false},"excerpt":{"rendered":"<p>The hotel&#8217;s popular and luxurious breakfast is served in the continental indoor square located on the ground floor of the hotel. We present a breakfast made up of a selection of high quality local produce served fresh on a daily basis. This includes freshly baked bread, sweets and muesli from neighbouring artisanal bakery Kulturbageriet, charcuteries [&hellip;]<\/p>\n","protected":false},"author":1,"featured_media":0,"parent":518,"menu_order":0,"comment_status":"closed","ping_status":"closed","template":"","meta":{"footnotes":""},"class_list":["post-522","page","type-page","status-publish","hentry"],"acf":[],"yoast_head":"<!-- This site is optimized with the Yoast SEO plugin v23.1 - https:\/\/yoast.com\/wordpress\/plugins\/seo\/ -->\n<title>Breakfast - Stora hotellet Ume\u00e5<\/title>\n<meta name=\"robots\" content=\"index, follow, max-snippet:-1, max-image-preview:large, max-video-preview:-1\" \/>\n<link rel=\"canonical\" href=\"https:\/\/storahotelletumea.se\/en\/the-restaurant-gotthards-krog\/breakfast\/\" \/>\n<meta property=\"og:locale\" content=\"en_US\" \/>\n<meta property=\"og:type\" content=\"article\" \/>\n<meta property=\"og:title\" content=\"Breakfast - Stora hotellet Ume\u00e5\" \/>\n<meta property=\"og:description\" content=\"The hotel&#8217;s popular and luxurious breakfast is served in the continental indoor square located on the ground floor of the hotel. We present a breakfast made up of a selection of high quality local produce served fresh on a daily basis. This includes freshly baked bread, sweets and muesli from neighbouring artisanal bakery Kulturbageriet, charcuteries [&hellip;]\" \/>\n<meta property=\"og:url\" content=\"https:\/\/storahotelletumea.se\/en\/the-restaurant-gotthards-krog\/breakfast\/\" \/>\n<meta property=\"og:site_name\" content=\"Stora hotellet Ume\u00e5\" \/>\n<meta property=\"article:modified_time\" content=\"2024-06-04T07:47:14+00:00\" \/>\n<meta property=\"og:image\" content=\"https:\/\/storahotelletumea.se\/app\/uploads\/2021\/09\/tea.jpeg\" \/>\n<meta name=\"twitter:card\" content=\"summary_large_image\" \/>\n<meta name=\"twitter:label1\" content=\"Est. reading time\" \/>\n\t<meta name=\"twitter:data1\" content=\"1 minute\" \/>\n<script type=\"application\/ld+json\" class=\"yoast-schema-graph\">{\"@context\":\"https:\/\/schema.org\",\"@graph\":[{\"@type\":\"WebPage\",\"@id\":\"https:\/\/storahotelletumea.se\/en\/the-restaurant-gotthards-krog\/breakfast\/\",\"url\":\"https:\/\/storahotelletumea.se\/en\/the-restaurant-gotthards-krog\/breakfast\/\",\"name\":\"Breakfast - Stora hotellet Ume\u00e5\",\"isPartOf\":{\"@id\":\"https:\/\/storahotelletumea.se\/en\/#website\"},\"primaryImageOfPage\":{\"@id\":\"https:\/\/storahotelletumea.se\/en\/the-restaurant-gotthards-krog\/breakfast\/#primaryimage\"},\"image\":{\"@id\":\"https:\/\/storahotelletumea.se\/en\/the-restaurant-gotthards-krog\/breakfast\/#primaryimage\"},\"thumbnailUrl\":\"https:\/\/storahotelletumea.se\/app\/uploads\/2021\/09\/tea.jpeg\",\"datePublished\":\"2021-11-04T14:00:57+00:00\",\"dateModified\":\"2024-06-04T07:47:14+00:00\",\"breadcrumb\":{\"@id\":\"https:\/\/storahotelletumea.se\/en\/the-restaurant-gotthards-krog\/breakfast\/#breadcrumb\"},\"inLanguage\":\"en-US\",\"potentialAction\":[{\"@type\":\"ReadAction\",\"target\":[\"https:\/\/storahotelletumea.se\/en\/the-restaurant-gotthards-krog\/breakfast\/\"]}]},{\"@type\":\"ImageObject\",\"inLanguage\":\"en-US\",\"@id\":\"https:\/\/storahotelletumea.se\/en\/the-restaurant-gotthards-krog\/breakfast\/#primaryimage\",\"url\":\"https:\/\/storahotelletumea.se\/app\/uploads\/2021\/09\/tea.jpeg\",\"contentUrl\":\"https:\/\/storahotelletumea.se\/app\/uploads\/2021\/09\/tea.jpeg\"},{\"@type\":\"BreadcrumbList\",\"@id\":\"https:\/\/storahotelletumea.se\/en\/the-restaurant-gotthards-krog\/breakfast\/#breadcrumb\",\"itemListElement\":[{\"@type\":\"ListItem\",\"position\":1,\"name\":\"Home\",\"item\":\"https:\/\/storahotelletumea.se\/en\/\"},{\"@type\":\"ListItem\",\"position\":2,\"name\":\"The Restaurant Gotthard\u2019s Krog\",\"item\":\"https:\/\/storahotelletumea.se\/en\/the-restaurant-gotthards-krog\/\"},{\"@type\":\"ListItem\",\"position\":3,\"name\":\"Breakfast\"}]},{\"@type\":\"WebSite\",\"@id\":\"https:\/\/storahotelletumea.se\/en\/#website\",\"url\":\"https:\/\/storahotelletumea.se\/en\/\",\"name\":\"Stora hotellet Ume\u00e5\",\"description\":\"Ume\u00e5s klassiska hotell i saltst\u00e4nkt festskrud\",\"potentialAction\":[{\"@type\":\"SearchAction\",\"target\":{\"@type\":\"EntryPoint\",\"urlTemplate\":\"https:\/\/storahotelletumea.se\/en\/?s={search_term_string}\"},\"query-input\":\"required name=search_term_string\"}],\"inLanguage\":\"en-US\"}]}<\/script>\n<!-- \/ Yoast SEO plugin. -->","yoast_head_json":{"title":"Breakfast - Stora hotellet Ume\u00e5","robots":{"index":"index","follow":"follow","max-snippet":"max-snippet:-1","max-image-preview":"max-image-preview:large","max-video-preview":"max-video-preview:-1"},"canonical":"https:\/\/storahotelletumea.se\/en\/the-restaurant-gotthards-krog\/breakfast\/","og_locale":"en_US","og_type":"article","og_title":"Breakfast - Stora hotellet Ume\u00e5","og_description":"The hotel&#8217;s popular and luxurious breakfast is served in the continental indoor square located on the ground floor of the hotel. We present a breakfast made up of a selection of high quality local produce served fresh on a daily basis. This includes freshly baked bread, sweets and muesli from neighbouring artisanal bakery Kulturbageriet, charcuteries [&hellip;]","og_url":"https:\/\/storahotelletumea.se\/en\/the-restaurant-gotthards-krog\/breakfast\/","og_site_name":"Stora hotellet Ume\u00e5","article_modified_time":"2024-06-04T07:47:14+00:00","og_image":[{"url":"https:\/\/storahotelletumea.se\/app\/uploads\/2021\/09\/tea.jpeg"}],"twitter_card":"summary_large_image","twitter_misc":{"Est. reading time":"1 minute"},"schema":{"@context":"https:\/\/schema.org","@graph":[{"@type":"WebPage","@id":"https:\/\/storahotelletumea.se\/en\/the-restaurant-gotthards-krog\/breakfast\/","url":"https:\/\/storahotelletumea.se\/en\/the-restaurant-gotthards-krog\/breakfast\/","name":"Breakfast - Stora hotellet Ume\u00e5","isPartOf":{"@id":"https:\/\/storahotelletumea.se\/en\/#website"},"primaryImageOfPage":{"@id":"https:\/\/storahotelletumea.se\/en\/the-restaurant-gotthards-krog\/breakfast\/#primaryimage"},"image":{"@id":"https:\/\/storahotelletumea.se\/en\/the-restaurant-gotthards-krog\/breakfast\/#primaryimage"},"thumbnailUrl":"https:\/\/storahotelletumea.se\/app\/uploads\/2021\/09\/tea.jpeg","datePublished":"2021-11-04T14:00:57+00:00","dateModified":"2024-06-04T07:47:14+00:00","breadcrumb":{"@id":"https:\/\/storahotelletumea.se\/en\/the-restaurant-gotthards-krog\/breakfast\/#breadcrumb"},"inLanguage":"en-US","potentialAction":[{"@type":"ReadAction","target":["https:\/\/storahotelletumea.se\/en\/the-restaurant-gotthards-krog\/breakfast\/"]}]},{"@type":"ImageObject","inLanguage":"en-US","@id":"https:\/\/storahotelletumea.se\/en\/the-restaurant-gotthards-krog\/breakfast\/#primaryimage","url":"https:\/\/storahotelletumea.se\/app\/uploads\/2021\/09\/tea.jpeg","contentUrl":"https:\/\/storahotelletumea.se\/app\/uploads\/2021\/09\/tea.jpeg"},{"@type":"BreadcrumbList","@id":"https:\/\/storahotelletumea.se\/en\/the-restaurant-gotthards-krog\/breakfast\/#breadcrumb","itemListElement":[{"@type":"ListItem","position":1,"name":"Home","item":"https:\/\/storahotelletumea.se\/en\/"},{"@type":"ListItem","position":2,"name":"The Restaurant Gotthard\u2019s Krog","item":"https:\/\/storahotelletumea.se\/en\/the-restaurant-gotthards-krog\/"},{"@type":"ListItem","position":3,"name":"Breakfast"}]},{"@type":"WebSite","@id":"https:\/\/storahotelletumea.se\/en\/#website","url":"https:\/\/storahotelletumea.se\/en\/","name":"Stora hotellet Ume\u00e5","description":"Ume\u00e5s klassiska hotell i saltst\u00e4nkt festskrud","potentialAction":[{"@type":"SearchAction","target":{"@type":"EntryPoint","urlTemplate":"https:\/\/storahotelletumea.se\/en\/?s={search_term_string}"},"query-input":"required name=search_term_string"}],"inLanguage":"en-US"}]}},"_links":{"self":[{"href":"https:\/\/storahotelletumea.se\/en\/wp-json\/wp\/v2\/pages\/522","targetHints":{"allow":["GET"]}}],"collection":[{"href":"https:\/\/storahotelletumea.se\/en\/wp-json\/wp\/v2\/pages"}],"about":[{"href":"https:\/\/storahotelletumea.se\/en\/wp-json\/wp\/v2\/types\/page"}],"author":[{"embeddable":true,"href":"https:\/\/storahotelletumea.se\/en\/wp-json\/wp\/v2\/users\/1"}],"replies":[{"embeddable":true,"href":"https:\/\/storahotelletumea.se\/en\/wp-json\/wp\/v2\/comments?post=522"}],"version-history":[{"count":13,"href":"https:\/\/storahotelletumea.se\/en\/wp-json\/wp\/v2\/pages\/522\/revisions"}],"predecessor-version":[{"id":1860,"href":"https:\/\/storahotelletumea.se\/en\/wp-json\/wp\/v2\/pages\/522\/revisions\/1860"}],"up":[{"embeddable":true,"href":"https:\/\/storahotelletumea.se\/en\/wp-json\/wp\/v2\/pages\/518"}],"wp:attachment":[{"href":"https:\/\/storahotelletumea.se\/en\/wp-json\/wp\/v2\/media?parent=522"}],"curies":[{"name":"wp","href":"https:\/\/api.w.org\/{rel}","templated":true}]}}