{"id":527,"date":"2021-11-04T14:10:08","date_gmt":"2021-11-04T14:10:08","guid":{"rendered":"https:\/\/storahotelletumea.se\/the-restaurant-gotthards-krog\/hotel-cocktailbar\/"},"modified":"2021-11-04T14:10:23","modified_gmt":"2021-11-04T14:10:23","slug":"hotel-cocktailbar","status":"publish","type":"page","link":"https:\/\/storahotelletumea.se\/en\/the-restaurant-gotthards-krog\/hotel-cocktailbar\/","title":{"rendered":"Hotel- &amp; Cocktailbar"},"content":{"rendered":"\n<figure class=\"wp-block-image size-large\"><img loading=\"lazy\" decoding=\"async\" width=\"860\" height=\"573\" src=\"https:\/\/storahotelletumea.se\/app\/uploads\/2021\/09\/bartender.jpeg\" alt=\"\" class=\"wp-image-283\" srcset=\"https:\/\/storahotelletumea.se\/app\/uploads\/2021\/09\/bartender.jpeg 860w, https:\/\/storahotelletumea.se\/app\/uploads\/2021\/09\/bartender-300x200.jpeg 300w, https:\/\/storahotelletumea.se\/app\/uploads\/2021\/09\/bartender-768x512.jpeg 768w, https:\/\/storahotelletumea.se\/app\/uploads\/2021\/09\/bartender-640x426.jpeg 640w\" sizes=\"auto, (max-width: 860px) 100vw, 860px\" \/><\/figure>\n\n\n\n<p>Gotthards bar both is and isn\u2019t a classic hotel bar. Classic in the sense that you can expect the same professional service as in any comparable international hotel bar but with the difference that here you\u2019ll also find a delightful mix of genuine Ume\u00e5 residents and visiting guests seven days a week.<\/p>\n\n\n\n<p>Enjoy impeccable classic cocktails, wines by the bottle and glass, beers from local brewers and well known brands and a bar menu available from early afternoon to late in the evening. During regular hours you can of course choose to have your meal in the bar. Yes, it\u2019s very nice to be here.<\/p>\n","protected":false},"excerpt":{"rendered":"<p>Gotthards bar both is and isn\u2019t a classic hotel bar. Classic in the sense that you can expect the same professional service as in any comparable international hotel bar but with the difference that here you\u2019ll also find a delightful mix of genuine Ume\u00e5 residents and visiting guests seven days a week. Enjoy impeccable classic [&hellip;]<\/p>\n","protected":false},"author":1,"featured_media":0,"parent":518,"menu_order":0,"comment_status":"closed","ping_status":"closed","template":"","meta":{"footnotes":""},"class_list":["post-527","page","type-page","status-publish","hentry"],"acf":[],"yoast_head":"<!-- This site is optimized with the Yoast SEO plugin v23.1 - https:\/\/yoast.com\/wordpress\/plugins\/seo\/ -->\n<title>Hotel- &amp; Cocktailbar - Stora hotellet Ume\u00e5<\/title>\n<meta name=\"robots\" content=\"index, follow, max-snippet:-1, max-image-preview:large, max-video-preview:-1\" \/>\n<link rel=\"canonical\" href=\"https:\/\/storahotelletumea.se\/en\/the-restaurant-gotthards-krog\/hotel-cocktailbar\/\" \/>\n<meta property=\"og:locale\" content=\"en_US\" \/>\n<meta property=\"og:type\" content=\"article\" \/>\n<meta property=\"og:title\" content=\"Hotel- &amp; Cocktailbar - Stora hotellet Ume\u00e5\" \/>\n<meta property=\"og:description\" content=\"Gotthards bar both is and isn\u2019t a classic hotel bar. Classic in the sense that you can expect the same professional service as in any comparable international hotel bar but with the difference that here you\u2019ll also find a delightful mix of genuine Ume\u00e5 residents and visiting guests seven days a week. Enjoy impeccable classic [&hellip;]\" \/>\n<meta property=\"og:url\" content=\"https:\/\/storahotelletumea.se\/en\/the-restaurant-gotthards-krog\/hotel-cocktailbar\/\" \/>\n<meta property=\"og:site_name\" content=\"Stora hotellet Ume\u00e5\" \/>\n<meta property=\"article:modified_time\" content=\"2021-11-04T14:10:23+00:00\" \/>\n<meta property=\"og:image\" content=\"https:\/\/storahotelletumea.se\/app\/uploads\/2021\/09\/bartender.jpeg\" \/>\n<meta name=\"twitter:card\" content=\"summary_large_image\" \/>\n<meta name=\"twitter:label1\" content=\"Est. reading time\" \/>\n\t<meta name=\"twitter:data1\" content=\"1 minute\" \/>\n<script type=\"application\/ld+json\" class=\"yoast-schema-graph\">{\"@context\":\"https:\/\/schema.org\",\"@graph\":[{\"@type\":\"WebPage\",\"@id\":\"https:\/\/storahotelletumea.se\/en\/the-restaurant-gotthards-krog\/hotel-cocktailbar\/\",\"url\":\"https:\/\/storahotelletumea.se\/en\/the-restaurant-gotthards-krog\/hotel-cocktailbar\/\",\"name\":\"Hotel- &amp; Cocktailbar - Stora hotellet Ume\u00e5\",\"isPartOf\":{\"@id\":\"https:\/\/storahotelletumea.se\/en\/#website\"},\"primaryImageOfPage\":{\"@id\":\"https:\/\/storahotelletumea.se\/en\/the-restaurant-gotthards-krog\/hotel-cocktailbar\/#primaryimage\"},\"image\":{\"@id\":\"https:\/\/storahotelletumea.se\/en\/the-restaurant-gotthards-krog\/hotel-cocktailbar\/#primaryimage\"},\"thumbnailUrl\":\"https:\/\/storahotelletumea.se\/app\/uploads\/2021\/09\/bartender.jpeg\",\"datePublished\":\"2021-11-04T14:10:08+00:00\",\"dateModified\":\"2021-11-04T14:10:23+00:00\",\"breadcrumb\":{\"@id\":\"https:\/\/storahotelletumea.se\/en\/the-restaurant-gotthards-krog\/hotel-cocktailbar\/#breadcrumb\"},\"inLanguage\":\"en-US\",\"potentialAction\":[{\"@type\":\"ReadAction\",\"target\":[\"https:\/\/storahotelletumea.se\/en\/the-restaurant-gotthards-krog\/hotel-cocktailbar\/\"]}]},{\"@type\":\"ImageObject\",\"inLanguage\":\"en-US\",\"@id\":\"https:\/\/storahotelletumea.se\/en\/the-restaurant-gotthards-krog\/hotel-cocktailbar\/#primaryimage\",\"url\":\"https:\/\/storahotelletumea.se\/app\/uploads\/2021\/09\/bartender.jpeg\",\"contentUrl\":\"https:\/\/storahotelletumea.se\/app\/uploads\/2021\/09\/bartender.jpeg\"},{\"@type\":\"BreadcrumbList\",\"@id\":\"https:\/\/storahotelletumea.se\/en\/the-restaurant-gotthards-krog\/hotel-cocktailbar\/#breadcrumb\",\"itemListElement\":[{\"@type\":\"ListItem\",\"position\":1,\"name\":\"Home\",\"item\":\"https:\/\/storahotelletumea.se\/en\/\"},{\"@type\":\"ListItem\",\"position\":2,\"name\":\"The Restaurant Gotthard\u2019s Krog\",\"item\":\"https:\/\/storahotelletumea.se\/en\/the-restaurant-gotthards-krog\/\"},{\"@type\":\"ListItem\",\"position\":3,\"name\":\"Hotel- &amp; Cocktailbar\"}]},{\"@type\":\"WebSite\",\"@id\":\"https:\/\/storahotelletumea.se\/en\/#website\",\"url\":\"https:\/\/storahotelletumea.se\/en\/\",\"name\":\"Stora hotellet Ume\u00e5\",\"description\":\"Ume\u00e5s klassiska hotell i saltst\u00e4nkt festskrud\",\"potentialAction\":[{\"@type\":\"SearchAction\",\"target\":{\"@type\":\"EntryPoint\",\"urlTemplate\":\"https:\/\/storahotelletumea.se\/en\/?s={search_term_string}\"},\"query-input\":\"required name=search_term_string\"}],\"inLanguage\":\"en-US\"}]}<\/script>\n<!-- \/ Yoast SEO plugin. -->","yoast_head_json":{"title":"Hotel- &amp; Cocktailbar - Stora hotellet Ume\u00e5","robots":{"index":"index","follow":"follow","max-snippet":"max-snippet:-1","max-image-preview":"max-image-preview:large","max-video-preview":"max-video-preview:-1"},"canonical":"https:\/\/storahotelletumea.se\/en\/the-restaurant-gotthards-krog\/hotel-cocktailbar\/","og_locale":"en_US","og_type":"article","og_title":"Hotel- &amp; Cocktailbar - Stora hotellet Ume\u00e5","og_description":"Gotthards bar both is and isn\u2019t a classic hotel bar. Classic in the sense that you can expect the same professional service as in any comparable international hotel bar but with the difference that here you\u2019ll also find a delightful mix of genuine Ume\u00e5 residents and visiting guests seven days a week. Enjoy impeccable classic [&hellip;]","og_url":"https:\/\/storahotelletumea.se\/en\/the-restaurant-gotthards-krog\/hotel-cocktailbar\/","og_site_name":"Stora hotellet Ume\u00e5","article_modified_time":"2021-11-04T14:10:23+00:00","og_image":[{"url":"https:\/\/storahotelletumea.se\/app\/uploads\/2021\/09\/bartender.jpeg"}],"twitter_card":"summary_large_image","twitter_misc":{"Est. reading time":"1 minute"},"schema":{"@context":"https:\/\/schema.org","@graph":[{"@type":"WebPage","@id":"https:\/\/storahotelletumea.se\/en\/the-restaurant-gotthards-krog\/hotel-cocktailbar\/","url":"https:\/\/storahotelletumea.se\/en\/the-restaurant-gotthards-krog\/hotel-cocktailbar\/","name":"Hotel- &amp; Cocktailbar - Stora hotellet Ume\u00e5","isPartOf":{"@id":"https:\/\/storahotelletumea.se\/en\/#website"},"primaryImageOfPage":{"@id":"https:\/\/storahotelletumea.se\/en\/the-restaurant-gotthards-krog\/hotel-cocktailbar\/#primaryimage"},"image":{"@id":"https:\/\/storahotelletumea.se\/en\/the-restaurant-gotthards-krog\/hotel-cocktailbar\/#primaryimage"},"thumbnailUrl":"https:\/\/storahotelletumea.se\/app\/uploads\/2021\/09\/bartender.jpeg","datePublished":"2021-11-04T14:10:08+00:00","dateModified":"2021-11-04T14:10:23+00:00","breadcrumb":{"@id":"https:\/\/storahotelletumea.se\/en\/the-restaurant-gotthards-krog\/hotel-cocktailbar\/#breadcrumb"},"inLanguage":"en-US","potentialAction":[{"@type":"ReadAction","target":["https:\/\/storahotelletumea.se\/en\/the-restaurant-gotthards-krog\/hotel-cocktailbar\/"]}]},{"@type":"ImageObject","inLanguage":"en-US","@id":"https:\/\/storahotelletumea.se\/en\/the-restaurant-gotthards-krog\/hotel-cocktailbar\/#primaryimage","url":"https:\/\/storahotelletumea.se\/app\/uploads\/2021\/09\/bartender.jpeg","contentUrl":"https:\/\/storahotelletumea.se\/app\/uploads\/2021\/09\/bartender.jpeg"},{"@type":"BreadcrumbList","@id":"https:\/\/storahotelletumea.se\/en\/the-restaurant-gotthards-krog\/hotel-cocktailbar\/#breadcrumb","itemListElement":[{"@type":"ListItem","position":1,"name":"Home","item":"https:\/\/storahotelletumea.se\/en\/"},{"@type":"ListItem","position":2,"name":"The Restaurant Gotthard\u2019s Krog","item":"https:\/\/storahotelletumea.se\/en\/the-restaurant-gotthards-krog\/"},{"@type":"ListItem","position":3,"name":"Hotel- &amp; Cocktailbar"}]},{"@type":"WebSite","@id":"https:\/\/storahotelletumea.se\/en\/#website","url":"https:\/\/storahotelletumea.se\/en\/","name":"Stora hotellet Ume\u00e5","description":"Ume\u00e5s klassiska hotell i saltst\u00e4nkt festskrud","potentialAction":[{"@type":"SearchAction","target":{"@type":"EntryPoint","urlTemplate":"https:\/\/storahotelletumea.se\/en\/?s={search_term_string}"},"query-input":"required name=search_term_string"}],"inLanguage":"en-US"}]}},"_links":{"self":[{"href":"https:\/\/storahotelletumea.se\/en\/wp-json\/wp\/v2\/pages\/527","targetHints":{"allow":["GET"]}}],"collection":[{"href":"https:\/\/storahotelletumea.se\/en\/wp-json\/wp\/v2\/pages"}],"about":[{"href":"https:\/\/storahotelletumea.se\/en\/wp-json\/wp\/v2\/types\/page"}],"author":[{"embeddable":true,"href":"https:\/\/storahotelletumea.se\/en\/wp-json\/wp\/v2\/users\/1"}],"replies":[{"embeddable":true,"href":"https:\/\/storahotelletumea.se\/en\/wp-json\/wp\/v2\/comments?post=527"}],"version-history":[{"count":2,"href":"https:\/\/storahotelletumea.se\/en\/wp-json\/wp\/v2\/pages\/527\/revisions"}],"predecessor-version":[{"id":529,"href":"https:\/\/storahotelletumea.se\/en\/wp-json\/wp\/v2\/pages\/527\/revisions\/529"}],"up":[{"embeddable":true,"href":"https:\/\/storahotelletumea.se\/en\/wp-json\/wp\/v2\/pages\/518"}],"wp:attachment":[{"href":"https:\/\/storahotelletumea.se\/en\/wp-json\/wp\/v2\/media?parent=527"}],"curies":[{"name":"wp","href":"https:\/\/api.w.org\/{rel}","templated":true}]}}