{"id":544,"date":"2021-11-04T14:40:19","date_gmt":"2021-11-04T14:40:19","guid":{"rendered":"https:\/\/storahotelletumea.se\/the-restaurant-gotthards-krog\/dinner\/"},"modified":"2025-08-11T14:16:48","modified_gmt":"2025-08-11T12:16:48","slug":"dinner","status":"publish","type":"page","link":"https:\/\/storahotelletumea.se\/en\/the-restaurant-gotthards-krog\/dinner\/","title":{"rendered":"Dinner"},"content":{"rendered":"<div class=\"gallery\">\n    <div data-gallery>\n                <div class=\"gallery__image\">\n            <img loading=\"lazy\" decoding=\"async\" width=\"860\" height=\"573\" src=\"https:\/\/storahotelletumea.se\/app\/uploads\/2021\/09\/champagne.jpeg\" class=\"attachment-shu_gallery size-shu_gallery\" alt=\"Visar en b\u00e4nk med champagne, champagneglas och champagne p\u00e5 kylning.\" srcset=\"https:\/\/storahotelletumea.se\/app\/uploads\/2021\/09\/champagne.jpeg 860w, https:\/\/storahotelletumea.se\/app\/uploads\/2021\/09\/champagne-300x200.jpeg 300w, https:\/\/storahotelletumea.se\/app\/uploads\/2021\/09\/champagne-768x512.jpeg 768w, https:\/\/storahotelletumea.se\/app\/uploads\/2021\/09\/champagne-640x426.jpeg 640w\" sizes=\"auto, (max-width: 860px) 100vw, 860px\" \/>        <\/div>\n                <div class=\"gallery__image\">\n            <img loading=\"lazy\" decoding=\"async\" width=\"860\" height=\"573\" src=\"https:\/\/storahotelletumea.se\/app\/uploads\/2021\/09\/dining.jpeg\" class=\"attachment-shu_gallery size-shu_gallery\" alt=\"Lyxig restaurangmilj\u00f6 med sammetsstolar, upplysta av h\u00e4ngande ljuskronor.\" srcset=\"https:\/\/storahotelletumea.se\/app\/uploads\/2021\/09\/dining.jpeg 860w, https:\/\/storahotelletumea.se\/app\/uploads\/2021\/09\/dining-300x200.jpeg 300w, https:\/\/storahotelletumea.se\/app\/uploads\/2021\/09\/dining-768x512.jpeg 768w, https:\/\/storahotelletumea.se\/app\/uploads\/2021\/09\/dining-640x426.jpeg 640w\" sizes=\"auto, (max-width: 860px) 100vw, 860px\" \/>        <\/div>\n            <\/div>\n<\/div>\n\n\n<p>Enjoy dinner every day of the week. Our menu combines local culinary heritage with delicate inspiration from ports around the world \u2013 an exciting meeting between hotel ballroom and sea adventures in a relaxed yet sumptuous atmosphere. Add an ambitious wine cellar with wines by the glass or bottle, a beer selection including international celebrities and local brewers, an impeccable bar and a spectacular avec cart and you get a place where everyone can feel at home.<\/p>\n\n\n\n<h2 class=\"wp-block-heading\">The Indoor Square &#8211; &#8220;Torget&#8221;<\/h2>\n\n\n\n<p><strong>Monday\u2013Sunday<\/strong><br>The pleasant indoor square has taken upon itself to bring together the best of two worlds. A great quality restaurant experience with enough casual to fit everyone. An a la carte with a streak of rebellion.<\/p>\n\n\n\n<h2 class=\"wp-block-heading\">The Dining Room &#8211; &#8220;Matsalen&#8221;<\/h2>\n\n\n\n<p><strong>For special occasions<\/strong><br>We present an exclusive experience where we\u2019ve taken our creative, sustainable cuisine to the next level. The core of our presentations is, as always, the best quality ingredients whose pure characteristics speak for themselves while accompanied by carefully chosen elements to awaken a spirit of adventure. <\/p>\n\n\n\n<p>On Fridays and Saturdays from September 5 to September 27, you have the opportunity to book <strong>Grown and Harvested<\/strong>!<\/p>\n\n\n\n<p>Together with the Brandt family, we have created a place for sustainable and organic farming \u2013 just 2 km upstream from the restaurant. This season is built almost entirely on what we grow ourselves: from flavorful tomatoes and crisp salads to plump root vegetables and fragrant herbs. Every vegetable has been cultivated and harvested with the utmost care to give you the very best our little plot of land has to offer. The vegetables take center stage, but we complement them with carefully selected animal-based elements that elevate each dish to new heights.<\/p>\n\n\n\n<p>Five courses \u2013 750 SEK<br>Seven courses \u2013 950 SEK<br>Menu selection is made on site.<\/p>\n\n\n\n<p>If you\u2019re interested in booking the dining room please email us at <a href=\"mailto:info@gotthardskrog.se\">info@gotthardskrog.se<\/a><\/p>\n\n\n\n<p><a rel=\"noreferrer noopener\" href=\"https:\/\/app.waiteraid.com\/reservation\/?app_type=bokabord&amp;hash=2a01bfb95e36096aa737b0113ca89278\" target=\"_blank\">Book a table<\/a><br><a href=\"https:\/\/gotthardskrog.se\/en\/\" target=\"_blank\" rel=\"noreferrer noopener\">See menus<\/a><\/p>\n","protected":false},"excerpt":{"rendered":"<p>Enjoy dinner every day of the week. Our menu combines local culinary heritage with delicate inspiration from ports around the world \u2013 an exciting meeting between hotel ballroom and sea adventures in a relaxed yet sumptuous atmosphere. Add an ambitious wine cellar with wines by the glass or bottle, a beer selection including international celebrities [&hellip;]<\/p>\n","protected":false},"author":1,"featured_media":0,"parent":518,"menu_order":0,"comment_status":"closed","ping_status":"closed","template":"","meta":{"footnotes":""},"class_list":["post-544","page","type-page","status-publish","hentry"],"acf":[],"yoast_head":"<!-- This site is optimized with the Yoast SEO plugin v23.1 - https:\/\/yoast.com\/wordpress\/plugins\/seo\/ -->\n<title>Dinner - Stora hotellet Ume\u00e5<\/title>\n<meta name=\"robots\" content=\"index, follow, max-snippet:-1, max-image-preview:large, max-video-preview:-1\" \/>\n<link rel=\"canonical\" href=\"https:\/\/storahotelletumea.se\/en\/the-restaurant-gotthards-krog\/dinner\/\" \/>\n<meta property=\"og:locale\" content=\"en_US\" \/>\n<meta property=\"og:type\" content=\"article\" \/>\n<meta property=\"og:title\" content=\"Dinner - Stora hotellet Ume\u00e5\" \/>\n<meta property=\"og:description\" content=\"Enjoy dinner every day of the week. Our menu combines local culinary heritage with delicate inspiration from ports around the world \u2013 an exciting meeting between hotel ballroom and sea adventures in a relaxed yet sumptuous atmosphere. Add an ambitious wine cellar with wines by the glass or bottle, a beer selection including international celebrities [&hellip;]\" \/>\n<meta property=\"og:url\" content=\"https:\/\/storahotelletumea.se\/en\/the-restaurant-gotthards-krog\/dinner\/\" \/>\n<meta property=\"og:site_name\" content=\"Stora hotellet Ume\u00e5\" \/>\n<meta property=\"article:modified_time\" content=\"2025-08-11T12:16:48+00:00\" \/>\n<meta name=\"twitter:card\" content=\"summary_large_image\" \/>\n<meta name=\"twitter:label1\" content=\"Est. reading time\" \/>\n\t<meta name=\"twitter:data1\" content=\"2 minutes\" \/>\n<script type=\"application\/ld+json\" class=\"yoast-schema-graph\">{\"@context\":\"https:\/\/schema.org\",\"@graph\":[{\"@type\":\"WebPage\",\"@id\":\"https:\/\/storahotelletumea.se\/en\/the-restaurant-gotthards-krog\/dinner\/\",\"url\":\"https:\/\/storahotelletumea.se\/en\/the-restaurant-gotthards-krog\/dinner\/\",\"name\":\"Dinner - Stora hotellet Ume\u00e5\",\"isPartOf\":{\"@id\":\"https:\/\/storahotelletumea.se\/en\/#website\"},\"datePublished\":\"2021-11-04T14:40:19+00:00\",\"dateModified\":\"2025-08-11T12:16:48+00:00\",\"breadcrumb\":{\"@id\":\"https:\/\/storahotelletumea.se\/en\/the-restaurant-gotthards-krog\/dinner\/#breadcrumb\"},\"inLanguage\":\"en-US\",\"potentialAction\":[{\"@type\":\"ReadAction\",\"target\":[\"https:\/\/storahotelletumea.se\/en\/the-restaurant-gotthards-krog\/dinner\/\"]}]},{\"@type\":\"BreadcrumbList\",\"@id\":\"https:\/\/storahotelletumea.se\/en\/the-restaurant-gotthards-krog\/dinner\/#breadcrumb\",\"itemListElement\":[{\"@type\":\"ListItem\",\"position\":1,\"name\":\"Home\",\"item\":\"https:\/\/storahotelletumea.se\/en\/\"},{\"@type\":\"ListItem\",\"position\":2,\"name\":\"The Restaurant Gotthard\u2019s Krog\",\"item\":\"https:\/\/storahotelletumea.se\/en\/the-restaurant-gotthards-krog\/\"},{\"@type\":\"ListItem\",\"position\":3,\"name\":\"Dinner\"}]},{\"@type\":\"WebSite\",\"@id\":\"https:\/\/storahotelletumea.se\/en\/#website\",\"url\":\"https:\/\/storahotelletumea.se\/en\/\",\"name\":\"Stora hotellet Ume\u00e5\",\"description\":\"Ume\u00e5s klassiska hotell i saltst\u00e4nkt festskrud\",\"potentialAction\":[{\"@type\":\"SearchAction\",\"target\":{\"@type\":\"EntryPoint\",\"urlTemplate\":\"https:\/\/storahotelletumea.se\/en\/?s={search_term_string}\"},\"query-input\":\"required name=search_term_string\"}],\"inLanguage\":\"en-US\"}]}<\/script>\n<!-- \/ Yoast SEO plugin. -->","yoast_head_json":{"title":"Dinner - Stora hotellet Ume\u00e5","robots":{"index":"index","follow":"follow","max-snippet":"max-snippet:-1","max-image-preview":"max-image-preview:large","max-video-preview":"max-video-preview:-1"},"canonical":"https:\/\/storahotelletumea.se\/en\/the-restaurant-gotthards-krog\/dinner\/","og_locale":"en_US","og_type":"article","og_title":"Dinner - Stora hotellet Ume\u00e5","og_description":"Enjoy dinner every day of the week. Our menu combines local culinary heritage with delicate inspiration from ports around the world \u2013 an exciting meeting between hotel ballroom and sea adventures in a relaxed yet sumptuous atmosphere. Add an ambitious wine cellar with wines by the glass or bottle, a beer selection including international celebrities [&hellip;]","og_url":"https:\/\/storahotelletumea.se\/en\/the-restaurant-gotthards-krog\/dinner\/","og_site_name":"Stora hotellet Ume\u00e5","article_modified_time":"2025-08-11T12:16:48+00:00","twitter_card":"summary_large_image","twitter_misc":{"Est. reading time":"2 minutes"},"schema":{"@context":"https:\/\/schema.org","@graph":[{"@type":"WebPage","@id":"https:\/\/storahotelletumea.se\/en\/the-restaurant-gotthards-krog\/dinner\/","url":"https:\/\/storahotelletumea.se\/en\/the-restaurant-gotthards-krog\/dinner\/","name":"Dinner - Stora hotellet Ume\u00e5","isPartOf":{"@id":"https:\/\/storahotelletumea.se\/en\/#website"},"datePublished":"2021-11-04T14:40:19+00:00","dateModified":"2025-08-11T12:16:48+00:00","breadcrumb":{"@id":"https:\/\/storahotelletumea.se\/en\/the-restaurant-gotthards-krog\/dinner\/#breadcrumb"},"inLanguage":"en-US","potentialAction":[{"@type":"ReadAction","target":["https:\/\/storahotelletumea.se\/en\/the-restaurant-gotthards-krog\/dinner\/"]}]},{"@type":"BreadcrumbList","@id":"https:\/\/storahotelletumea.se\/en\/the-restaurant-gotthards-krog\/dinner\/#breadcrumb","itemListElement":[{"@type":"ListItem","position":1,"name":"Home","item":"https:\/\/storahotelletumea.se\/en\/"},{"@type":"ListItem","position":2,"name":"The Restaurant Gotthard\u2019s Krog","item":"https:\/\/storahotelletumea.se\/en\/the-restaurant-gotthards-krog\/"},{"@type":"ListItem","position":3,"name":"Dinner"}]},{"@type":"WebSite","@id":"https:\/\/storahotelletumea.se\/en\/#website","url":"https:\/\/storahotelletumea.se\/en\/","name":"Stora hotellet Ume\u00e5","description":"Ume\u00e5s klassiska hotell i saltst\u00e4nkt festskrud","potentialAction":[{"@type":"SearchAction","target":{"@type":"EntryPoint","urlTemplate":"https:\/\/storahotelletumea.se\/en\/?s={search_term_string}"},"query-input":"required name=search_term_string"}],"inLanguage":"en-US"}]}},"_links":{"self":[{"href":"https:\/\/storahotelletumea.se\/en\/wp-json\/wp\/v2\/pages\/544","targetHints":{"allow":["GET"]}}],"collection":[{"href":"https:\/\/storahotelletumea.se\/en\/wp-json\/wp\/v2\/pages"}],"about":[{"href":"https:\/\/storahotelletumea.se\/en\/wp-json\/wp\/v2\/types\/page"}],"author":[{"embeddable":true,"href":"https:\/\/storahotelletumea.se\/en\/wp-json\/wp\/v2\/users\/1"}],"replies":[{"embeddable":true,"href":"https:\/\/storahotelletumea.se\/en\/wp-json\/wp\/v2\/comments?post=544"}],"version-history":[{"count":7,"href":"https:\/\/storahotelletumea.se\/en\/wp-json\/wp\/v2\/pages\/544\/revisions"}],"predecessor-version":[{"id":2308,"href":"https:\/\/storahotelletumea.se\/en\/wp-json\/wp\/v2\/pages\/544\/revisions\/2308"}],"up":[{"embeddable":true,"href":"https:\/\/storahotelletumea.se\/en\/wp-json\/wp\/v2\/pages\/518"}],"wp:attachment":[{"href":"https:\/\/storahotelletumea.se\/en\/wp-json\/wp\/v2\/media?parent=544"}],"curies":[{"name":"wp","href":"https:\/\/api.w.org\/{rel}","templated":true}]}}