{"id":550,"date":"2021-11-04T14:46:48","date_gmt":"2021-11-04T14:46:48","guid":{"rendered":"https:\/\/storahotelletumea.se\/home\/"},"modified":"2024-06-17T13:17:02","modified_gmt":"2024-06-17T11:17:02","slug":"home","status":"publish","type":"page","link":"https:\/\/storahotelletumea.se\/en\/","title":{"rendered":"Home"},"content":{"rendered":"","protected":false},"excerpt":{"rendered":"","protected":false},"author":1,"featured_media":0,"parent":0,"menu_order":0,"comment_status":"closed","ping_status":"closed","template":"","meta":{"footnotes":""},"class_list":["post-550","page","type-page","status-publish","hentry"],"acf":[],"yoast_head":"<!-- This site is optimized with the Yoast SEO plugin v23.1 - https:\/\/yoast.com\/wordpress\/plugins\/seo\/ -->\n<title>Home - Stora hotellet Ume\u00e5<\/title>\n<meta name=\"description\" content=\"Stora Hotellet offers 82 unique rooms, a restaurant, bar, libraries, and meeting rooms. Book your stay today!\" \/>\n<meta name=\"robots\" content=\"index, follow, max-snippet:-1, max-image-preview:large, max-video-preview:-1\" \/>\n<link rel=\"canonical\" href=\"https:\/\/storahotelletumea.se\/en\/\" \/>\n<meta property=\"og:locale\" content=\"en_US\" \/>\n<meta property=\"og:type\" content=\"article\" \/>\n<meta property=\"og:title\" content=\"Home - Stora hotellet Ume\u00e5\" \/>\n<meta property=\"og:description\" content=\"Stora Hotellet offers 82 unique rooms, a restaurant, bar, libraries, and meeting rooms. Book your stay today!\" \/>\n<meta property=\"og:url\" content=\"https:\/\/storahotelletumea.se\/en\/\" \/>\n<meta property=\"og:site_name\" content=\"Stora hotellet Ume\u00e5\" \/>\n<meta property=\"article:modified_time\" content=\"2024-06-17T11:17:02+00:00\" \/>\n<meta name=\"twitter:card\" content=\"summary_large_image\" \/>\n<script type=\"application\/ld+json\" class=\"yoast-schema-graph\">{\"@context\":\"https:\/\/schema.org\",\"@graph\":[{\"@type\":\"WebPage\",\"@id\":\"https:\/\/storahotelletumea.se\/en\/\",\"url\":\"https:\/\/storahotelletumea.se\/en\/\",\"name\":\"Home - Stora hotellet Ume\u00e5\",\"isPartOf\":{\"@id\":\"https:\/\/storahotelletumea.se\/en\/#website\"},\"datePublished\":\"2021-11-04T14:46:48+00:00\",\"dateModified\":\"2024-06-17T11:17:02+00:00\",\"description\":\"Stora Hotellet offers 82 unique rooms, a restaurant, bar, libraries, and meeting rooms. Book your stay today!\",\"breadcrumb\":{\"@id\":\"https:\/\/storahotelletumea.se\/en\/#breadcrumb\"},\"inLanguage\":\"en-US\",\"potentialAction\":[{\"@type\":\"ReadAction\",\"target\":[\"https:\/\/storahotelletumea.se\/en\/\"]}]},{\"@type\":\"BreadcrumbList\",\"@id\":\"https:\/\/storahotelletumea.se\/en\/#breadcrumb\",\"itemListElement\":[{\"@type\":\"ListItem\",\"position\":1,\"name\":\"Home\",\"item\":\"https:\/\/storahotelletumea.se\/en\/\"},{\"@type\":\"ListItem\",\"position\":2,\"name\":\"Home\"}]},{\"@type\":\"WebSite\",\"@id\":\"https:\/\/storahotelletumea.se\/en\/#website\",\"url\":\"https:\/\/storahotelletumea.se\/en\/\",\"name\":\"Stora hotellet Ume\u00e5\",\"description\":\"Ume\u00e5s klassiska hotell i saltst\u00e4nkt festskrud\",\"potentialAction\":[{\"@type\":\"SearchAction\",\"target\":{\"@type\":\"EntryPoint\",\"urlTemplate\":\"https:\/\/storahotelletumea.se\/en\/?s={search_term_string}\"},\"query-input\":\"required name=search_term_string\"}],\"inLanguage\":\"en-US\"}]}<\/script>\n<!-- \/ Yoast SEO plugin. -->","yoast_head_json":{"title":"Home - Stora hotellet Ume\u00e5","description":"Stora Hotellet offers 82 unique rooms, a restaurant, bar, libraries, and meeting rooms. Book your stay today!","robots":{"index":"index","follow":"follow","max-snippet":"max-snippet:-1","max-image-preview":"max-image-preview:large","max-video-preview":"max-video-preview:-1"},"canonical":"https:\/\/storahotelletumea.se\/en\/","og_locale":"en_US","og_type":"article","og_title":"Home - Stora hotellet Ume\u00e5","og_description":"Stora Hotellet offers 82 unique rooms, a restaurant, bar, libraries, and meeting rooms. Book your stay today!","og_url":"https:\/\/storahotelletumea.se\/en\/","og_site_name":"Stora hotellet Ume\u00e5","article_modified_time":"2024-06-17T11:17:02+00:00","twitter_card":"summary_large_image","schema":{"@context":"https:\/\/schema.org","@graph":[{"@type":"WebPage","@id":"https:\/\/storahotelletumea.se\/en\/","url":"https:\/\/storahotelletumea.se\/en\/","name":"Home - Stora hotellet Ume\u00e5","isPartOf":{"@id":"https:\/\/storahotelletumea.se\/en\/#website"},"datePublished":"2021-11-04T14:46:48+00:00","dateModified":"2024-06-17T11:17:02+00:00","description":"Stora Hotellet offers 82 unique rooms, a restaurant, bar, libraries, and meeting rooms. Book your stay today!","breadcrumb":{"@id":"https:\/\/storahotelletumea.se\/en\/#breadcrumb"},"inLanguage":"en-US","potentialAction":[{"@type":"ReadAction","target":["https:\/\/storahotelletumea.se\/en\/"]}]},{"@type":"BreadcrumbList","@id":"https:\/\/storahotelletumea.se\/en\/#breadcrumb","itemListElement":[{"@type":"ListItem","position":1,"name":"Home","item":"https:\/\/storahotelletumea.se\/en\/"},{"@type":"ListItem","position":2,"name":"Home"}]},{"@type":"WebSite","@id":"https:\/\/storahotelletumea.se\/en\/#website","url":"https:\/\/storahotelletumea.se\/en\/","name":"Stora hotellet Ume\u00e5","description":"Ume\u00e5s klassiska hotell i saltst\u00e4nkt festskrud","potentialAction":[{"@type":"SearchAction","target":{"@type":"EntryPoint","urlTemplate":"https:\/\/storahotelletumea.se\/en\/?s={search_term_string}"},"query-input":"required name=search_term_string"}],"inLanguage":"en-US"}]}},"_links":{"self":[{"href":"https:\/\/storahotelletumea.se\/en\/wp-json\/wp\/v2\/pages\/550","targetHints":{"allow":["GET"]}}],"collection":[{"href":"https:\/\/storahotelletumea.se\/en\/wp-json\/wp\/v2\/pages"}],"about":[{"href":"https:\/\/storahotelletumea.se\/en\/wp-json\/wp\/v2\/types\/page"}],"author":[{"embeddable":true,"href":"https:\/\/storahotelletumea.se\/en\/wp-json\/wp\/v2\/users\/1"}],"replies":[{"embeddable":true,"href":"https:\/\/storahotelletumea.se\/en\/wp-json\/wp\/v2\/comments?post=550"}],"version-history":[{"count":1,"href":"https:\/\/storahotelletumea.se\/en\/wp-json\/wp\/v2\/pages\/550\/revisions"}],"predecessor-version":[{"id":1879,"href":"https:\/\/storahotelletumea.se\/en\/wp-json\/wp\/v2\/pages\/550\/revisions\/1879"}],"wp:attachment":[{"href":"https:\/\/storahotelletumea.se\/en\/wp-json\/wp\/v2\/media?parent=550"}],"curies":[{"name":"wp","href":"https:\/\/api.w.org\/{rel}","templated":true}]}}