{"id":551,"date":"2021-11-04T14:58:57","date_gmt":"2021-11-04T14:58:57","guid":{"rendered":"https:\/\/storahotelletumea.se\/a-space-to-work-meet-party\/"},"modified":"2021-11-22T17:01:03","modified_gmt":"2021-11-22T16:01:03","slug":"a-space-to-work-meet-party","status":"publish","type":"page","link":"https:\/\/storahotelletumea.se\/en\/a-space-to-work-meet-party\/","title":{"rendered":"A space to work, meet &amp; party"},"content":{"rendered":"<div class=\"gallery\">\n    <div data-gallery>\n                <div class=\"gallery__image\">\n            <img loading=\"lazy\" decoding=\"async\" width=\"1600\" height=\"1067\" src=\"https:\/\/storahotelletumea.se\/app\/uploads\/2021\/05\/image_1.jpeg\" class=\"attachment-shu_gallery size-shu_gallery\" alt=\"Designhotellounge med m\u00f6nstrade sammetssoffor, tr\u00e4bord och moderna sf\u00e4riska h\u00e4nglampor.\" srcset=\"https:\/\/storahotelletumea.se\/app\/uploads\/2021\/05\/image_1.jpeg 1600w, https:\/\/storahotelletumea.se\/app\/uploads\/2021\/05\/image_1-300x200.jpeg 300w, https:\/\/storahotelletumea.se\/app\/uploads\/2021\/05\/image_1-1024x683.jpeg 1024w, https:\/\/storahotelletumea.se\/app\/uploads\/2021\/05\/image_1-768x512.jpeg 768w, https:\/\/storahotelletumea.se\/app\/uploads\/2021\/05\/image_1-1536x1024.jpeg 1536w, https:\/\/storahotelletumea.se\/app\/uploads\/2021\/05\/image_1-1440x960.jpeg 1440w, https:\/\/storahotelletumea.se\/app\/uploads\/2021\/05\/image_1-640x427.jpeg 640w\" sizes=\"auto, (max-width: 1600px) 100vw, 1600px\" \/>        <\/div>\n                <div class=\"gallery__image\">\n            <img loading=\"lazy\" decoding=\"async\" width=\"1600\" height=\"1067\" src=\"https:\/\/storahotelletumea.se\/app\/uploads\/2021\/07\/image_5.jpeg\" class=\"attachment-shu_gallery size-shu_gallery\" alt=\"Elegant loungeomr\u00e5de med gr\u00f6na sammetsottomaner, l\u00e4derf\u00e5t\u00f6ljer och tunga draperier framf\u00f6r ett f\u00f6nster med utsikt \u00f6ver naturen.\" srcset=\"https:\/\/storahotelletumea.se\/app\/uploads\/2021\/07\/image_5.jpeg 1600w, https:\/\/storahotelletumea.se\/app\/uploads\/2021\/07\/image_5-300x200.jpeg 300w, https:\/\/storahotelletumea.se\/app\/uploads\/2021\/07\/image_5-1024x683.jpeg 1024w, https:\/\/storahotelletumea.se\/app\/uploads\/2021\/07\/image_5-768x512.jpeg 768w, https:\/\/storahotelletumea.se\/app\/uploads\/2021\/07\/image_5-1536x1024.jpeg 1536w, https:\/\/storahotelletumea.se\/app\/uploads\/2021\/07\/image_5-1440x960.jpeg 1440w, https:\/\/storahotelletumea.se\/app\/uploads\/2021\/07\/image_5-640x427.jpeg 640w\" sizes=\"auto, (max-width: 1600px) 100vw, 1600px\" \/>        <\/div>\n                <div class=\"gallery__image\">\n            <img loading=\"lazy\" decoding=\"async\" width=\"1477\" height=\"985\" src=\"https:\/\/storahotelletumea.se\/app\/uploads\/2021\/07\/image_10.jpeg\" class=\"attachment-shu_gallery size-shu_gallery\" alt=\"Raffinerad matsal inredd f\u00f6r middagsfest med r\u00f6da stolar, kristallkronor och elegant dukade bord.\" srcset=\"https:\/\/storahotelletumea.se\/app\/uploads\/2021\/07\/image_10.jpeg 1477w, https:\/\/storahotelletumea.se\/app\/uploads\/2021\/07\/image_10-300x200.jpeg 300w, https:\/\/storahotelletumea.se\/app\/uploads\/2021\/07\/image_10-1024x683.jpeg 1024w, https:\/\/storahotelletumea.se\/app\/uploads\/2021\/07\/image_10-768x512.jpeg 768w, https:\/\/storahotelletumea.se\/app\/uploads\/2021\/07\/image_10-1440x960.jpeg 1440w, https:\/\/storahotelletumea.se\/app\/uploads\/2021\/07\/image_10-640x427.jpeg 640w\" sizes=\"auto, (max-width: 1477px) 100vw, 1477px\" \/>        <\/div>\n            <\/div>\n<\/div>\n\n\n<p>Whether you\u2019re planning a small exclusive event or a major banquet Stora Hotellet and its sibling event and meeting space <a rel=\"noreferrer noopener\" href=\"https:\/\/p5.nu\/\" target=\"_blank\">P5<\/a> can accommodate your needs, simple as well as extraordinary all under one roof.<\/p>\n\n\n\n<p>At Stora Hotellet, we offer upscale rooms &amp; experiences for smaller intimate gathering in N\u00e6z\u00e9ns library, Giisa and the Freedom suite.<\/p>\n\n\n\n<p>Whether business, executive or management meetings, birthday parties and anniversaries \u2013 just <a href=\"https:\/\/storahotelletumea.se\/stora-hotellet-and-umeas-seafarers-house-founded-in-1895\/contact\/?lang=en\" data-type=\"page\">get in touch<\/a> and let us know how we may best serve your needs.<\/p>\n\n\n\n<h2 class=\"wp-block-heading\">Our rooms<\/h2>\n\n\n\n<p><strong>N\u00e6z\u00e9ns library and Giisa<\/strong> are connected to each other and can be combined or rented separately. The library is 36 sqm, ideal for mingle and relaxed seating up to 20 guests. Giisa is 18 sqm, accommodates 12 seated guests &#8211; perfect for management meetings and \/ or as a Chambre Separ\u00e9e for exclusive culinary experiences.<\/p>\n\n\n\n<p><strong>The Freedom suite<\/strong> on the 2nd floor overlooking City Hall Park and the Ume River was formerly the hotel&#8217;s historic ballroom. The Freedom suite is 89 sqm and houses a private bedroom and connecting living room with a generous dining table and a lounge area. The living room area can be rented separately on request.<\/p>\n\n\n\n<h2 class=\"wp-block-heading\">Curio Naez\u00e9ns library and Giisa<\/h2>\n\n\n\n<p><strong>N\u00e6z\u00e9ns library<\/strong> were inspired by Daniel Erik N\u00e6z\u00e9n who was a district doctor and lived in Ume\u00e5 from 1782 to 1808. He was a versatile intellectual, a member of the Royal Swedish Academy of Sciences and the Royal Swedish Academy of Music. N\u00e6z\u00e9n founded Ume\u00e5\u2019s first library and was a student of botany, entomology, mineralogy, meteorology and much more. He examined the spa that was on the site before Stora Hotellet in Umea was built and he used the spa waters in his treatments. The carefully furnished library is the larger of the two rooms with a conference table and cosy lounge area with sofas and armchairs. There is a fireplace and a series of features linked to N\u00e6z\u00e9n\u2019s world of science and art. The library is always available for the hotel\u2019s guests when no reservation is made.<\/p>\n\n\n\n<p><strong>Giisa &#8211; the Sami treasure room.<\/strong> From the library you enter Giisa through a Maplewood door. Giisa is the name for a Sami coffin where you store silver, coins and other precious objects, and the room is decorated with a unique collection of Sami handicraft.<\/p>\n\n\n\n<p>Our Giisa is a tribute of Sami culture and our Sami heritage. There is yet another link to Daniel Erik N\u00e6z\u00e9n here, as a district doctor he had responsibility for people within an area of 2,400 square miles, which at that time was 2\/5 of all Sweden. For N\u00e6z\u00e9n it meant many long and sometimes adventurous trips inland where he could indulge his interest in Sami culture and customs.<\/p>\n","protected":false},"excerpt":{"rendered":"<p>Whether you\u2019re planning a small exclusive event or a major banquet Stora Hotellet and its sibling event and meeting space P5 can accommodate your needs, simple as well as extraordinary all under one roof. At Stora Hotellet, we offer upscale rooms &amp; experiences for smaller intimate gathering in N\u00e6z\u00e9ns library, Giisa and the Freedom suite. [&hellip;]<\/p>\n","protected":false},"author":1,"featured_media":0,"parent":0,"menu_order":0,"comment_status":"closed","ping_status":"closed","template":"","meta":{"footnotes":""},"class_list":["post-551","page","type-page","status-publish","hentry"],"acf":[],"yoast_head":"<!-- This site is optimized with the Yoast SEO plugin v23.1 - https:\/\/yoast.com\/wordpress\/plugins\/seo\/ -->\n<title>A space to work, meet &amp; party - Stora hotellet Ume\u00e5<\/title>\n<meta name=\"robots\" content=\"index, follow, max-snippet:-1, max-image-preview:large, max-video-preview:-1\" \/>\n<link rel=\"canonical\" href=\"https:\/\/storahotelletumea.se\/en\/a-space-to-work-meet-party\/\" \/>\n<meta property=\"og:locale\" content=\"en_US\" \/>\n<meta property=\"og:type\" content=\"article\" \/>\n<meta property=\"og:title\" content=\"A space to work, meet &amp; party - Stora hotellet Ume\u00e5\" \/>\n<meta property=\"og:description\" content=\"Whether you\u2019re planning a small exclusive event or a major banquet Stora Hotellet and its sibling event and meeting space P5 can accommodate your needs, simple as well as extraordinary all under one roof. At Stora Hotellet, we offer upscale rooms &amp; experiences for smaller intimate gathering in N\u00e6z\u00e9ns library, Giisa and the Freedom suite. [&hellip;]\" \/>\n<meta property=\"og:url\" content=\"https:\/\/storahotelletumea.se\/en\/a-space-to-work-meet-party\/\" \/>\n<meta property=\"og:site_name\" content=\"Stora hotellet Ume\u00e5\" \/>\n<meta property=\"article:modified_time\" content=\"2021-11-22T16:01:03+00:00\" \/>\n<meta name=\"twitter:card\" content=\"summary_large_image\" \/>\n<meta name=\"twitter:label1\" content=\"Est. reading time\" \/>\n\t<meta name=\"twitter:data1\" content=\"2 minutes\" \/>\n<script type=\"application\/ld+json\" class=\"yoast-schema-graph\">{\"@context\":\"https:\/\/schema.org\",\"@graph\":[{\"@type\":\"WebPage\",\"@id\":\"https:\/\/storahotelletumea.se\/en\/a-space-to-work-meet-party\/\",\"url\":\"https:\/\/storahotelletumea.se\/en\/a-space-to-work-meet-party\/\",\"name\":\"A space to work, meet &amp; party - Stora hotellet Ume\u00e5\",\"isPartOf\":{\"@id\":\"https:\/\/storahotelletumea.se\/en\/#website\"},\"datePublished\":\"2021-11-04T14:58:57+00:00\",\"dateModified\":\"2021-11-22T16:01:03+00:00\",\"breadcrumb\":{\"@id\":\"https:\/\/storahotelletumea.se\/en\/a-space-to-work-meet-party\/#breadcrumb\"},\"inLanguage\":\"en-US\",\"potentialAction\":[{\"@type\":\"ReadAction\",\"target\":[\"https:\/\/storahotelletumea.se\/en\/a-space-to-work-meet-party\/\"]}]},{\"@type\":\"BreadcrumbList\",\"@id\":\"https:\/\/storahotelletumea.se\/en\/a-space-to-work-meet-party\/#breadcrumb\",\"itemListElement\":[{\"@type\":\"ListItem\",\"position\":1,\"name\":\"Home\",\"item\":\"https:\/\/storahotelletumea.se\/en\/\"},{\"@type\":\"ListItem\",\"position\":2,\"name\":\"A space to work, meet &amp; party\"}]},{\"@type\":\"WebSite\",\"@id\":\"https:\/\/storahotelletumea.se\/en\/#website\",\"url\":\"https:\/\/storahotelletumea.se\/en\/\",\"name\":\"Stora hotellet Ume\u00e5\",\"description\":\"Ume\u00e5s klassiska hotell i saltst\u00e4nkt festskrud\",\"potentialAction\":[{\"@type\":\"SearchAction\",\"target\":{\"@type\":\"EntryPoint\",\"urlTemplate\":\"https:\/\/storahotelletumea.se\/en\/?s={search_term_string}\"},\"query-input\":\"required name=search_term_string\"}],\"inLanguage\":\"en-US\"}]}<\/script>\n<!-- \/ Yoast SEO plugin. -->","yoast_head_json":{"title":"A space to work, meet &amp; party - Stora hotellet Ume\u00e5","robots":{"index":"index","follow":"follow","max-snippet":"max-snippet:-1","max-image-preview":"max-image-preview:large","max-video-preview":"max-video-preview:-1"},"canonical":"https:\/\/storahotelletumea.se\/en\/a-space-to-work-meet-party\/","og_locale":"en_US","og_type":"article","og_title":"A space to work, meet &amp; party - Stora hotellet Ume\u00e5","og_description":"Whether you\u2019re planning a small exclusive event or a major banquet Stora Hotellet and its sibling event and meeting space P5 can accommodate your needs, simple as well as extraordinary all under one roof. At Stora Hotellet, we offer upscale rooms &amp; experiences for smaller intimate gathering in N\u00e6z\u00e9ns library, Giisa and the Freedom suite. [&hellip;]","og_url":"https:\/\/storahotelletumea.se\/en\/a-space-to-work-meet-party\/","og_site_name":"Stora hotellet Ume\u00e5","article_modified_time":"2021-11-22T16:01:03+00:00","twitter_card":"summary_large_image","twitter_misc":{"Est. reading time":"2 minutes"},"schema":{"@context":"https:\/\/schema.org","@graph":[{"@type":"WebPage","@id":"https:\/\/storahotelletumea.se\/en\/a-space-to-work-meet-party\/","url":"https:\/\/storahotelletumea.se\/en\/a-space-to-work-meet-party\/","name":"A space to work, meet &amp; party - Stora hotellet Ume\u00e5","isPartOf":{"@id":"https:\/\/storahotelletumea.se\/en\/#website"},"datePublished":"2021-11-04T14:58:57+00:00","dateModified":"2021-11-22T16:01:03+00:00","breadcrumb":{"@id":"https:\/\/storahotelletumea.se\/en\/a-space-to-work-meet-party\/#breadcrumb"},"inLanguage":"en-US","potentialAction":[{"@type":"ReadAction","target":["https:\/\/storahotelletumea.se\/en\/a-space-to-work-meet-party\/"]}]},{"@type":"BreadcrumbList","@id":"https:\/\/storahotelletumea.se\/en\/a-space-to-work-meet-party\/#breadcrumb","itemListElement":[{"@type":"ListItem","position":1,"name":"Home","item":"https:\/\/storahotelletumea.se\/en\/"},{"@type":"ListItem","position":2,"name":"A space to work, meet &amp; party"}]},{"@type":"WebSite","@id":"https:\/\/storahotelletumea.se\/en\/#website","url":"https:\/\/storahotelletumea.se\/en\/","name":"Stora hotellet Ume\u00e5","description":"Ume\u00e5s klassiska hotell i saltst\u00e4nkt festskrud","potentialAction":[{"@type":"SearchAction","target":{"@type":"EntryPoint","urlTemplate":"https:\/\/storahotelletumea.se\/en\/?s={search_term_string}"},"query-input":"required name=search_term_string"}],"inLanguage":"en-US"}]}},"_links":{"self":[{"href":"https:\/\/storahotelletumea.se\/en\/wp-json\/wp\/v2\/pages\/551","targetHints":{"allow":["GET"]}}],"collection":[{"href":"https:\/\/storahotelletumea.se\/en\/wp-json\/wp\/v2\/pages"}],"about":[{"href":"https:\/\/storahotelletumea.se\/en\/wp-json\/wp\/v2\/types\/page"}],"author":[{"embeddable":true,"href":"https:\/\/storahotelletumea.se\/en\/wp-json\/wp\/v2\/users\/1"}],"replies":[{"embeddable":true,"href":"https:\/\/storahotelletumea.se\/en\/wp-json\/wp\/v2\/comments?post=551"}],"version-history":[{"count":4,"href":"https:\/\/storahotelletumea.se\/en\/wp-json\/wp\/v2\/pages\/551\/revisions"}],"predecessor-version":[{"id":673,"href":"https:\/\/storahotelletumea.se\/en\/wp-json\/wp\/v2\/pages\/551\/revisions\/673"}],"wp:attachment":[{"href":"https:\/\/storahotelletumea.se\/en\/wp-json\/wp\/v2\/media?parent=551"}],"curies":[{"name":"wp","href":"https:\/\/api.w.org\/{rel}","templated":true}]}}