{"id":556,"date":"2021-11-04T15:12:46","date_gmt":"2021-11-04T15:12:46","guid":{"rendered":"https:\/\/storahotelletumea.se\/stora-hotellet-and-umeas-seafarers-house-founded-in-1895\/"},"modified":"2024-06-17T13:17:53","modified_gmt":"2024-06-17T11:17:53","slug":"the-hotel","status":"publish","type":"page","link":"https:\/\/storahotelletumea.se\/en\/the-hotel\/","title":{"rendered":"Stora hotellet &#8211; Ume\u00e5\u2019s seafarer&#8217;s house"},"content":{"rendered":"<div class=\"gallery\">\n    <div data-gallery>\n                <div class=\"gallery__image\">\n            <img loading=\"lazy\" decoding=\"async\" width=\"860\" height=\"573\" src=\"https:\/\/storahotelletumea.se\/app\/uploads\/2021\/07\/soffa_reception_detalj.jpg\" class=\"attachment-shu_gallery size-shu_gallery\" alt=\"Del av en hotellounge med en djupbl\u00e5 sammetsf\u00e5t\u00f6lj och en tuftad soffa, accentuerad av ett kaffebord med tekanna och t\u00e4nda ljus som framh\u00e4ver en avkopplande atmosf\u00e4r.\" srcset=\"https:\/\/storahotelletumea.se\/app\/uploads\/2021\/07\/soffa_reception_detalj.jpg 860w, https:\/\/storahotelletumea.se\/app\/uploads\/2021\/07\/soffa_reception_detalj-300x200.jpg 300w, https:\/\/storahotelletumea.se\/app\/uploads\/2021\/07\/soffa_reception_detalj-768x512.jpg 768w, https:\/\/storahotelletumea.se\/app\/uploads\/2021\/07\/soffa_reception_detalj-640x426.jpg 640w\" sizes=\"auto, (max-width: 860px) 100vw, 860px\" \/>        <\/div>\n                <div class=\"gallery__image\">\n            <img loading=\"lazy\" decoding=\"async\" width=\"860\" height=\"573\" src=\"https:\/\/storahotelletumea.se\/app\/uploads\/2021\/07\/objetdequriosite.jpg\" class=\"attachment-shu_gallery size-shu_gallery\" alt=\"En samling kuriosa och konstverk under glaskupoler, inklusive en sn\u00e4cka, ett klot och en vit statyett, vilka alla bidrar till en k\u00e4nsla av under och mystik.\" srcset=\"https:\/\/storahotelletumea.se\/app\/uploads\/2021\/07\/objetdequriosite.jpg 860w, https:\/\/storahotelletumea.se\/app\/uploads\/2021\/07\/objetdequriosite-300x200.jpg 300w, https:\/\/storahotelletumea.se\/app\/uploads\/2021\/07\/objetdequriosite-768x512.jpg 768w, https:\/\/storahotelletumea.se\/app\/uploads\/2021\/07\/objetdequriosite-640x426.jpg 640w\" sizes=\"auto, (max-width: 860px) 100vw, 860px\" \/>        <\/div>\n                <div class=\"gallery__image\">\n            <img loading=\"lazy\" decoding=\"async\" width=\"860\" height=\"573\" src=\"https:\/\/storahotelletumea.se\/app\/uploads\/2021\/07\/shpresszoom.jpg\" class=\"attachment-shu_gallery size-shu_gallery\" alt=\"ett magiskt rum med kristaller som h\u00e4nger fr\u00e5n taket.\" srcset=\"https:\/\/storahotelletumea.se\/app\/uploads\/2021\/07\/shpresszoom.jpg 860w, https:\/\/storahotelletumea.se\/app\/uploads\/2021\/07\/shpresszoom-300x200.jpg 300w, https:\/\/storahotelletumea.se\/app\/uploads\/2021\/07\/shpresszoom-768x512.jpg 768w, https:\/\/storahotelletumea.se\/app\/uploads\/2021\/07\/shpresszoom-640x426.jpg 640w\" sizes=\"auto, (max-width: 860px) 100vw, 860px\" \/>        <\/div>\n                <div class=\"gallery__image\">\n            <img loading=\"lazy\" decoding=\"async\" width=\"860\" height=\"573\" src=\"https:\/\/storahotelletumea.se\/app\/uploads\/2021\/07\/sh-baren.jpg\" class=\"attachment-shu_gallery size-shu_gallery\" alt=\"en bar med mysig belysning och r\u00f6da sammetsstolar\" srcset=\"https:\/\/storahotelletumea.se\/app\/uploads\/2021\/07\/sh-baren.jpg 860w, https:\/\/storahotelletumea.se\/app\/uploads\/2021\/07\/sh-baren-300x200.jpg 300w, https:\/\/storahotelletumea.se\/app\/uploads\/2021\/07\/sh-baren-768x512.jpg 768w, https:\/\/storahotelletumea.se\/app\/uploads\/2021\/07\/sh-baren-640x426.jpg 640w\" sizes=\"auto, (max-width: 860px) 100vw, 860px\" \/>        <\/div>\n            <\/div>\n<\/div>\n\n\n<p>Ume\u00e5 has a long and proud history as a shipping city. There was a real wind in the sails of Ume\u00e5\u2019s shipbuilding and shipping industries during the 19th century. As a symbol of this success the city&#8217;s seafarer&#8217;s house was built down by the riverfront &#8211; a magnificent hotel and seafarer\u2019s house in one. <\/p>\n\n\n\n<p>When Stora Hotellet first opened its doors in October 1895 it was a place where these two worlds overlapped. For more than 100 years it has been Ume\u00e5&#8217;s foremost hotel, undergoing a major renovation prior to its re-opening during the city\u2019s appointment as the 2014 European Capital of Culture. Now resplendent once again in nautical-themed regalia, the hotel is ready to welcome guests for another 100 years to come. Stora Hotellet has 82 unique guest rooms ranging from spacious accomodation to compact seaman&#8217;s bunks, a restaurant and bar as well as libraries and meeting rooms.<\/p>\n\n\n\n<p>The minimum age limit for booking a hotel stay without being accompanied by a responsible adult is 18 years. For guests attending Br\u00e4nnbollsyran the minimum age limit for a hotel stay without being accompanied by a responsible adult is 23 years.<\/p>\n\n\n\n<p><a href=\"https:\/\/storahotelletumea.se\/stora-hotellet-and-umeas-seafarers-house-founded-in-1895\/a-hotel-for-royalty-an-office-for-seafarers\/?lang=en\" data-type=\"page\">Read more about the hotel\u2019s history<\/a>.<\/p>\n\n\n\n<p><\/p>\n\n\n\n<h2 class=\"wp-block-heading\">Our Sustainable Seafarer\u2019s House<\/h2>\n\n\n\n<p><\/p>\n\n\n\n<p>Throughout its history Stora Hotellet has played a central role in the development of Ume\u00e5 city and the society around us. And that\u2019s still the case today.<\/p>\n\n\n\n<p>We work actively with sustainability from economic, social and environmental perspectives. That is why we are also proud to have been awarded the international Green Key eco-label. This award means, among other things, that we use ecologically certified cleaning products, recycle waste and have smart solutions in place for saving energy. <\/p>\n\n\n\n<p>Here at Stora Hotellet we also strive to be a positive force in the local community and often collaborate with local representatives, suppliers and producers. <\/p>\n\n\n\n<p>Together with our partners in the <a href=\"http:\/\/blahuset.nu\" target=\"_blank\" rel=\"noreferrer noopener\">Bl\u00e5 huset group<\/a> of companies we work tirelessly to improve our sustainability commitment and continuously evaluate what we can do better. One nautical mile at a time towards a more sustainable world.<\/p>\n\n\n\n<p>Read more about Green Key eco-label scheme at <a href=\"https:\/\/www.greenkey.se\/\" data-type=\"URL\" data-id=\"https:\/\/www.greenkey.se\/\" target=\"_blank\" rel=\"noreferrer noopener\">www.greenkey.se<\/a> and <a href=\"https:\/\/www.greenkey.global\/\" target=\"_blank\" rel=\"noreferrer noopener\">www.greenkey.global<\/a>. <\/p>\n","protected":false},"excerpt":{"rendered":"<p>Ume\u00e5 has a long and proud history as a shipping city. There was a real wind in the sails of Ume\u00e5\u2019s shipbuilding and shipping industries during the 19th century. As a symbol of this success the city&#8217;s seafarer&#8217;s house was built down by the riverfront &#8211; a magnificent hotel and seafarer\u2019s house in one. When [&hellip;]<\/p>\n","protected":false},"author":1,"featured_media":0,"parent":0,"menu_order":0,"comment_status":"closed","ping_status":"closed","template":"","meta":{"footnotes":""},"class_list":["post-556","page","type-page","status-publish","hentry"],"acf":[],"yoast_head":"<!-- This site is optimized with the Yoast SEO plugin v23.1 - https:\/\/yoast.com\/wordpress\/plugins\/seo\/ -->\n<title>Stora hotellet - Ume\u00e5\u2019s seafarer&#039;s house - Stora hotellet Ume\u00e5<\/title>\n<meta name=\"description\" content=\"Throughout its history Stora Hotellet has played a central role in the development of Ume\u00e5 city. And that\u2019s still the case today.\" \/>\n<meta name=\"robots\" content=\"index, follow, max-snippet:-1, max-image-preview:large, max-video-preview:-1\" \/>\n<link rel=\"canonical\" href=\"https:\/\/storahotelletumea.se\/en\/the-hotel\/\" \/>\n<meta property=\"og:locale\" content=\"en_US\" \/>\n<meta property=\"og:type\" content=\"article\" \/>\n<meta property=\"og:title\" content=\"Stora hotellet - Ume\u00e5\u2019s seafarer&#039;s house - Stora hotellet Ume\u00e5\" \/>\n<meta property=\"og:description\" content=\"Throughout its history Stora Hotellet has played a central role in the development of Ume\u00e5 city. And that\u2019s still the case today.\" \/>\n<meta property=\"og:url\" content=\"https:\/\/storahotelletumea.se\/en\/the-hotel\/\" \/>\n<meta property=\"og:site_name\" content=\"Stora hotellet Ume\u00e5\" \/>\n<meta property=\"article:modified_time\" content=\"2024-06-17T11:17:53+00:00\" \/>\n<meta name=\"twitter:card\" content=\"summary_large_image\" \/>\n<meta name=\"twitter:label1\" content=\"Est. reading time\" \/>\n\t<meta name=\"twitter:data1\" content=\"2 minutes\" \/>\n<script type=\"application\/ld+json\" class=\"yoast-schema-graph\">{\"@context\":\"https:\/\/schema.org\",\"@graph\":[{\"@type\":\"WebPage\",\"@id\":\"https:\/\/storahotelletumea.se\/en\/the-hotel\/\",\"url\":\"https:\/\/storahotelletumea.se\/en\/the-hotel\/\",\"name\":\"Stora hotellet - Ume\u00e5\u2019s seafarer's house - Stora hotellet Ume\u00e5\",\"isPartOf\":{\"@id\":\"https:\/\/storahotelletumea.se\/en\/#website\"},\"datePublished\":\"2021-11-04T15:12:46+00:00\",\"dateModified\":\"2024-06-17T11:17:53+00:00\",\"description\":\"Throughout its history Stora Hotellet has played a central role in the development of Ume\u00e5 city. And that\u2019s still the case today.\",\"breadcrumb\":{\"@id\":\"https:\/\/storahotelletumea.se\/en\/the-hotel\/#breadcrumb\"},\"inLanguage\":\"en-US\",\"potentialAction\":[{\"@type\":\"ReadAction\",\"target\":[\"https:\/\/storahotelletumea.se\/en\/the-hotel\/\"]}]},{\"@type\":\"BreadcrumbList\",\"@id\":\"https:\/\/storahotelletumea.se\/en\/the-hotel\/#breadcrumb\",\"itemListElement\":[{\"@type\":\"ListItem\",\"position\":1,\"name\":\"Home\",\"item\":\"https:\/\/storahotelletumea.se\/en\/\"},{\"@type\":\"ListItem\",\"position\":2,\"name\":\"Stora hotellet &#8211; Ume\u00e5\u2019s seafarer&#8217;s house\"}]},{\"@type\":\"WebSite\",\"@id\":\"https:\/\/storahotelletumea.se\/en\/#website\",\"url\":\"https:\/\/storahotelletumea.se\/en\/\",\"name\":\"Stora hotellet Ume\u00e5\",\"description\":\"Ume\u00e5s klassiska hotell i saltst\u00e4nkt festskrud\",\"potentialAction\":[{\"@type\":\"SearchAction\",\"target\":{\"@type\":\"EntryPoint\",\"urlTemplate\":\"https:\/\/storahotelletumea.se\/en\/?s={search_term_string}\"},\"query-input\":\"required name=search_term_string\"}],\"inLanguage\":\"en-US\"}]}<\/script>\n<!-- \/ Yoast SEO plugin. -->","yoast_head_json":{"title":"Stora hotellet - Ume\u00e5\u2019s seafarer's house - Stora hotellet Ume\u00e5","description":"Throughout its history Stora Hotellet has played a central role in the development of Ume\u00e5 city. And that\u2019s still the case today.","robots":{"index":"index","follow":"follow","max-snippet":"max-snippet:-1","max-image-preview":"max-image-preview:large","max-video-preview":"max-video-preview:-1"},"canonical":"https:\/\/storahotelletumea.se\/en\/the-hotel\/","og_locale":"en_US","og_type":"article","og_title":"Stora hotellet - Ume\u00e5\u2019s seafarer's house - Stora hotellet Ume\u00e5","og_description":"Throughout its history Stora Hotellet has played a central role in the development of Ume\u00e5 city. And that\u2019s still the case today.","og_url":"https:\/\/storahotelletumea.se\/en\/the-hotel\/","og_site_name":"Stora hotellet Ume\u00e5","article_modified_time":"2024-06-17T11:17:53+00:00","twitter_card":"summary_large_image","twitter_misc":{"Est. reading time":"2 minutes"},"schema":{"@context":"https:\/\/schema.org","@graph":[{"@type":"WebPage","@id":"https:\/\/storahotelletumea.se\/en\/the-hotel\/","url":"https:\/\/storahotelletumea.se\/en\/the-hotel\/","name":"Stora hotellet - Ume\u00e5\u2019s seafarer's house - Stora hotellet Ume\u00e5","isPartOf":{"@id":"https:\/\/storahotelletumea.se\/en\/#website"},"datePublished":"2021-11-04T15:12:46+00:00","dateModified":"2024-06-17T11:17:53+00:00","description":"Throughout its history Stora Hotellet has played a central role in the development of Ume\u00e5 city. And that\u2019s still the case today.","breadcrumb":{"@id":"https:\/\/storahotelletumea.se\/en\/the-hotel\/#breadcrumb"},"inLanguage":"en-US","potentialAction":[{"@type":"ReadAction","target":["https:\/\/storahotelletumea.se\/en\/the-hotel\/"]}]},{"@type":"BreadcrumbList","@id":"https:\/\/storahotelletumea.se\/en\/the-hotel\/#breadcrumb","itemListElement":[{"@type":"ListItem","position":1,"name":"Home","item":"https:\/\/storahotelletumea.se\/en\/"},{"@type":"ListItem","position":2,"name":"Stora hotellet &#8211; Ume\u00e5\u2019s seafarer&#8217;s house"}]},{"@type":"WebSite","@id":"https:\/\/storahotelletumea.se\/en\/#website","url":"https:\/\/storahotelletumea.se\/en\/","name":"Stora hotellet Ume\u00e5","description":"Ume\u00e5s klassiska hotell i saltst\u00e4nkt festskrud","potentialAction":[{"@type":"SearchAction","target":{"@type":"EntryPoint","urlTemplate":"https:\/\/storahotelletumea.se\/en\/?s={search_term_string}"},"query-input":"required name=search_term_string"}],"inLanguage":"en-US"}]}},"_links":{"self":[{"href":"https:\/\/storahotelletumea.se\/en\/wp-json\/wp\/v2\/pages\/556","targetHints":{"allow":["GET"]}}],"collection":[{"href":"https:\/\/storahotelletumea.se\/en\/wp-json\/wp\/v2\/pages"}],"about":[{"href":"https:\/\/storahotelletumea.se\/en\/wp-json\/wp\/v2\/types\/page"}],"author":[{"embeddable":true,"href":"https:\/\/storahotelletumea.se\/en\/wp-json\/wp\/v2\/users\/1"}],"replies":[{"embeddable":true,"href":"https:\/\/storahotelletumea.se\/en\/wp-json\/wp\/v2\/comments?post=556"}],"version-history":[{"count":6,"href":"https:\/\/storahotelletumea.se\/en\/wp-json\/wp\/v2\/pages\/556\/revisions"}],"predecessor-version":[{"id":1761,"href":"https:\/\/storahotelletumea.se\/en\/wp-json\/wp\/v2\/pages\/556\/revisions\/1761"}],"wp:attachment":[{"href":"https:\/\/storahotelletumea.se\/en\/wp-json\/wp\/v2\/media?parent=556"}],"curies":[{"name":"wp","href":"https:\/\/api.w.org\/{rel}","templated":true}]}}