{"id":561,"date":"2021-11-04T15:26:56","date_gmt":"2021-11-04T15:26:56","guid":{"rendered":"https:\/\/storahotelletumea.se\/stora-hotellet-and-umeas-seafarers-house-founded-in-1895\/a-hotel-for-royalty-an-office-for-seafarers\/"},"modified":"2025-08-12T12:13:25","modified_gmt":"2025-08-12T10:13:25","slug":"a-hotel-for-royalty-an-office-for-seafarers","status":"publish","type":"page","link":"https:\/\/storahotelletumea.se\/en\/a-hotel-for-royalty-an-office-for-seafarers\/","title":{"rendered":"Our history &#8211; A hotel for royalty"},"content":{"rendered":"\n<p class=\"is-style-ingress\">An impressive hotel, established by the seaman\u2019s mission. Stora Hotellet will always be associated with Ume\u00e5\u2019s long history as an important seafaring centre.<\/p>\n\n\n\n<p>Despite its location far from the world\u2019s major oceans, Ume\u00e5 owes much to its links with the sea. The town was given seafaring rights in 1760 and as the sea trade blossomed in the nineteenth century, Ume\u00e5\u2019s growth paralleled the performance of the great sailing ships as goods and people travelled from V\u00e4sterbotten to harbours all over the world. <\/p>\n\n\n\n<p>Ume\u00e5 seaman\u2019s mission was established in 1844. It was a form of trade union and social insurance for seamen. In 1892 the mission acquired two plots of land next to Ume\u00e4lven river and local architect Viktor \u00c5str\u00f6m was asked to design a combined seaman\u2019s mission building and hotel. \u00c5str\u00f6m\u2019s design mixes grandeur with sea influences.<\/p>\n\n\n\n<p>Stora Hotellet was completed in October 1895 and soon became a centre of entertainment in Ume\u00e5 as well as a site for official ceremonies. There were bedrooms, the largest banquet hall in town, a dining room, bar, billiards room and a terrace next to the river with a bandstand and refreshment stall. A few years later a music pavilion and theatre were added.<\/p>\n\n\n\n<p>In the same building the Ume\u00e5 seaman\u2019s mission looked out over the river. At the mission seamen enlisted into the trade, jobs were advertised, crew lists and ship registers were archived, fees, subsidies and loans were paid out.<\/p>\n\n\n\n<p>Thus two different worlds mingled at Stora Hotellet. Weatherworn seafarers, captains and ship builders met royalty and the elite of Ume\u00e5 society. When the big wide world came to Ume\u00e5 it stayed at Stora Hotellet.<\/p>\n\n\n\n<p><\/p>\n\n\n\n<h2 class=\"wp-block-heading\">The hotel manager who sailed with Nordenski\u00f6ld<\/h2>\n\n\n\n<p>Prior to the opening of Stora Hotellet, the mission leased the operation of the hotel business. The first hotel manager and restaurant owner was Gotthard Zetterberg, a man who knew all about life at sea as well as the hotel trade. &amp;nbsp; As a twenty-year-old in 1883 he sailed with Adolf Nordenski\u00f6ld on the latter\u2019s Greenland expedition where he served as a steward aboard the steamship Sofia. The big question that Nordenski\u00f6ld wanted to answer was whether the interior of Greenland was covered with ice or, in fact, green. The expedition wasn\u2019t a big success. All they found was ice.<\/p>\n\n\n\n<p>After his adventures at sea, Gotthard arrived at Bolln\u00e4s where he worked at the railway hotel in the service of the legendary Wilhelmina Skogh who would later become the managing director of the mighty Grand Hotel in Stockholm. &amp;nbsp;<\/p>\n\n\n\n<p>In 1895 Gotthard Zetterberg turned up in Ume\u00e5 and the managers of the seaman\u2019s mission welcomed him with open arms. Gotthard became the first manager of Stora Hotellet with a staff of almost 150 people. He held court at Stora Hotellet for almost 18 years as \u201cthe punch flowed in steady streams\u201d and his generosity and sincerity forged enduring links between the seaman\u2019s mission and the festive hotel.<\/p>\n\n\n\n<p>Gotthard became a central figure in Ume\u00e5, fully committed to his new home town. For several years he was the chairman of north Sweden\u2019s restaurant association. He was a member of the town\u2019s tree-planting committee where he worked to keep the local parks in bloom. After he died on 7 January 1913, local residents left their homes to follow him on his final journey to the cemetery on Storgatan.<\/p>\n\n\n\n<p>After Gotthard\u2019s death the hotel was managed for two years by his wife, Fredrique. When Magnus Dahl succeeded her, an epoch was over. Stora Hotellet would continue to dominate night life in Ume\u00e5 for many years. Gotthard and Fredrique Zetterberg had set the tone.<\/p>\n","protected":false},"excerpt":{"rendered":"<p>An impressive hotel, established by the seaman\u2019s mission. Stora Hotellet will always be associated with Ume\u00e5\u2019s long history as an important seafaring centre. Despite its location far from the world\u2019s major oceans, Ume\u00e5 owes much to its links with the sea. The town was given seafaring rights in 1760 and as the sea trade blossomed [&hellip;]<\/p>\n","protected":false},"author":1,"featured_media":0,"parent":0,"menu_order":0,"comment_status":"closed","ping_status":"closed","template":"","meta":{"footnotes":""},"class_list":["post-561","page","type-page","status-publish","hentry"],"acf":[],"yoast_head":"<!-- This site is optimized with the Yoast SEO plugin v23.1 - https:\/\/yoast.com\/wordpress\/plugins\/seo\/ -->\n<title>Our history - A hotel for royalty - Stora hotellet Ume\u00e5<\/title>\n<meta name=\"robots\" content=\"index, follow, max-snippet:-1, max-image-preview:large, max-video-preview:-1\" \/>\n<link rel=\"canonical\" href=\"https:\/\/storahotelletumea.se\/en\/a-hotel-for-royalty-an-office-for-seafarers\/\" \/>\n<meta property=\"og:locale\" content=\"en_US\" \/>\n<meta property=\"og:type\" content=\"article\" \/>\n<meta property=\"og:title\" content=\"Our history - A hotel for royalty - Stora hotellet Ume\u00e5\" \/>\n<meta property=\"og:description\" content=\"An impressive hotel, established by the seaman\u2019s mission. Stora Hotellet will always be associated with Ume\u00e5\u2019s long history as an important seafaring centre. Despite its location far from the world\u2019s major oceans, Ume\u00e5 owes much to its links with the sea. The town was given seafaring rights in 1760 and as the sea trade blossomed [&hellip;]\" \/>\n<meta property=\"og:url\" content=\"https:\/\/storahotelletumea.se\/en\/a-hotel-for-royalty-an-office-for-seafarers\/\" \/>\n<meta property=\"og:site_name\" content=\"Stora hotellet Ume\u00e5\" \/>\n<meta property=\"article:modified_time\" content=\"2025-08-12T10:13:25+00:00\" \/>\n<meta name=\"twitter:card\" content=\"summary_large_image\" \/>\n<meta name=\"twitter:label1\" content=\"Est. reading time\" \/>\n\t<meta name=\"twitter:data1\" content=\"4 minutes\" \/>\n<script type=\"application\/ld+json\" class=\"yoast-schema-graph\">{\"@context\":\"https:\/\/schema.org\",\"@graph\":[{\"@type\":\"WebPage\",\"@id\":\"https:\/\/storahotelletumea.se\/en\/a-hotel-for-royalty-an-office-for-seafarers\/\",\"url\":\"https:\/\/storahotelletumea.se\/en\/a-hotel-for-royalty-an-office-for-seafarers\/\",\"name\":\"Our history - A hotel for royalty - Stora hotellet Ume\u00e5\",\"isPartOf\":{\"@id\":\"https:\/\/storahotelletumea.se\/en\/#website\"},\"datePublished\":\"2021-11-04T15:26:56+00:00\",\"dateModified\":\"2025-08-12T10:13:25+00:00\",\"breadcrumb\":{\"@id\":\"https:\/\/storahotelletumea.se\/en\/a-hotel-for-royalty-an-office-for-seafarers\/#breadcrumb\"},\"inLanguage\":\"en-US\",\"potentialAction\":[{\"@type\":\"ReadAction\",\"target\":[\"https:\/\/storahotelletumea.se\/en\/a-hotel-for-royalty-an-office-for-seafarers\/\"]}]},{\"@type\":\"BreadcrumbList\",\"@id\":\"https:\/\/storahotelletumea.se\/en\/a-hotel-for-royalty-an-office-for-seafarers\/#breadcrumb\",\"itemListElement\":[{\"@type\":\"ListItem\",\"position\":1,\"name\":\"Home\",\"item\":\"https:\/\/storahotelletumea.se\/en\/\"},{\"@type\":\"ListItem\",\"position\":2,\"name\":\"Our history &#8211; A hotel for royalty\"}]},{\"@type\":\"WebSite\",\"@id\":\"https:\/\/storahotelletumea.se\/en\/#website\",\"url\":\"https:\/\/storahotelletumea.se\/en\/\",\"name\":\"Stora hotellet Ume\u00e5\",\"description\":\"Ume\u00e5s klassiska hotell i saltst\u00e4nkt festskrud\",\"potentialAction\":[{\"@type\":\"SearchAction\",\"target\":{\"@type\":\"EntryPoint\",\"urlTemplate\":\"https:\/\/storahotelletumea.se\/en\/?s={search_term_string}\"},\"query-input\":\"required name=search_term_string\"}],\"inLanguage\":\"en-US\"}]}<\/script>\n<!-- \/ Yoast SEO plugin. -->","yoast_head_json":{"title":"Our history - A hotel for royalty - Stora hotellet Ume\u00e5","robots":{"index":"index","follow":"follow","max-snippet":"max-snippet:-1","max-image-preview":"max-image-preview:large","max-video-preview":"max-video-preview:-1"},"canonical":"https:\/\/storahotelletumea.se\/en\/a-hotel-for-royalty-an-office-for-seafarers\/","og_locale":"en_US","og_type":"article","og_title":"Our history - A hotel for royalty - Stora hotellet Ume\u00e5","og_description":"An impressive hotel, established by the seaman\u2019s mission. Stora Hotellet will always be associated with Ume\u00e5\u2019s long history as an important seafaring centre. Despite its location far from the world\u2019s major oceans, Ume\u00e5 owes much to its links with the sea. The town was given seafaring rights in 1760 and as the sea trade blossomed [&hellip;]","og_url":"https:\/\/storahotelletumea.se\/en\/a-hotel-for-royalty-an-office-for-seafarers\/","og_site_name":"Stora hotellet Ume\u00e5","article_modified_time":"2025-08-12T10:13:25+00:00","twitter_card":"summary_large_image","twitter_misc":{"Est. reading time":"4 minutes"},"schema":{"@context":"https:\/\/schema.org","@graph":[{"@type":"WebPage","@id":"https:\/\/storahotelletumea.se\/en\/a-hotel-for-royalty-an-office-for-seafarers\/","url":"https:\/\/storahotelletumea.se\/en\/a-hotel-for-royalty-an-office-for-seafarers\/","name":"Our history - A hotel for royalty - Stora hotellet Ume\u00e5","isPartOf":{"@id":"https:\/\/storahotelletumea.se\/en\/#website"},"datePublished":"2021-11-04T15:26:56+00:00","dateModified":"2025-08-12T10:13:25+00:00","breadcrumb":{"@id":"https:\/\/storahotelletumea.se\/en\/a-hotel-for-royalty-an-office-for-seafarers\/#breadcrumb"},"inLanguage":"en-US","potentialAction":[{"@type":"ReadAction","target":["https:\/\/storahotelletumea.se\/en\/a-hotel-for-royalty-an-office-for-seafarers\/"]}]},{"@type":"BreadcrumbList","@id":"https:\/\/storahotelletumea.se\/en\/a-hotel-for-royalty-an-office-for-seafarers\/#breadcrumb","itemListElement":[{"@type":"ListItem","position":1,"name":"Home","item":"https:\/\/storahotelletumea.se\/en\/"},{"@type":"ListItem","position":2,"name":"Our history &#8211; A hotel for royalty"}]},{"@type":"WebSite","@id":"https:\/\/storahotelletumea.se\/en\/#website","url":"https:\/\/storahotelletumea.se\/en\/","name":"Stora hotellet Ume\u00e5","description":"Ume\u00e5s klassiska hotell i saltst\u00e4nkt festskrud","potentialAction":[{"@type":"SearchAction","target":{"@type":"EntryPoint","urlTemplate":"https:\/\/storahotelletumea.se\/en\/?s={search_term_string}"},"query-input":"required name=search_term_string"}],"inLanguage":"en-US"}]}},"_links":{"self":[{"href":"https:\/\/storahotelletumea.se\/en\/wp-json\/wp\/v2\/pages\/561","targetHints":{"allow":["GET"]}}],"collection":[{"href":"https:\/\/storahotelletumea.se\/en\/wp-json\/wp\/v2\/pages"}],"about":[{"href":"https:\/\/storahotelletumea.se\/en\/wp-json\/wp\/v2\/types\/page"}],"author":[{"embeddable":true,"href":"https:\/\/storahotelletumea.se\/en\/wp-json\/wp\/v2\/users\/1"}],"replies":[{"embeddable":true,"href":"https:\/\/storahotelletumea.se\/en\/wp-json\/wp\/v2\/comments?post=561"}],"version-history":[{"count":8,"href":"https:\/\/storahotelletumea.se\/en\/wp-json\/wp\/v2\/pages\/561\/revisions"}],"predecessor-version":[{"id":2310,"href":"https:\/\/storahotelletumea.se\/en\/wp-json\/wp\/v2\/pages\/561\/revisions\/2310"}],"wp:attachment":[{"href":"https:\/\/storahotelletumea.se\/en\/wp-json\/wp\/v2\/media?parent=561"}],"curies":[{"name":"wp","href":"https:\/\/api.w.org\/{rel}","templated":true}]}}