{"id":568,"date":"2021-11-04T15:31:29","date_gmt":"2021-11-04T15:31:29","guid":{"rendered":"https:\/\/storahotelletumea.se\/stora-hotellet-and-umeas-seafarers-house-founded-in-1895\/facilities\/continental-indoor-square\/"},"modified":"2021-11-04T15:31:29","modified_gmt":"2021-11-04T15:31:29","slug":"continental-indoor-square","status":"publish","type":"page","link":"https:\/\/storahotelletumea.se\/en\/facilities\/continental-indoor-square\/","title":{"rendered":"Continental Indoor Square"},"content":{"rendered":"<div class=\"gallery\">\n    <div data-gallery>\n                <div class=\"gallery__image\">\n            <img loading=\"lazy\" decoding=\"async\" width=\"860\" height=\"573\" src=\"https:\/\/storahotelletumea.se\/app\/uploads\/2021\/09\/breakfast.jpeg\" class=\"attachment-shu_gallery size-shu_gallery\" alt=\"Bild tagen uppifr\u00e5n p\u00e5 m\u00e4nniskor som befinner sig p\u00e5 en inneg\u00e5rd. K\u00f6per och s\u00e4ljer fika.\" srcset=\"https:\/\/storahotelletumea.se\/app\/uploads\/2021\/09\/breakfast.jpeg 860w, https:\/\/storahotelletumea.se\/app\/uploads\/2021\/09\/breakfast-300x200.jpeg 300w, https:\/\/storahotelletumea.se\/app\/uploads\/2021\/09\/breakfast-768x512.jpeg 768w, https:\/\/storahotelletumea.se\/app\/uploads\/2021\/09\/breakfast-640x426.jpeg 640w\" sizes=\"auto, (max-width: 860px) 100vw, 860px\" \/>        <\/div>\n                <div class=\"gallery__image\">\n            <img loading=\"lazy\" decoding=\"async\" width=\"860\" height=\"573\" src=\"https:\/\/storahotelletumea.se\/app\/uploads\/2021\/09\/square.jpeg\" class=\"attachment-shu_gallery size-shu_gallery\" alt=\"Gr\u00f6n milj\u00f6 med m\u00e4nniskor som sitter p\u00e5 rottingstolar p\u00e5 en innerg\u00e5rd.\" srcset=\"https:\/\/storahotelletumea.se\/app\/uploads\/2021\/09\/square.jpeg 860w, https:\/\/storahotelletumea.se\/app\/uploads\/2021\/09\/square-300x200.jpeg 300w, https:\/\/storahotelletumea.se\/app\/uploads\/2021\/09\/square-768x512.jpeg 768w, https:\/\/storahotelletumea.se\/app\/uploads\/2021\/09\/square-640x426.jpeg 640w\" sizes=\"auto, (max-width: 860px) 100vw, 860px\" \/>        <\/div>\n            <\/div>\n<\/div>\n<p>As a guest at Stora Hotellet our continental indoor square is part of your hotel experience. Here you\u2019ll find deli, restaurants, bar, caf\u00e9s, bakery, florist, library, theatre, cinema, exhibitions, music, conference and banquet hall under one single roof.<\/p>\n\n<p>Our front desk will be happy to help you with suggestions as well as reservations for specific events.<\/p>\n","protected":false},"excerpt":{"rendered":"<p>As a guest at Stora Hotellet our continental indoor square is part of your hotel experience. Here you\u2019ll find deli, restaurants, bar, caf\u00e9s, bakery, florist, library, theatre, cinema, exhibitions, music, conference and banquet hall under one single roof. Our front desk will be happy to help you with suggestions as well as reservations for specific [&hellip;]<\/p>\n","protected":false},"author":1,"featured_media":0,"parent":567,"menu_order":0,"comment_status":"closed","ping_status":"closed","template":"","meta":{"footnotes":""},"class_list":["post-568","page","type-page","status-publish","hentry"],"acf":[],"yoast_head":"<!-- This site is optimized with the Yoast SEO plugin v23.1 - https:\/\/yoast.com\/wordpress\/plugins\/seo\/ -->\n<title>Continental Indoor Square - Stora hotellet Ume\u00e5<\/title>\n<meta name=\"robots\" content=\"index, follow, max-snippet:-1, max-image-preview:large, max-video-preview:-1\" \/>\n<link rel=\"canonical\" href=\"https:\/\/storahotelletumea.se\/en\/the-hotel\/facilities\/continental-indoor-square\/\" \/>\n<meta property=\"og:locale\" content=\"en_US\" \/>\n<meta property=\"og:type\" content=\"article\" \/>\n<meta property=\"og:title\" content=\"Continental Indoor Square - Stora hotellet Ume\u00e5\" \/>\n<meta property=\"og:description\" content=\"As a guest at Stora Hotellet our continental indoor square is part of your hotel experience. Here you\u2019ll find deli, restaurants, bar, caf\u00e9s, bakery, florist, library, theatre, cinema, exhibitions, music, conference and banquet hall under one single roof. Our front desk will be happy to help you with suggestions as well as reservations for specific [&hellip;]\" \/>\n<meta property=\"og:url\" content=\"https:\/\/storahotelletumea.se\/en\/the-hotel\/facilities\/continental-indoor-square\/\" \/>\n<meta property=\"og:site_name\" content=\"Stora hotellet Ume\u00e5\" \/>\n<meta name=\"twitter:card\" content=\"summary_large_image\" \/>\n<script type=\"application\/ld+json\" class=\"yoast-schema-graph\">{\"@context\":\"https:\/\/schema.org\",\"@graph\":[{\"@type\":\"WebPage\",\"@id\":\"https:\/\/storahotelletumea.se\/en\/the-hotel\/facilities\/continental-indoor-square\/\",\"url\":\"https:\/\/storahotelletumea.se\/en\/the-hotel\/facilities\/continental-indoor-square\/\",\"name\":\"Continental Indoor Square - Stora hotellet Ume\u00e5\",\"isPartOf\":{\"@id\":\"https:\/\/storahotelletumea.se\/en\/#website\"},\"datePublished\":\"2021-11-04T15:31:29+00:00\",\"dateModified\":\"2021-11-04T15:31:29+00:00\",\"breadcrumb\":{\"@id\":\"https:\/\/storahotelletumea.se\/en\/the-hotel\/facilities\/continental-indoor-square\/#breadcrumb\"},\"inLanguage\":\"en-US\",\"potentialAction\":[{\"@type\":\"ReadAction\",\"target\":[\"https:\/\/storahotelletumea.se\/en\/the-hotel\/facilities\/continental-indoor-square\/\"]}]},{\"@type\":\"BreadcrumbList\",\"@id\":\"https:\/\/storahotelletumea.se\/en\/the-hotel\/facilities\/continental-indoor-square\/#breadcrumb\",\"itemListElement\":[{\"@type\":\"ListItem\",\"position\":1,\"name\":\"Home\",\"item\":\"https:\/\/storahotelletumea.se\/en\/\"},{\"@type\":\"ListItem\",\"position\":2,\"name\":\"Stora hotellet &#8211; Ume\u00e5\u2019s seafarer&#8217;s house\",\"item\":\"https:\/\/storahotelletumea.se\/en\/the-hotel\/\"},{\"@type\":\"ListItem\",\"position\":3,\"name\":\"Facilities\",\"item\":\"https:\/\/storahotelletumea.se\/en\/the-hotel\/facilities\/\"},{\"@type\":\"ListItem\",\"position\":4,\"name\":\"Continental Indoor Square\"}]},{\"@type\":\"WebSite\",\"@id\":\"https:\/\/storahotelletumea.se\/en\/#website\",\"url\":\"https:\/\/storahotelletumea.se\/en\/\",\"name\":\"Stora hotellet Ume\u00e5\",\"description\":\"Ume\u00e5s klassiska hotell i saltst\u00e4nkt festskrud\",\"potentialAction\":[{\"@type\":\"SearchAction\",\"target\":{\"@type\":\"EntryPoint\",\"urlTemplate\":\"https:\/\/storahotelletumea.se\/en\/?s={search_term_string}\"},\"query-input\":\"required name=search_term_string\"}],\"inLanguage\":\"en-US\"}]}<\/script>\n<!-- \/ Yoast SEO plugin. -->","yoast_head_json":{"title":"Continental Indoor Square - Stora hotellet Ume\u00e5","robots":{"index":"index","follow":"follow","max-snippet":"max-snippet:-1","max-image-preview":"max-image-preview:large","max-video-preview":"max-video-preview:-1"},"canonical":"https:\/\/storahotelletumea.se\/en\/the-hotel\/facilities\/continental-indoor-square\/","og_locale":"en_US","og_type":"article","og_title":"Continental Indoor Square - Stora hotellet Ume\u00e5","og_description":"As a guest at Stora Hotellet our continental indoor square is part of your hotel experience. Here you\u2019ll find deli, restaurants, bar, caf\u00e9s, bakery, florist, library, theatre, cinema, exhibitions, music, conference and banquet hall under one single roof. Our front desk will be happy to help you with suggestions as well as reservations for specific [&hellip;]","og_url":"https:\/\/storahotelletumea.se\/en\/the-hotel\/facilities\/continental-indoor-square\/","og_site_name":"Stora hotellet Ume\u00e5","twitter_card":"summary_large_image","schema":{"@context":"https:\/\/schema.org","@graph":[{"@type":"WebPage","@id":"https:\/\/storahotelletumea.se\/en\/the-hotel\/facilities\/continental-indoor-square\/","url":"https:\/\/storahotelletumea.se\/en\/the-hotel\/facilities\/continental-indoor-square\/","name":"Continental Indoor Square - Stora hotellet Ume\u00e5","isPartOf":{"@id":"https:\/\/storahotelletumea.se\/en\/#website"},"datePublished":"2021-11-04T15:31:29+00:00","dateModified":"2021-11-04T15:31:29+00:00","breadcrumb":{"@id":"https:\/\/storahotelletumea.se\/en\/the-hotel\/facilities\/continental-indoor-square\/#breadcrumb"},"inLanguage":"en-US","potentialAction":[{"@type":"ReadAction","target":["https:\/\/storahotelletumea.se\/en\/the-hotel\/facilities\/continental-indoor-square\/"]}]},{"@type":"BreadcrumbList","@id":"https:\/\/storahotelletumea.se\/en\/the-hotel\/facilities\/continental-indoor-square\/#breadcrumb","itemListElement":[{"@type":"ListItem","position":1,"name":"Home","item":"https:\/\/storahotelletumea.se\/en\/"},{"@type":"ListItem","position":2,"name":"Stora hotellet &#8211; Ume\u00e5\u2019s seafarer&#8217;s house","item":"https:\/\/storahotelletumea.se\/en\/the-hotel\/"},{"@type":"ListItem","position":3,"name":"Facilities","item":"https:\/\/storahotelletumea.se\/en\/the-hotel\/facilities\/"},{"@type":"ListItem","position":4,"name":"Continental Indoor Square"}]},{"@type":"WebSite","@id":"https:\/\/storahotelletumea.se\/en\/#website","url":"https:\/\/storahotelletumea.se\/en\/","name":"Stora hotellet Ume\u00e5","description":"Ume\u00e5s klassiska hotell i saltst\u00e4nkt festskrud","potentialAction":[{"@type":"SearchAction","target":{"@type":"EntryPoint","urlTemplate":"https:\/\/storahotelletumea.se\/en\/?s={search_term_string}"},"query-input":"required name=search_term_string"}],"inLanguage":"en-US"}]}},"_links":{"self":[{"href":"https:\/\/storahotelletumea.se\/en\/wp-json\/wp\/v2\/pages\/568","targetHints":{"allow":["GET"]}}],"collection":[{"href":"https:\/\/storahotelletumea.se\/en\/wp-json\/wp\/v2\/pages"}],"about":[{"href":"https:\/\/storahotelletumea.se\/en\/wp-json\/wp\/v2\/types\/page"}],"author":[{"embeddable":true,"href":"https:\/\/storahotelletumea.se\/en\/wp-json\/wp\/v2\/users\/1"}],"replies":[{"embeddable":true,"href":"https:\/\/storahotelletumea.se\/en\/wp-json\/wp\/v2\/comments?post=568"}],"version-history":[{"count":1,"href":"https:\/\/storahotelletumea.se\/en\/wp-json\/wp\/v2\/pages\/568\/revisions"}],"predecessor-version":[{"id":569,"href":"https:\/\/storahotelletumea.se\/en\/wp-json\/wp\/v2\/pages\/568\/revisions\/569"}],"up":[{"embeddable":true,"href":"https:\/\/storahotelletumea.se\/en\/wp-json\/wp\/v2\/pages\/567"}],"wp:attachment":[{"href":"https:\/\/storahotelletumea.se\/en\/wp-json\/wp\/v2\/media?parent=568"}],"curies":[{"name":"wp","href":"https:\/\/api.w.org\/{rel}","templated":true}]}}