{"id":570,"date":"2021-11-04T15:33:32","date_gmt":"2021-11-04T15:33:32","guid":{"rendered":"https:\/\/storahotelletumea.se\/stora-hotellet-and-umeas-seafarers-house-founded-in-1895\/facilities\/office-for-a-day\/"},"modified":"2021-11-04T15:33:32","modified_gmt":"2021-11-04T15:33:32","slug":"office-for-a-day","status":"publish","type":"page","link":"https:\/\/storahotelletumea.se\/en\/facilities\/office-for-a-day\/","title":{"rendered":"Office for a day"},"content":{"rendered":"<div class=\"gallery\">\n    <div data-gallery>\n                <div class=\"gallery__image\">\n            <img loading=\"lazy\" decoding=\"async\" width=\"1600\" height=\"1067\" src=\"https:\/\/storahotelletumea.se\/app\/uploads\/2021\/05\/image_2.jpeg\" class=\"attachment-shu_gallery size-shu_gallery\" alt=\"Rustik och elegant hotelltrappa med snidade detaljer och en avslappnad sittgrupp vid sidan.\" srcset=\"https:\/\/storahotelletumea.se\/app\/uploads\/2021\/05\/image_2.jpeg 1600w, https:\/\/storahotelletumea.se\/app\/uploads\/2021\/05\/image_2-300x200.jpeg 300w, https:\/\/storahotelletumea.se\/app\/uploads\/2021\/05\/image_2-1024x683.jpeg 1024w, https:\/\/storahotelletumea.se\/app\/uploads\/2021\/05\/image_2-768x512.jpeg 768w, https:\/\/storahotelletumea.se\/app\/uploads\/2021\/05\/image_2-1536x1024.jpeg 1536w, https:\/\/storahotelletumea.se\/app\/uploads\/2021\/05\/image_2-1440x960.jpeg 1440w, https:\/\/storahotelletumea.se\/app\/uploads\/2021\/05\/image_2-640x427.jpeg 640w\" sizes=\"auto, (max-width: 1600px) 100vw, 1600px\" \/>        <\/div>\n                <div class=\"gallery__image\">\n            <img loading=\"lazy\" decoding=\"async\" width=\"860\" height=\"573\" src=\"https:\/\/storahotelletumea.se\/app\/uploads\/2021\/07\/telefon.jpg\" class=\"attachment-shu_gallery size-shu_gallery\" alt=\"Bilden visar en telefon med knappur.\" srcset=\"https:\/\/storahotelletumea.se\/app\/uploads\/2021\/07\/telefon.jpg 860w, https:\/\/storahotelletumea.se\/app\/uploads\/2021\/07\/telefon-300x200.jpg 300w, https:\/\/storahotelletumea.se\/app\/uploads\/2021\/07\/telefon-768x512.jpg 768w, https:\/\/storahotelletumea.se\/app\/uploads\/2021\/07\/telefon-640x426.jpg 640w\" sizes=\"auto, (max-width: 860px) 100vw, 860px\" \/>        <\/div>\n            <\/div>\n<\/div>\n<p>We can offer several pleasant places for work, ranging from inspiring open spaces and private rooms with self-service to customized meeting rooms with technical facilities e.g smart boards, video-conferencing and full service &#8211; all areas accessible inhouse when staying at Stora Hotellet.<\/p>\n\n<p>We\u2019re happy to help with proposals and reservations to make your stay whether it\u2019s work related or private the best possible experience.<\/p>\n","protected":false},"excerpt":{"rendered":"<p>We can offer several pleasant places for work, ranging from inspiring open spaces and private rooms with self-service to customized meeting rooms with technical facilities e.g smart boards, video-conferencing and full service &#8211; all areas accessible inhouse when staying at Stora Hotellet. We\u2019re happy to help with proposals and reservations to make your stay whether [&hellip;]<\/p>\n","protected":false},"author":1,"featured_media":0,"parent":567,"menu_order":0,"comment_status":"closed","ping_status":"closed","template":"","meta":{"footnotes":""},"class_list":["post-570","page","type-page","status-publish","hentry"],"acf":[],"yoast_head":"<!-- This site is optimized with the Yoast SEO plugin v23.1 - https:\/\/yoast.com\/wordpress\/plugins\/seo\/ -->\n<title>Office for a day - Stora hotellet Ume\u00e5<\/title>\n<meta name=\"robots\" content=\"index, follow, max-snippet:-1, max-image-preview:large, max-video-preview:-1\" \/>\n<link rel=\"canonical\" href=\"https:\/\/storahotelletumea.se\/en\/the-hotel\/facilities\/office-for-a-day\/\" \/>\n<meta property=\"og:locale\" content=\"en_US\" \/>\n<meta property=\"og:type\" content=\"article\" \/>\n<meta property=\"og:title\" content=\"Office for a day - Stora hotellet Ume\u00e5\" \/>\n<meta property=\"og:description\" content=\"We can offer several pleasant places for work, ranging from inspiring open spaces and private rooms with self-service to customized meeting rooms with technical facilities e.g smart boards, video-conferencing and full service &#8211; all areas accessible inhouse when staying at Stora Hotellet. We\u2019re happy to help with proposals and reservations to make your stay whether [&hellip;]\" \/>\n<meta property=\"og:url\" content=\"https:\/\/storahotelletumea.se\/en\/the-hotel\/facilities\/office-for-a-day\/\" \/>\n<meta property=\"og:site_name\" content=\"Stora hotellet Ume\u00e5\" \/>\n<meta name=\"twitter:card\" content=\"summary_large_image\" \/>\n<script type=\"application\/ld+json\" class=\"yoast-schema-graph\">{\"@context\":\"https:\/\/schema.org\",\"@graph\":[{\"@type\":\"WebPage\",\"@id\":\"https:\/\/storahotelletumea.se\/en\/the-hotel\/facilities\/office-for-a-day\/\",\"url\":\"https:\/\/storahotelletumea.se\/en\/the-hotel\/facilities\/office-for-a-day\/\",\"name\":\"Office for a day - Stora hotellet Ume\u00e5\",\"isPartOf\":{\"@id\":\"https:\/\/storahotelletumea.se\/en\/#website\"},\"datePublished\":\"2021-11-04T15:33:32+00:00\",\"dateModified\":\"2021-11-04T15:33:32+00:00\",\"breadcrumb\":{\"@id\":\"https:\/\/storahotelletumea.se\/en\/the-hotel\/facilities\/office-for-a-day\/#breadcrumb\"},\"inLanguage\":\"en-US\",\"potentialAction\":[{\"@type\":\"ReadAction\",\"target\":[\"https:\/\/storahotelletumea.se\/en\/the-hotel\/facilities\/office-for-a-day\/\"]}]},{\"@type\":\"BreadcrumbList\",\"@id\":\"https:\/\/storahotelletumea.se\/en\/the-hotel\/facilities\/office-for-a-day\/#breadcrumb\",\"itemListElement\":[{\"@type\":\"ListItem\",\"position\":1,\"name\":\"Home\",\"item\":\"https:\/\/storahotelletumea.se\/en\/\"},{\"@type\":\"ListItem\",\"position\":2,\"name\":\"Stora hotellet &#8211; Ume\u00e5\u2019s seafarer&#8217;s house\",\"item\":\"https:\/\/storahotelletumea.se\/en\/the-hotel\/\"},{\"@type\":\"ListItem\",\"position\":3,\"name\":\"Facilities\",\"item\":\"https:\/\/storahotelletumea.se\/en\/the-hotel\/facilities\/\"},{\"@type\":\"ListItem\",\"position\":4,\"name\":\"Office for a day\"}]},{\"@type\":\"WebSite\",\"@id\":\"https:\/\/storahotelletumea.se\/en\/#website\",\"url\":\"https:\/\/storahotelletumea.se\/en\/\",\"name\":\"Stora hotellet Ume\u00e5\",\"description\":\"Ume\u00e5s klassiska hotell i saltst\u00e4nkt festskrud\",\"potentialAction\":[{\"@type\":\"SearchAction\",\"target\":{\"@type\":\"EntryPoint\",\"urlTemplate\":\"https:\/\/storahotelletumea.se\/en\/?s={search_term_string}\"},\"query-input\":\"required name=search_term_string\"}],\"inLanguage\":\"en-US\"}]}<\/script>\n<!-- \/ Yoast SEO plugin. -->","yoast_head_json":{"title":"Office for a day - Stora hotellet Ume\u00e5","robots":{"index":"index","follow":"follow","max-snippet":"max-snippet:-1","max-image-preview":"max-image-preview:large","max-video-preview":"max-video-preview:-1"},"canonical":"https:\/\/storahotelletumea.se\/en\/the-hotel\/facilities\/office-for-a-day\/","og_locale":"en_US","og_type":"article","og_title":"Office for a day - Stora hotellet Ume\u00e5","og_description":"We can offer several pleasant places for work, ranging from inspiring open spaces and private rooms with self-service to customized meeting rooms with technical facilities e.g smart boards, video-conferencing and full service &#8211; all areas accessible inhouse when staying at Stora Hotellet. We\u2019re happy to help with proposals and reservations to make your stay whether [&hellip;]","og_url":"https:\/\/storahotelletumea.se\/en\/the-hotel\/facilities\/office-for-a-day\/","og_site_name":"Stora hotellet Ume\u00e5","twitter_card":"summary_large_image","schema":{"@context":"https:\/\/schema.org","@graph":[{"@type":"WebPage","@id":"https:\/\/storahotelletumea.se\/en\/the-hotel\/facilities\/office-for-a-day\/","url":"https:\/\/storahotelletumea.se\/en\/the-hotel\/facilities\/office-for-a-day\/","name":"Office for a day - Stora hotellet Ume\u00e5","isPartOf":{"@id":"https:\/\/storahotelletumea.se\/en\/#website"},"datePublished":"2021-11-04T15:33:32+00:00","dateModified":"2021-11-04T15:33:32+00:00","breadcrumb":{"@id":"https:\/\/storahotelletumea.se\/en\/the-hotel\/facilities\/office-for-a-day\/#breadcrumb"},"inLanguage":"en-US","potentialAction":[{"@type":"ReadAction","target":["https:\/\/storahotelletumea.se\/en\/the-hotel\/facilities\/office-for-a-day\/"]}]},{"@type":"BreadcrumbList","@id":"https:\/\/storahotelletumea.se\/en\/the-hotel\/facilities\/office-for-a-day\/#breadcrumb","itemListElement":[{"@type":"ListItem","position":1,"name":"Home","item":"https:\/\/storahotelletumea.se\/en\/"},{"@type":"ListItem","position":2,"name":"Stora hotellet &#8211; Ume\u00e5\u2019s seafarer&#8217;s house","item":"https:\/\/storahotelletumea.se\/en\/the-hotel\/"},{"@type":"ListItem","position":3,"name":"Facilities","item":"https:\/\/storahotelletumea.se\/en\/the-hotel\/facilities\/"},{"@type":"ListItem","position":4,"name":"Office for a day"}]},{"@type":"WebSite","@id":"https:\/\/storahotelletumea.se\/en\/#website","url":"https:\/\/storahotelletumea.se\/en\/","name":"Stora hotellet Ume\u00e5","description":"Ume\u00e5s klassiska hotell i saltst\u00e4nkt festskrud","potentialAction":[{"@type":"SearchAction","target":{"@type":"EntryPoint","urlTemplate":"https:\/\/storahotelletumea.se\/en\/?s={search_term_string}"},"query-input":"required name=search_term_string"}],"inLanguage":"en-US"}]}},"_links":{"self":[{"href":"https:\/\/storahotelletumea.se\/en\/wp-json\/wp\/v2\/pages\/570","targetHints":{"allow":["GET"]}}],"collection":[{"href":"https:\/\/storahotelletumea.se\/en\/wp-json\/wp\/v2\/pages"}],"about":[{"href":"https:\/\/storahotelletumea.se\/en\/wp-json\/wp\/v2\/types\/page"}],"author":[{"embeddable":true,"href":"https:\/\/storahotelletumea.se\/en\/wp-json\/wp\/v2\/users\/1"}],"replies":[{"embeddable":true,"href":"https:\/\/storahotelletumea.se\/en\/wp-json\/wp\/v2\/comments?post=570"}],"version-history":[{"count":1,"href":"https:\/\/storahotelletumea.se\/en\/wp-json\/wp\/v2\/pages\/570\/revisions"}],"predecessor-version":[{"id":571,"href":"https:\/\/storahotelletumea.se\/en\/wp-json\/wp\/v2\/pages\/570\/revisions\/571"}],"up":[{"embeddable":true,"href":"https:\/\/storahotelletumea.se\/en\/wp-json\/wp\/v2\/pages\/567"}],"wp:attachment":[{"href":"https:\/\/storahotelletumea.se\/en\/wp-json\/wp\/v2\/media?parent=570"}],"curies":[{"name":"wp","href":"https:\/\/api.w.org\/{rel}","templated":true}]}}