{"id":572,"date":"2021-11-04T15:36:34","date_gmt":"2021-11-04T15:36:34","guid":{"rendered":"https:\/\/storahotelletumea.se\/stora-hotellet-and-umeas-seafarers-house-founded-in-1895\/facilities\/naezens-library\/"},"modified":"2021-11-04T15:37:19","modified_gmt":"2021-11-04T15:37:19","slug":"naezens-library","status":"publish","type":"page","link":"https:\/\/storahotelletumea.se\/en\/facilities\/naezens-library\/","title":{"rendered":"Naez\u00e9ns library"},"content":{"rendered":"\n<figure class=\"wp-block-image size-large\"><img loading=\"lazy\" decoding=\"async\" width=\"1024\" height=\"683\" src=\"https:\/\/storahotelletumea.se\/app\/uploads\/2021\/07\/image_5-1024x683.jpeg\" alt=\"\" class=\"wp-image-132\" srcset=\"https:\/\/storahotelletumea.se\/app\/uploads\/2021\/07\/image_5-1024x683.jpeg 1024w, https:\/\/storahotelletumea.se\/app\/uploads\/2021\/07\/image_5-300x200.jpeg 300w, https:\/\/storahotelletumea.se\/app\/uploads\/2021\/07\/image_5-768x512.jpeg 768w, https:\/\/storahotelletumea.se\/app\/uploads\/2021\/07\/image_5-1536x1024.jpeg 1536w, https:\/\/storahotelletumea.se\/app\/uploads\/2021\/07\/image_5-1440x960.jpeg 1440w, https:\/\/storahotelletumea.se\/app\/uploads\/2021\/07\/image_5-640x427.jpeg 640w, https:\/\/storahotelletumea.se\/app\/uploads\/2021\/07\/image_5.jpeg 1600w\" sizes=\"auto, (max-width: 1024px) 100vw, 1024px\" \/><\/figure>\n\n\n\n<p>N\u00e6z\u00e9ns library &#8211; a cozy retreat for our hotel guests equipped with all the amenities needed for relaxation as well as work. <\/p>\n\n\n\n<p>Enjoy the library at any time during the day. Feel free to bring a coffee or light snacks &amp; drinks from the restaurant.<\/p>\n\n\n\n<p>The library is occasionally booked for events. Please contact the front desk for information on availability and group reservations (minimum of 10 guests).<\/p>\n","protected":false},"excerpt":{"rendered":"<p>N\u00e6z\u00e9ns library &#8211; a cozy retreat for our hotel guests equipped with all the amenities needed for relaxation as well as work. Enjoy the library at any time during the day. Feel free to bring a coffee or light snacks &amp; drinks from the restaurant. The library is occasionally booked for events. Please contact the [&hellip;]<\/p>\n","protected":false},"author":1,"featured_media":0,"parent":567,"menu_order":0,"comment_status":"closed","ping_status":"closed","template":"","meta":{"footnotes":""},"class_list":["post-572","page","type-page","status-publish","hentry"],"acf":[],"yoast_head":"<!-- This site is optimized with the Yoast SEO plugin v23.1 - https:\/\/yoast.com\/wordpress\/plugins\/seo\/ -->\n<title>Naez\u00e9ns library - Stora hotellet Ume\u00e5<\/title>\n<meta name=\"robots\" content=\"index, follow, max-snippet:-1, max-image-preview:large, max-video-preview:-1\" \/>\n<link rel=\"canonical\" href=\"https:\/\/storahotelletumea.se\/en\/the-hotel\/facilities\/naezens-library\/\" \/>\n<meta property=\"og:locale\" content=\"en_US\" \/>\n<meta property=\"og:type\" content=\"article\" \/>\n<meta property=\"og:title\" content=\"Naez\u00e9ns library - Stora hotellet Ume\u00e5\" \/>\n<meta property=\"og:description\" content=\"N\u00e6z\u00e9ns library &#8211; a cozy retreat for our hotel guests equipped with all the amenities needed for relaxation as well as work. Enjoy the library at any time during the day. Feel free to bring a coffee or light snacks &amp; drinks from the restaurant. The library is occasionally booked for events. Please contact the [&hellip;]\" \/>\n<meta property=\"og:url\" content=\"https:\/\/storahotelletumea.se\/en\/the-hotel\/facilities\/naezens-library\/\" \/>\n<meta property=\"og:site_name\" content=\"Stora hotellet Ume\u00e5\" \/>\n<meta property=\"article:modified_time\" content=\"2021-11-04T15:37:19+00:00\" \/>\n<meta property=\"og:image\" content=\"https:\/\/storahotelletumea.se\/app\/uploads\/2021\/07\/image_5-1024x683.jpeg\" \/>\n<meta name=\"twitter:card\" content=\"summary_large_image\" \/>\n<script type=\"application\/ld+json\" class=\"yoast-schema-graph\">{\"@context\":\"https:\/\/schema.org\",\"@graph\":[{\"@type\":\"WebPage\",\"@id\":\"https:\/\/storahotelletumea.se\/en\/the-hotel\/facilities\/naezens-library\/\",\"url\":\"https:\/\/storahotelletumea.se\/en\/the-hotel\/facilities\/naezens-library\/\",\"name\":\"Naez\u00e9ns library - Stora hotellet Ume\u00e5\",\"isPartOf\":{\"@id\":\"https:\/\/storahotelletumea.se\/en\/#website\"},\"primaryImageOfPage\":{\"@id\":\"https:\/\/storahotelletumea.se\/en\/the-hotel\/facilities\/naezens-library\/#primaryimage\"},\"image\":{\"@id\":\"https:\/\/storahotelletumea.se\/en\/the-hotel\/facilities\/naezens-library\/#primaryimage\"},\"thumbnailUrl\":\"https:\/\/storahotelletumea.se\/app\/uploads\/2021\/07\/image_5-1024x683.jpeg\",\"datePublished\":\"2021-11-04T15:36:34+00:00\",\"dateModified\":\"2021-11-04T15:37:19+00:00\",\"breadcrumb\":{\"@id\":\"https:\/\/storahotelletumea.se\/en\/the-hotel\/facilities\/naezens-library\/#breadcrumb\"},\"inLanguage\":\"en-US\",\"potentialAction\":[{\"@type\":\"ReadAction\",\"target\":[\"https:\/\/storahotelletumea.se\/en\/the-hotel\/facilities\/naezens-library\/\"]}]},{\"@type\":\"ImageObject\",\"inLanguage\":\"en-US\",\"@id\":\"https:\/\/storahotelletumea.se\/en\/the-hotel\/facilities\/naezens-library\/#primaryimage\",\"url\":\"https:\/\/storahotelletumea.se\/app\/uploads\/2021\/07\/image_5-1024x683.jpeg\",\"contentUrl\":\"https:\/\/storahotelletumea.se\/app\/uploads\/2021\/07\/image_5-1024x683.jpeg\"},{\"@type\":\"BreadcrumbList\",\"@id\":\"https:\/\/storahotelletumea.se\/en\/the-hotel\/facilities\/naezens-library\/#breadcrumb\",\"itemListElement\":[{\"@type\":\"ListItem\",\"position\":1,\"name\":\"Home\",\"item\":\"https:\/\/storahotelletumea.se\/en\/\"},{\"@type\":\"ListItem\",\"position\":2,\"name\":\"Stora hotellet &#8211; Ume\u00e5\u2019s seafarer&#8217;s house\",\"item\":\"https:\/\/storahotelletumea.se\/en\/the-hotel\/\"},{\"@type\":\"ListItem\",\"position\":3,\"name\":\"Facilities\",\"item\":\"https:\/\/storahotelletumea.se\/en\/the-hotel\/facilities\/\"},{\"@type\":\"ListItem\",\"position\":4,\"name\":\"Naez\u00e9ns library\"}]},{\"@type\":\"WebSite\",\"@id\":\"https:\/\/storahotelletumea.se\/en\/#website\",\"url\":\"https:\/\/storahotelletumea.se\/en\/\",\"name\":\"Stora hotellet Ume\u00e5\",\"description\":\"Ume\u00e5s klassiska hotell i saltst\u00e4nkt festskrud\",\"potentialAction\":[{\"@type\":\"SearchAction\",\"target\":{\"@type\":\"EntryPoint\",\"urlTemplate\":\"https:\/\/storahotelletumea.se\/en\/?s={search_term_string}\"},\"query-input\":\"required name=search_term_string\"}],\"inLanguage\":\"en-US\"}]}<\/script>\n<!-- \/ Yoast SEO plugin. -->","yoast_head_json":{"title":"Naez\u00e9ns library - Stora hotellet Ume\u00e5","robots":{"index":"index","follow":"follow","max-snippet":"max-snippet:-1","max-image-preview":"max-image-preview:large","max-video-preview":"max-video-preview:-1"},"canonical":"https:\/\/storahotelletumea.se\/en\/the-hotel\/facilities\/naezens-library\/","og_locale":"en_US","og_type":"article","og_title":"Naez\u00e9ns library - Stora hotellet Ume\u00e5","og_description":"N\u00e6z\u00e9ns library &#8211; a cozy retreat for our hotel guests equipped with all the amenities needed for relaxation as well as work. Enjoy the library at any time during the day. Feel free to bring a coffee or light snacks &amp; drinks from the restaurant. The library is occasionally booked for events. Please contact the [&hellip;]","og_url":"https:\/\/storahotelletumea.se\/en\/the-hotel\/facilities\/naezens-library\/","og_site_name":"Stora hotellet Ume\u00e5","article_modified_time":"2021-11-04T15:37:19+00:00","og_image":[{"url":"https:\/\/storahotelletumea.se\/app\/uploads\/2021\/07\/image_5-1024x683.jpeg"}],"twitter_card":"summary_large_image","schema":{"@context":"https:\/\/schema.org","@graph":[{"@type":"WebPage","@id":"https:\/\/storahotelletumea.se\/en\/the-hotel\/facilities\/naezens-library\/","url":"https:\/\/storahotelletumea.se\/en\/the-hotel\/facilities\/naezens-library\/","name":"Naez\u00e9ns library - Stora hotellet Ume\u00e5","isPartOf":{"@id":"https:\/\/storahotelletumea.se\/en\/#website"},"primaryImageOfPage":{"@id":"https:\/\/storahotelletumea.se\/en\/the-hotel\/facilities\/naezens-library\/#primaryimage"},"image":{"@id":"https:\/\/storahotelletumea.se\/en\/the-hotel\/facilities\/naezens-library\/#primaryimage"},"thumbnailUrl":"https:\/\/storahotelletumea.se\/app\/uploads\/2021\/07\/image_5-1024x683.jpeg","datePublished":"2021-11-04T15:36:34+00:00","dateModified":"2021-11-04T15:37:19+00:00","breadcrumb":{"@id":"https:\/\/storahotelletumea.se\/en\/the-hotel\/facilities\/naezens-library\/#breadcrumb"},"inLanguage":"en-US","potentialAction":[{"@type":"ReadAction","target":["https:\/\/storahotelletumea.se\/en\/the-hotel\/facilities\/naezens-library\/"]}]},{"@type":"ImageObject","inLanguage":"en-US","@id":"https:\/\/storahotelletumea.se\/en\/the-hotel\/facilities\/naezens-library\/#primaryimage","url":"https:\/\/storahotelletumea.se\/app\/uploads\/2021\/07\/image_5-1024x683.jpeg","contentUrl":"https:\/\/storahotelletumea.se\/app\/uploads\/2021\/07\/image_5-1024x683.jpeg"},{"@type":"BreadcrumbList","@id":"https:\/\/storahotelletumea.se\/en\/the-hotel\/facilities\/naezens-library\/#breadcrumb","itemListElement":[{"@type":"ListItem","position":1,"name":"Home","item":"https:\/\/storahotelletumea.se\/en\/"},{"@type":"ListItem","position":2,"name":"Stora hotellet &#8211; Ume\u00e5\u2019s seafarer&#8217;s house","item":"https:\/\/storahotelletumea.se\/en\/the-hotel\/"},{"@type":"ListItem","position":3,"name":"Facilities","item":"https:\/\/storahotelletumea.se\/en\/the-hotel\/facilities\/"},{"@type":"ListItem","position":4,"name":"Naez\u00e9ns library"}]},{"@type":"WebSite","@id":"https:\/\/storahotelletumea.se\/en\/#website","url":"https:\/\/storahotelletumea.se\/en\/","name":"Stora hotellet Ume\u00e5","description":"Ume\u00e5s klassiska hotell i saltst\u00e4nkt festskrud","potentialAction":[{"@type":"SearchAction","target":{"@type":"EntryPoint","urlTemplate":"https:\/\/storahotelletumea.se\/en\/?s={search_term_string}"},"query-input":"required name=search_term_string"}],"inLanguage":"en-US"}]}},"_links":{"self":[{"href":"https:\/\/storahotelletumea.se\/en\/wp-json\/wp\/v2\/pages\/572","targetHints":{"allow":["GET"]}}],"collection":[{"href":"https:\/\/storahotelletumea.se\/en\/wp-json\/wp\/v2\/pages"}],"about":[{"href":"https:\/\/storahotelletumea.se\/en\/wp-json\/wp\/v2\/types\/page"}],"author":[{"embeddable":true,"href":"https:\/\/storahotelletumea.se\/en\/wp-json\/wp\/v2\/users\/1"}],"replies":[{"embeddable":true,"href":"https:\/\/storahotelletumea.se\/en\/wp-json\/wp\/v2\/comments?post=572"}],"version-history":[{"count":2,"href":"https:\/\/storahotelletumea.se\/en\/wp-json\/wp\/v2\/pages\/572\/revisions"}],"predecessor-version":[{"id":574,"href":"https:\/\/storahotelletumea.se\/en\/wp-json\/wp\/v2\/pages\/572\/revisions\/574"}],"up":[{"embeddable":true,"href":"https:\/\/storahotelletumea.se\/en\/wp-json\/wp\/v2\/pages\/567"}],"wp:attachment":[{"href":"https:\/\/storahotelletumea.se\/en\/wp-json\/wp\/v2\/media?parent=572"}],"curies":[{"name":"wp","href":"https:\/\/api.w.org\/{rel}","templated":true}]}}