{"id":575,"date":"2021-11-04T15:40:47","date_gmt":"2021-11-04T15:40:47","guid":{"rendered":"https:\/\/storahotelletumea.se\/stora-hotellet-and-umeas-seafarers-house-founded-in-1895\/facilities\/restaurant-cafe-artisan-bakery\/"},"modified":"2021-11-22T17:58:18","modified_gmt":"2021-11-22T16:58:18","slug":"restaurant-cafe-artisan-bakery","status":"publish","type":"page","link":"https:\/\/storahotelletumea.se\/en\/facilities\/restaurant-cafe-artisan-bakery\/","title":{"rendered":"Restaurant, cafe &amp; artisan bakery"},"content":{"rendered":"<div class=\"gallery\">\n    <div data-gallery>\n                <div class=\"gallery__image\">\n            <img loading=\"lazy\" decoding=\"async\" width=\"860\" height=\"573\" src=\"https:\/\/storahotelletumea.se\/app\/uploads\/2021\/09\/bread.jpeg\" class=\"attachment-shu_gallery size-shu_gallery\" alt=\"Ett bord fullt med fika. Allt ifr\u00e5n br\u00f6d till bullar.\" srcset=\"https:\/\/storahotelletumea.se\/app\/uploads\/2021\/09\/bread.jpeg 860w, https:\/\/storahotelletumea.se\/app\/uploads\/2021\/09\/bread-300x200.jpeg 300w, https:\/\/storahotelletumea.se\/app\/uploads\/2021\/09\/bread-768x512.jpeg 768w, https:\/\/storahotelletumea.se\/app\/uploads\/2021\/09\/bread-640x426.jpeg 640w\" sizes=\"auto, (max-width: 860px) 100vw, 860px\" \/>        <\/div>\n                <div class=\"gallery__image\">\n            <img loading=\"lazy\" decoding=\"async\" width=\"860\" height=\"573\" src=\"https:\/\/storahotelletumea.se\/app\/uploads\/2021\/09\/champagne.jpeg\" class=\"attachment-shu_gallery size-shu_gallery\" alt=\"Visar en b\u00e4nk med champagne, champagneglas och champagne p\u00e5 kylning.\" srcset=\"https:\/\/storahotelletumea.se\/app\/uploads\/2021\/09\/champagne.jpeg 860w, https:\/\/storahotelletumea.se\/app\/uploads\/2021\/09\/champagne-300x200.jpeg 300w, https:\/\/storahotelletumea.se\/app\/uploads\/2021\/09\/champagne-768x512.jpeg 768w, https:\/\/storahotelletumea.se\/app\/uploads\/2021\/09\/champagne-640x426.jpeg 640w\" sizes=\"auto, (max-width: 860px) 100vw, 860px\" \/>        <\/div>\n            <\/div>\n<\/div>\n\n\n<p>At the continental indoor square you will find restaurant Gotthard&#8217;s Krog for more formal dining as well as caf\u00e9\/artisan bakery Kulturbageriet. Both are open from early morning to late in the evening providing coffee, pastry, light meals, snacks, full course dinners and drinks.<\/p>\n\n\n\n<h3 class=\"wp-block-heading\">Worth knowing!<\/h3>\n\n\n\n<p>Kulturbageriet serves pizza and appetizers tuesday-friday between 16.00\u201320.00 p.m and Saturdays at 12.00\u201318.00 p.m.<\/p>\n\n\n\n<p>The restaurant <a href=\"https:\/\/gotthardskrog.se\/en\" target=\"_blank\" rel=\"noreferrer noopener\">Gotthards Krog<\/a> holds a high ranking among Umea restaurants on <a rel=\"noreferrer noopener\" href=\"https:\/\/www.tripadvisor.se\/Restaurant_Review-g189818-d6644061-Reviews-Gotthards_Krog-Umea_Vasterbotten_County.html\" target=\"_blank\">TripAdvisor<\/a> \u2013 an accessible culinary experience for everyone.<\/p>\n\n\n\n<p>For current opening hours, reservations and menus, please contact the front desk.<\/p>\n","protected":false},"excerpt":{"rendered":"<p>At the continental indoor square you will find restaurant Gotthard&#8217;s Krog for more formal dining as well as caf\u00e9\/artisan bakery Kulturbageriet. Both are open from early morning to late in the evening providing coffee, pastry, light meals, snacks, full course dinners and drinks. Worth knowing! Kulturbageriet serves pizza and appetizers tuesday-friday between 16.00\u201320.00 p.m and [&hellip;]<\/p>\n","protected":false},"author":1,"featured_media":479,"parent":567,"menu_order":0,"comment_status":"closed","ping_status":"closed","template":"","meta":{"footnotes":""},"class_list":["post-575","page","type-page","status-publish","has-post-thumbnail","hentry"],"acf":[],"yoast_head":"<!-- This site is optimized with the Yoast SEO plugin v23.1 - https:\/\/yoast.com\/wordpress\/plugins\/seo\/ -->\n<title>Restaurant, cafe &amp; artisan bakery - Stora hotellet Ume\u00e5<\/title>\n<meta name=\"robots\" content=\"index, follow, max-snippet:-1, max-image-preview:large, max-video-preview:-1\" \/>\n<link rel=\"canonical\" href=\"https:\/\/storahotelletumea.se\/en\/the-hotel\/facilities\/restaurant-cafe-artisan-bakery\/\" \/>\n<meta property=\"og:locale\" content=\"en_US\" \/>\n<meta property=\"og:type\" content=\"article\" \/>\n<meta property=\"og:title\" content=\"Restaurant, cafe &amp; artisan bakery - Stora hotellet Ume\u00e5\" \/>\n<meta property=\"og:description\" content=\"At the continental indoor square you will find restaurant Gotthard&#8217;s Krog for more formal dining as well as caf\u00e9\/artisan bakery Kulturbageriet. Both are open from early morning to late in the evening providing coffee, pastry, light meals, snacks, full course dinners and drinks. Worth knowing! Kulturbageriet serves pizza and appetizers tuesday-friday between 16.00\u201320.00 p.m and [&hellip;]\" \/>\n<meta property=\"og:url\" content=\"https:\/\/storahotelletumea.se\/en\/the-hotel\/facilities\/restaurant-cafe-artisan-bakery\/\" \/>\n<meta property=\"og:site_name\" content=\"Stora hotellet Ume\u00e5\" \/>\n<meta property=\"article:modified_time\" content=\"2021-11-22T16:58:18+00:00\" \/>\n<meta property=\"og:image\" content=\"https:\/\/storahotelletumea.se\/app\/uploads\/2021\/09\/champagne.jpeg\" \/>\n\t<meta property=\"og:image:width\" content=\"860\" \/>\n\t<meta property=\"og:image:height\" content=\"573\" \/>\n\t<meta property=\"og:image:type\" content=\"image\/jpeg\" \/>\n<meta name=\"twitter:card\" content=\"summary_large_image\" \/>\n<script type=\"application\/ld+json\" class=\"yoast-schema-graph\">{\"@context\":\"https:\/\/schema.org\",\"@graph\":[{\"@type\":\"WebPage\",\"@id\":\"https:\/\/storahotelletumea.se\/en\/the-hotel\/facilities\/restaurant-cafe-artisan-bakery\/\",\"url\":\"https:\/\/storahotelletumea.se\/en\/the-hotel\/facilities\/restaurant-cafe-artisan-bakery\/\",\"name\":\"Restaurant, cafe &amp; artisan bakery - Stora hotellet Ume\u00e5\",\"isPartOf\":{\"@id\":\"https:\/\/storahotelletumea.se\/en\/#website\"},\"primaryImageOfPage\":{\"@id\":\"https:\/\/storahotelletumea.se\/en\/the-hotel\/facilities\/restaurant-cafe-artisan-bakery\/#primaryimage\"},\"image\":{\"@id\":\"https:\/\/storahotelletumea.se\/en\/the-hotel\/facilities\/restaurant-cafe-artisan-bakery\/#primaryimage\"},\"thumbnailUrl\":\"https:\/\/storahotelletumea.se\/app\/uploads\/2021\/09\/champagne.jpeg\",\"datePublished\":\"2021-11-04T15:40:47+00:00\",\"dateModified\":\"2021-11-22T16:58:18+00:00\",\"breadcrumb\":{\"@id\":\"https:\/\/storahotelletumea.se\/en\/the-hotel\/facilities\/restaurant-cafe-artisan-bakery\/#breadcrumb\"},\"inLanguage\":\"en-US\",\"potentialAction\":[{\"@type\":\"ReadAction\",\"target\":[\"https:\/\/storahotelletumea.se\/en\/the-hotel\/facilities\/restaurant-cafe-artisan-bakery\/\"]}]},{\"@type\":\"ImageObject\",\"inLanguage\":\"en-US\",\"@id\":\"https:\/\/storahotelletumea.se\/en\/the-hotel\/facilities\/restaurant-cafe-artisan-bakery\/#primaryimage\",\"url\":\"https:\/\/storahotelletumea.se\/app\/uploads\/2021\/09\/champagne.jpeg\",\"contentUrl\":\"https:\/\/storahotelletumea.se\/app\/uploads\/2021\/09\/champagne.jpeg\",\"width\":860,\"height\":573,\"caption\":\"Visar en b\u00e4nk med champagne, champagneglas och champagne p\u00e5 kylning.\"},{\"@type\":\"BreadcrumbList\",\"@id\":\"https:\/\/storahotelletumea.se\/en\/the-hotel\/facilities\/restaurant-cafe-artisan-bakery\/#breadcrumb\",\"itemListElement\":[{\"@type\":\"ListItem\",\"position\":1,\"name\":\"Home\",\"item\":\"https:\/\/storahotelletumea.se\/en\/\"},{\"@type\":\"ListItem\",\"position\":2,\"name\":\"Stora hotellet &#8211; Ume\u00e5\u2019s seafarer&#8217;s house\",\"item\":\"https:\/\/storahotelletumea.se\/en\/the-hotel\/\"},{\"@type\":\"ListItem\",\"position\":3,\"name\":\"Facilities\",\"item\":\"https:\/\/storahotelletumea.se\/en\/the-hotel\/facilities\/\"},{\"@type\":\"ListItem\",\"position\":4,\"name\":\"Restaurant, cafe &amp; artisan bakery\"}]},{\"@type\":\"WebSite\",\"@id\":\"https:\/\/storahotelletumea.se\/en\/#website\",\"url\":\"https:\/\/storahotelletumea.se\/en\/\",\"name\":\"Stora hotellet Ume\u00e5\",\"description\":\"Ume\u00e5s klassiska hotell i saltst\u00e4nkt festskrud\",\"potentialAction\":[{\"@type\":\"SearchAction\",\"target\":{\"@type\":\"EntryPoint\",\"urlTemplate\":\"https:\/\/storahotelletumea.se\/en\/?s={search_term_string}\"},\"query-input\":\"required name=search_term_string\"}],\"inLanguage\":\"en-US\"}]}<\/script>\n<!-- \/ Yoast SEO plugin. -->","yoast_head_json":{"title":"Restaurant, cafe &amp; artisan bakery - Stora hotellet Ume\u00e5","robots":{"index":"index","follow":"follow","max-snippet":"max-snippet:-1","max-image-preview":"max-image-preview:large","max-video-preview":"max-video-preview:-1"},"canonical":"https:\/\/storahotelletumea.se\/en\/the-hotel\/facilities\/restaurant-cafe-artisan-bakery\/","og_locale":"en_US","og_type":"article","og_title":"Restaurant, cafe &amp; artisan bakery - Stora hotellet Ume\u00e5","og_description":"At the continental indoor square you will find restaurant Gotthard&#8217;s Krog for more formal dining as well as caf\u00e9\/artisan bakery Kulturbageriet. Both are open from early morning to late in the evening providing coffee, pastry, light meals, snacks, full course dinners and drinks. Worth knowing! Kulturbageriet serves pizza and appetizers tuesday-friday between 16.00\u201320.00 p.m and [&hellip;]","og_url":"https:\/\/storahotelletumea.se\/en\/the-hotel\/facilities\/restaurant-cafe-artisan-bakery\/","og_site_name":"Stora hotellet Ume\u00e5","article_modified_time":"2021-11-22T16:58:18+00:00","og_image":[{"width":860,"height":573,"url":"https:\/\/storahotelletumea.se\/app\/uploads\/2021\/09\/champagne.jpeg","type":"image\/jpeg"}],"twitter_card":"summary_large_image","schema":{"@context":"https:\/\/schema.org","@graph":[{"@type":"WebPage","@id":"https:\/\/storahotelletumea.se\/en\/the-hotel\/facilities\/restaurant-cafe-artisan-bakery\/","url":"https:\/\/storahotelletumea.se\/en\/the-hotel\/facilities\/restaurant-cafe-artisan-bakery\/","name":"Restaurant, cafe &amp; artisan bakery - Stora hotellet Ume\u00e5","isPartOf":{"@id":"https:\/\/storahotelletumea.se\/en\/#website"},"primaryImageOfPage":{"@id":"https:\/\/storahotelletumea.se\/en\/the-hotel\/facilities\/restaurant-cafe-artisan-bakery\/#primaryimage"},"image":{"@id":"https:\/\/storahotelletumea.se\/en\/the-hotel\/facilities\/restaurant-cafe-artisan-bakery\/#primaryimage"},"thumbnailUrl":"https:\/\/storahotelletumea.se\/app\/uploads\/2021\/09\/champagne.jpeg","datePublished":"2021-11-04T15:40:47+00:00","dateModified":"2021-11-22T16:58:18+00:00","breadcrumb":{"@id":"https:\/\/storahotelletumea.se\/en\/the-hotel\/facilities\/restaurant-cafe-artisan-bakery\/#breadcrumb"},"inLanguage":"en-US","potentialAction":[{"@type":"ReadAction","target":["https:\/\/storahotelletumea.se\/en\/the-hotel\/facilities\/restaurant-cafe-artisan-bakery\/"]}]},{"@type":"ImageObject","inLanguage":"en-US","@id":"https:\/\/storahotelletumea.se\/en\/the-hotel\/facilities\/restaurant-cafe-artisan-bakery\/#primaryimage","url":"https:\/\/storahotelletumea.se\/app\/uploads\/2021\/09\/champagne.jpeg","contentUrl":"https:\/\/storahotelletumea.se\/app\/uploads\/2021\/09\/champagne.jpeg","width":860,"height":573,"caption":"Visar en b\u00e4nk med champagne, champagneglas och champagne p\u00e5 kylning."},{"@type":"BreadcrumbList","@id":"https:\/\/storahotelletumea.se\/en\/the-hotel\/facilities\/restaurant-cafe-artisan-bakery\/#breadcrumb","itemListElement":[{"@type":"ListItem","position":1,"name":"Home","item":"https:\/\/storahotelletumea.se\/en\/"},{"@type":"ListItem","position":2,"name":"Stora hotellet &#8211; Ume\u00e5\u2019s seafarer&#8217;s house","item":"https:\/\/storahotelletumea.se\/en\/the-hotel\/"},{"@type":"ListItem","position":3,"name":"Facilities","item":"https:\/\/storahotelletumea.se\/en\/the-hotel\/facilities\/"},{"@type":"ListItem","position":4,"name":"Restaurant, cafe &amp; artisan bakery"}]},{"@type":"WebSite","@id":"https:\/\/storahotelletumea.se\/en\/#website","url":"https:\/\/storahotelletumea.se\/en\/","name":"Stora hotellet Ume\u00e5","description":"Ume\u00e5s klassiska hotell i saltst\u00e4nkt festskrud","potentialAction":[{"@type":"SearchAction","target":{"@type":"EntryPoint","urlTemplate":"https:\/\/storahotelletumea.se\/en\/?s={search_term_string}"},"query-input":"required name=search_term_string"}],"inLanguage":"en-US"}]}},"_links":{"self":[{"href":"https:\/\/storahotelletumea.se\/en\/wp-json\/wp\/v2\/pages\/575","targetHints":{"allow":["GET"]}}],"collection":[{"href":"https:\/\/storahotelletumea.se\/en\/wp-json\/wp\/v2\/pages"}],"about":[{"href":"https:\/\/storahotelletumea.se\/en\/wp-json\/wp\/v2\/types\/page"}],"author":[{"embeddable":true,"href":"https:\/\/storahotelletumea.se\/en\/wp-json\/wp\/v2\/users\/1"}],"replies":[{"embeddable":true,"href":"https:\/\/storahotelletumea.se\/en\/wp-json\/wp\/v2\/comments?post=575"}],"version-history":[{"count":5,"href":"https:\/\/storahotelletumea.se\/en\/wp-json\/wp\/v2\/pages\/575\/revisions"}],"predecessor-version":[{"id":687,"href":"https:\/\/storahotelletumea.se\/en\/wp-json\/wp\/v2\/pages\/575\/revisions\/687"}],"up":[{"embeddable":true,"href":"https:\/\/storahotelletumea.se\/en\/wp-json\/wp\/v2\/pages\/567"}],"wp:featuredmedia":[{"embeddable":true,"href":"https:\/\/storahotelletumea.se\/en\/wp-json\/wp\/v2\/media\/479"}],"wp:attachment":[{"href":"https:\/\/storahotelletumea.se\/en\/wp-json\/wp\/v2\/media?parent=575"}],"curies":[{"name":"wp","href":"https:\/\/api.w.org\/{rel}","templated":true}]}}