{"id":580,"date":"2021-11-04T15:45:08","date_gmt":"2021-11-04T15:45:08","guid":{"rendered":"https:\/\/storahotelletumea.se\/stora-hotellet-and-umeas-seafarers-house-founded-in-1895\/gym\/"},"modified":"2021-11-04T15:45:08","modified_gmt":"2021-11-04T15:45:08","slug":"gym","status":"publish","type":"page","link":"https:\/\/storahotelletumea.se\/en\/gym\/","title":{"rendered":"Gym"},"content":{"rendered":"<div class=\"gallery\">\n    <div data-gallery>\n                <div class=\"gallery__image\">\n            <img loading=\"lazy\" decoding=\"async\" width=\"860\" height=\"573\" src=\"https:\/\/storahotelletumea.se\/app\/uploads\/2021\/09\/gym2.jpeg\" class=\"attachment-shu_gallery size-shu_gallery\" alt=\"Ett stilrent innomhusgym med olika vikter och tr\u00e4ningsmaskiner.\" srcset=\"https:\/\/storahotelletumea.se\/app\/uploads\/2021\/09\/gym2.jpeg 860w, https:\/\/storahotelletumea.se\/app\/uploads\/2021\/09\/gym2-300x200.jpeg 300w, https:\/\/storahotelletumea.se\/app\/uploads\/2021\/09\/gym2-768x512.jpeg 768w, https:\/\/storahotelletumea.se\/app\/uploads\/2021\/09\/gym2-640x426.jpeg 640w\" sizes=\"auto, (max-width: 860px) 100vw, 860px\" \/>        <\/div>\n                <div class=\"gallery__image\">\n            <img loading=\"lazy\" decoding=\"async\" width=\"860\" height=\"573\" src=\"https:\/\/storahotelletumea.se\/app\/uploads\/2021\/09\/gym.jpeg\" class=\"attachment-shu_gallery size-shu_gallery\" alt=\"Ett stilrent innomhusgym med olika vikter och tr\u00e4ningsmaskiner.\" srcset=\"https:\/\/storahotelletumea.se\/app\/uploads\/2021\/09\/gym.jpeg 860w, https:\/\/storahotelletumea.se\/app\/uploads\/2021\/09\/gym-300x200.jpeg 300w, https:\/\/storahotelletumea.se\/app\/uploads\/2021\/09\/gym-768x512.jpeg 768w, https:\/\/storahotelletumea.se\/app\/uploads\/2021\/09\/gym-640x426.jpeg 640w\" sizes=\"auto, (max-width: 860px) 100vw, 860px\" \/>        <\/div>\n            <\/div>\n<\/div>\n<p class=\"is-style-ingress\">Access to the gym in the cultural arena vaven<\/p>\n\n<p>When staying with us at Stora Hotellet you have free access to our neighbouring small but functional gym. Here you will find most necessities. Crosstrainer and bike, dumbells, a DAP, TRX etc. For a morning run\/walk the riverside is the perfect place \u2013 all year around. You can enter the gym with your room key and it is opened 24 hours. If you have any questions, feel free to contact the front desk at any time during your stay.<\/p>\n","protected":false},"excerpt":{"rendered":"<p>Access to the gym in the cultural arena vaven When staying with us at Stora Hotellet you have free access to our neighbouring small but functional gym. Here you will find most necessities. Crosstrainer and bike, dumbells, a DAP, TRX etc. For a morning run\/walk the riverside is the perfect place \u2013 all year around. [&hellip;]<\/p>\n","protected":false},"author":1,"featured_media":0,"parent":0,"menu_order":0,"comment_status":"closed","ping_status":"closed","template":"","meta":{"footnotes":""},"class_list":["post-580","page","type-page","status-publish","hentry"],"acf":[],"yoast_head":"<!-- This site is optimized with the Yoast SEO plugin v23.1 - https:\/\/yoast.com\/wordpress\/plugins\/seo\/ -->\n<title>Gym - Stora hotellet Ume\u00e5<\/title>\n<meta name=\"robots\" content=\"index, follow, max-snippet:-1, max-image-preview:large, max-video-preview:-1\" \/>\n<link rel=\"canonical\" href=\"https:\/\/storahotelletumea.se\/en\/the-hotel\/gym\/\" \/>\n<meta property=\"og:locale\" content=\"en_US\" \/>\n<meta property=\"og:type\" content=\"article\" \/>\n<meta property=\"og:title\" content=\"Gym - Stora hotellet Ume\u00e5\" \/>\n<meta property=\"og:description\" content=\"Access to the gym in the cultural arena vaven When staying with us at Stora Hotellet you have free access to our neighbouring small but functional gym. Here you will find most necessities. Crosstrainer and bike, dumbells, a DAP, TRX etc. For a morning run\/walk the riverside is the perfect place \u2013 all year around. [&hellip;]\" \/>\n<meta property=\"og:url\" content=\"https:\/\/storahotelletumea.se\/en\/the-hotel\/gym\/\" \/>\n<meta property=\"og:site_name\" content=\"Stora hotellet Ume\u00e5\" \/>\n<meta name=\"twitter:card\" content=\"summary_large_image\" \/>\n<script type=\"application\/ld+json\" class=\"yoast-schema-graph\">{\"@context\":\"https:\/\/schema.org\",\"@graph\":[{\"@type\":\"WebPage\",\"@id\":\"https:\/\/storahotelletumea.se\/en\/the-hotel\/gym\/\",\"url\":\"https:\/\/storahotelletumea.se\/en\/the-hotel\/gym\/\",\"name\":\"Gym - Stora hotellet Ume\u00e5\",\"isPartOf\":{\"@id\":\"https:\/\/storahotelletumea.se\/en\/#website\"},\"datePublished\":\"2021-11-04T15:45:08+00:00\",\"dateModified\":\"2021-11-04T15:45:08+00:00\",\"breadcrumb\":{\"@id\":\"https:\/\/storahotelletumea.se\/en\/the-hotel\/gym\/#breadcrumb\"},\"inLanguage\":\"en-US\",\"potentialAction\":[{\"@type\":\"ReadAction\",\"target\":[\"https:\/\/storahotelletumea.se\/en\/the-hotel\/gym\/\"]}]},{\"@type\":\"BreadcrumbList\",\"@id\":\"https:\/\/storahotelletumea.se\/en\/the-hotel\/gym\/#breadcrumb\",\"itemListElement\":[{\"@type\":\"ListItem\",\"position\":1,\"name\":\"Home\",\"item\":\"https:\/\/storahotelletumea.se\/en\/\"},{\"@type\":\"ListItem\",\"position\":2,\"name\":\"Stora hotellet &#8211; Ume\u00e5\u2019s seafarer&#8217;s house\",\"item\":\"https:\/\/storahotelletumea.se\/en\/the-hotel\/\"},{\"@type\":\"ListItem\",\"position\":3,\"name\":\"Gym\"}]},{\"@type\":\"WebSite\",\"@id\":\"https:\/\/storahotelletumea.se\/en\/#website\",\"url\":\"https:\/\/storahotelletumea.se\/en\/\",\"name\":\"Stora hotellet Ume\u00e5\",\"description\":\"Ume\u00e5s klassiska hotell i saltst\u00e4nkt festskrud\",\"potentialAction\":[{\"@type\":\"SearchAction\",\"target\":{\"@type\":\"EntryPoint\",\"urlTemplate\":\"https:\/\/storahotelletumea.se\/en\/?s={search_term_string}\"},\"query-input\":\"required name=search_term_string\"}],\"inLanguage\":\"en-US\"}]}<\/script>\n<!-- \/ Yoast SEO plugin. -->","yoast_head_json":{"title":"Gym - Stora hotellet Ume\u00e5","robots":{"index":"index","follow":"follow","max-snippet":"max-snippet:-1","max-image-preview":"max-image-preview:large","max-video-preview":"max-video-preview:-1"},"canonical":"https:\/\/storahotelletumea.se\/en\/the-hotel\/gym\/","og_locale":"en_US","og_type":"article","og_title":"Gym - Stora hotellet Ume\u00e5","og_description":"Access to the gym in the cultural arena vaven When staying with us at Stora Hotellet you have free access to our neighbouring small but functional gym. Here you will find most necessities. Crosstrainer and bike, dumbells, a DAP, TRX etc. For a morning run\/walk the riverside is the perfect place \u2013 all year around. [&hellip;]","og_url":"https:\/\/storahotelletumea.se\/en\/the-hotel\/gym\/","og_site_name":"Stora hotellet Ume\u00e5","twitter_card":"summary_large_image","schema":{"@context":"https:\/\/schema.org","@graph":[{"@type":"WebPage","@id":"https:\/\/storahotelletumea.se\/en\/the-hotel\/gym\/","url":"https:\/\/storahotelletumea.se\/en\/the-hotel\/gym\/","name":"Gym - Stora hotellet Ume\u00e5","isPartOf":{"@id":"https:\/\/storahotelletumea.se\/en\/#website"},"datePublished":"2021-11-04T15:45:08+00:00","dateModified":"2021-11-04T15:45:08+00:00","breadcrumb":{"@id":"https:\/\/storahotelletumea.se\/en\/the-hotel\/gym\/#breadcrumb"},"inLanguage":"en-US","potentialAction":[{"@type":"ReadAction","target":["https:\/\/storahotelletumea.se\/en\/the-hotel\/gym\/"]}]},{"@type":"BreadcrumbList","@id":"https:\/\/storahotelletumea.se\/en\/the-hotel\/gym\/#breadcrumb","itemListElement":[{"@type":"ListItem","position":1,"name":"Home","item":"https:\/\/storahotelletumea.se\/en\/"},{"@type":"ListItem","position":2,"name":"Stora hotellet &#8211; Ume\u00e5\u2019s seafarer&#8217;s house","item":"https:\/\/storahotelletumea.se\/en\/the-hotel\/"},{"@type":"ListItem","position":3,"name":"Gym"}]},{"@type":"WebSite","@id":"https:\/\/storahotelletumea.se\/en\/#website","url":"https:\/\/storahotelletumea.se\/en\/","name":"Stora hotellet Ume\u00e5","description":"Ume\u00e5s klassiska hotell i saltst\u00e4nkt festskrud","potentialAction":[{"@type":"SearchAction","target":{"@type":"EntryPoint","urlTemplate":"https:\/\/storahotelletumea.se\/en\/?s={search_term_string}"},"query-input":"required name=search_term_string"}],"inLanguage":"en-US"}]}},"_links":{"self":[{"href":"https:\/\/storahotelletumea.se\/en\/wp-json\/wp\/v2\/pages\/580","targetHints":{"allow":["GET"]}}],"collection":[{"href":"https:\/\/storahotelletumea.se\/en\/wp-json\/wp\/v2\/pages"}],"about":[{"href":"https:\/\/storahotelletumea.se\/en\/wp-json\/wp\/v2\/types\/page"}],"author":[{"embeddable":true,"href":"https:\/\/storahotelletumea.se\/en\/wp-json\/wp\/v2\/users\/1"}],"replies":[{"embeddable":true,"href":"https:\/\/storahotelletumea.se\/en\/wp-json\/wp\/v2\/comments?post=580"}],"version-history":[{"count":1,"href":"https:\/\/storahotelletumea.se\/en\/wp-json\/wp\/v2\/pages\/580\/revisions"}],"predecessor-version":[{"id":581,"href":"https:\/\/storahotelletumea.se\/en\/wp-json\/wp\/v2\/pages\/580\/revisions\/581"}],"wp:attachment":[{"href":"https:\/\/storahotelletumea.se\/en\/wp-json\/wp\/v2\/media?parent=580"}],"curies":[{"name":"wp","href":"https:\/\/api.w.org\/{rel}","templated":true}]}}