{"id":582,"date":"2021-11-04T15:49:49","date_gmt":"2021-11-04T15:49:49","guid":{"rendered":"https:\/\/storahotelletumea.se\/stora-hotellet-and-umeas-seafarers-house-founded-in-1895\/find-us\/"},"modified":"2025-08-12T12:25:41","modified_gmt":"2025-08-12T10:25:41","slug":"find-us","status":"publish","type":"page","link":"https:\/\/storahotelletumea.se\/en\/find-us\/","title":{"rendered":"Find us"},"content":{"rendered":"\n<p class=\"is-style-ingress\">Stora Hotellet in Umea is located in the heart of the city centre, close to beautiful umealv (Umea river).<\/p>\n\n\n\n<p><strong>From the airport:<\/strong><\/p>\n\n\n\n<ul class=\"wp-block-list\">\n<li>Taxi, approximately 10 min to Stora Hotellet, price 300 SEK.<\/li>\n\n\n\n<li>Airport bus, 15-20 min to Vasaplan (5 min walk to the hotel). Price: prepay 40 SEK, on the bus 60 SEK.<\/li>\n<\/ul>\n\n\n\n<p><strong>Parking: <\/strong>Stora Hotellet&#8217;s indoor parking is located in the same block as the hotel with a fee of 165 SEK\/night. Talk to the front desk upon arrival or call ahead to check availability.<\/p>\n\n\n\n<p>Nearby you\u2019ll also find several public parking spaces and a parking garage.<\/p>\n\n\n\n<p>Storgatan 46<br>903 26 Ume\u00e5<br>090 77 88 70<br>+4690 77 88 70<br><a href=\"mailto:info@storahotelletumea.se\">info@storahotelletumea.se<\/a><\/p>\n\n\n\n<p><iframe loading=\"lazy\" src=\"https:\/\/www.google.com\/maps\/embed?pb=!1m18!1m12!1m3!1d3519.8470655387314!2d20.260863685902706!3d63.82567869035739!2m3!1f0!2f0!3f0!3m2!1i1024!2i768!4f13.1!3m3!1m2!1s0x0000000000000000%3A0x5b82b1a7d04c477d!2sStora+Hotellet!5e0!3m2!1sen!2sse!4v1421316242812\" style=\"border:0\" width=\"600\" height=\"450\" frameborder=\"0\"><\/iframe><\/p>\n","protected":false},"excerpt":{"rendered":"<p>Stora Hotellet in Umea is located in the heart of the city centre, close to beautiful umealv (Umea river). From the airport: Parking: Stora Hotellet&#8217;s indoor parking is located in the same block as the hotel with a fee of 165 SEK\/night. Talk to the front desk upon arrival or call ahead to check availability. [&hellip;]<\/p>\n","protected":false},"author":1,"featured_media":0,"parent":0,"menu_order":0,"comment_status":"closed","ping_status":"closed","template":"","meta":{"footnotes":""},"class_list":["post-582","page","type-page","status-publish","hentry"],"acf":[],"yoast_head":"<!-- This site is optimized with the Yoast SEO plugin v23.1 - https:\/\/yoast.com\/wordpress\/plugins\/seo\/ -->\n<title>Find us - Stora hotellet Ume\u00e5<\/title>\n<meta name=\"robots\" content=\"index, follow, max-snippet:-1, max-image-preview:large, max-video-preview:-1\" \/>\n<link rel=\"canonical\" href=\"https:\/\/storahotelletumea.se\/en\/find-us\/\" \/>\n<meta property=\"og:locale\" content=\"en_US\" \/>\n<meta property=\"og:type\" content=\"article\" \/>\n<meta property=\"og:title\" content=\"Find us - Stora hotellet Ume\u00e5\" \/>\n<meta property=\"og:description\" content=\"Stora Hotellet in Umea is located in the heart of the city centre, close to beautiful umealv (Umea river). From the airport: Parking: Stora Hotellet&#8217;s indoor parking is located in the same block as the hotel with a fee of 165 SEK\/night. Talk to the front desk upon arrival or call ahead to check availability. [&hellip;]\" \/>\n<meta property=\"og:url\" content=\"https:\/\/storahotelletumea.se\/en\/find-us\/\" \/>\n<meta property=\"og:site_name\" content=\"Stora hotellet Ume\u00e5\" \/>\n<meta property=\"article:modified_time\" content=\"2025-08-12T10:25:41+00:00\" \/>\n<meta name=\"twitter:card\" content=\"summary_large_image\" \/>\n<meta name=\"twitter:label1\" content=\"Est. reading time\" \/>\n\t<meta name=\"twitter:data1\" content=\"1 minute\" \/>\n<script type=\"application\/ld+json\" class=\"yoast-schema-graph\">{\"@context\":\"https:\/\/schema.org\",\"@graph\":[{\"@type\":\"WebPage\",\"@id\":\"https:\/\/storahotelletumea.se\/en\/find-us\/\",\"url\":\"https:\/\/storahotelletumea.se\/en\/find-us\/\",\"name\":\"Find us - Stora hotellet Ume\u00e5\",\"isPartOf\":{\"@id\":\"https:\/\/storahotelletumea.se\/en\/#website\"},\"datePublished\":\"2021-11-04T15:49:49+00:00\",\"dateModified\":\"2025-08-12T10:25:41+00:00\",\"breadcrumb\":{\"@id\":\"https:\/\/storahotelletumea.se\/en\/find-us\/#breadcrumb\"},\"inLanguage\":\"en-US\",\"potentialAction\":[{\"@type\":\"ReadAction\",\"target\":[\"https:\/\/storahotelletumea.se\/en\/find-us\/\"]}]},{\"@type\":\"BreadcrumbList\",\"@id\":\"https:\/\/storahotelletumea.se\/en\/find-us\/#breadcrumb\",\"itemListElement\":[{\"@type\":\"ListItem\",\"position\":1,\"name\":\"Home\",\"item\":\"https:\/\/storahotelletumea.se\/en\/\"},{\"@type\":\"ListItem\",\"position\":2,\"name\":\"Find us\"}]},{\"@type\":\"WebSite\",\"@id\":\"https:\/\/storahotelletumea.se\/en\/#website\",\"url\":\"https:\/\/storahotelletumea.se\/en\/\",\"name\":\"Stora hotellet Ume\u00e5\",\"description\":\"Ume\u00e5s klassiska hotell i saltst\u00e4nkt festskrud\",\"potentialAction\":[{\"@type\":\"SearchAction\",\"target\":{\"@type\":\"EntryPoint\",\"urlTemplate\":\"https:\/\/storahotelletumea.se\/en\/?s={search_term_string}\"},\"query-input\":\"required name=search_term_string\"}],\"inLanguage\":\"en-US\"}]}<\/script>\n<!-- \/ Yoast SEO plugin. -->","yoast_head_json":{"title":"Find us - Stora hotellet Ume\u00e5","robots":{"index":"index","follow":"follow","max-snippet":"max-snippet:-1","max-image-preview":"max-image-preview:large","max-video-preview":"max-video-preview:-1"},"canonical":"https:\/\/storahotelletumea.se\/en\/find-us\/","og_locale":"en_US","og_type":"article","og_title":"Find us - Stora hotellet Ume\u00e5","og_description":"Stora Hotellet in Umea is located in the heart of the city centre, close to beautiful umealv (Umea river). From the airport: Parking: Stora Hotellet&#8217;s indoor parking is located in the same block as the hotel with a fee of 165 SEK\/night. Talk to the front desk upon arrival or call ahead to check availability. [&hellip;]","og_url":"https:\/\/storahotelletumea.se\/en\/find-us\/","og_site_name":"Stora hotellet Ume\u00e5","article_modified_time":"2025-08-12T10:25:41+00:00","twitter_card":"summary_large_image","twitter_misc":{"Est. reading time":"1 minute"},"schema":{"@context":"https:\/\/schema.org","@graph":[{"@type":"WebPage","@id":"https:\/\/storahotelletumea.se\/en\/find-us\/","url":"https:\/\/storahotelletumea.se\/en\/find-us\/","name":"Find us - Stora hotellet Ume\u00e5","isPartOf":{"@id":"https:\/\/storahotelletumea.se\/en\/#website"},"datePublished":"2021-11-04T15:49:49+00:00","dateModified":"2025-08-12T10:25:41+00:00","breadcrumb":{"@id":"https:\/\/storahotelletumea.se\/en\/find-us\/#breadcrumb"},"inLanguage":"en-US","potentialAction":[{"@type":"ReadAction","target":["https:\/\/storahotelletumea.se\/en\/find-us\/"]}]},{"@type":"BreadcrumbList","@id":"https:\/\/storahotelletumea.se\/en\/find-us\/#breadcrumb","itemListElement":[{"@type":"ListItem","position":1,"name":"Home","item":"https:\/\/storahotelletumea.se\/en\/"},{"@type":"ListItem","position":2,"name":"Find us"}]},{"@type":"WebSite","@id":"https:\/\/storahotelletumea.se\/en\/#website","url":"https:\/\/storahotelletumea.se\/en\/","name":"Stora hotellet Ume\u00e5","description":"Ume\u00e5s klassiska hotell i saltst\u00e4nkt festskrud","potentialAction":[{"@type":"SearchAction","target":{"@type":"EntryPoint","urlTemplate":"https:\/\/storahotelletumea.se\/en\/?s={search_term_string}"},"query-input":"required name=search_term_string"}],"inLanguage":"en-US"}]}},"_links":{"self":[{"href":"https:\/\/storahotelletumea.se\/en\/wp-json\/wp\/v2\/pages\/582","targetHints":{"allow":["GET"]}}],"collection":[{"href":"https:\/\/storahotelletumea.se\/en\/wp-json\/wp\/v2\/pages"}],"about":[{"href":"https:\/\/storahotelletumea.se\/en\/wp-json\/wp\/v2\/types\/page"}],"author":[{"embeddable":true,"href":"https:\/\/storahotelletumea.se\/en\/wp-json\/wp\/v2\/users\/1"}],"replies":[{"embeddable":true,"href":"https:\/\/storahotelletumea.se\/en\/wp-json\/wp\/v2\/comments?post=582"}],"version-history":[{"count":9,"href":"https:\/\/storahotelletumea.se\/en\/wp-json\/wp\/v2\/pages\/582\/revisions"}],"predecessor-version":[{"id":2311,"href":"https:\/\/storahotelletumea.se\/en\/wp-json\/wp\/v2\/pages\/582\/revisions\/2311"}],"wp:attachment":[{"href":"https:\/\/storahotelletumea.se\/en\/wp-json\/wp\/v2\/media?parent=582"}],"curies":[{"name":"wp","href":"https:\/\/api.w.org\/{rel}","templated":true}]}}