{"id":596,"date":"2021-11-04T16:05:04","date_gmt":"2021-11-04T16:05:04","guid":{"rendered":"https:\/\/storahotelletumea.se\/our-guestrooms\/"},"modified":"2021-11-04T16:05:04","modified_gmt":"2021-11-04T16:05:04","slug":"our-guestrooms","status":"publish","type":"page","link":"https:\/\/storahotelletumea.se\/en\/our-guestrooms\/","title":{"rendered":"Our Guestrooms"},"content":{"rendered":"\n<p class=\"is-style-ingress\">At Stora Hotellet we have divided our 82 rooms into six categories, ranging from spacious suite to compact seaman\u2019s cabin. As the hotel was built by Ume\u00e5\u2019s Seaman\u2019s Mission, the categories are named after key concepts from the seafarer\u2019s world view. The rooms have views across some of the best spots in Umea, including R\u00e5dhusparken, Ume\u00e4lven river and V\u00e4ven culture centre.<\/p>\n","protected":false},"excerpt":{"rendered":"<p>At Stora Hotellet we have divided our 82 rooms into six categories, ranging from spacious suite to compact seaman\u2019s cabin. As the hotel was built by Ume\u00e5\u2019s Seaman\u2019s Mission, the categories are named after key concepts from the seafarer\u2019s world view. The rooms have views across some of the best spots in Umea, including R\u00e5dhusparken, [&hellip;]<\/p>\n","protected":false},"author":1,"featured_media":0,"parent":0,"menu_order":0,"comment_status":"closed","ping_status":"closed","template":"rooms.php","meta":{"footnotes":""},"class_list":["post-596","page","type-page","status-publish","hentry"],"acf":[],"yoast_head":"<!-- This site is optimized with the Yoast SEO plugin v23.1 - https:\/\/yoast.com\/wordpress\/plugins\/seo\/ -->\n<title>Our Guestrooms - Stora hotellet Ume\u00e5<\/title>\n<meta name=\"robots\" content=\"index, follow, max-snippet:-1, max-image-preview:large, max-video-preview:-1\" \/>\n<link rel=\"canonical\" href=\"https:\/\/storahotelletumea.se\/en\/our-guestrooms\/\" \/>\n<meta property=\"og:locale\" content=\"en_US\" \/>\n<meta property=\"og:type\" content=\"article\" \/>\n<meta property=\"og:title\" content=\"Our Guestrooms - Stora hotellet Ume\u00e5\" \/>\n<meta property=\"og:description\" content=\"At Stora Hotellet we have divided our 82 rooms into six categories, ranging from spacious suite to compact seaman\u2019s cabin. As the hotel was built by Ume\u00e5\u2019s Seaman\u2019s Mission, the categories are named after key concepts from the seafarer\u2019s world view. The rooms have views across some of the best spots in Umea, including R\u00e5dhusparken, [&hellip;]\" \/>\n<meta property=\"og:url\" content=\"https:\/\/storahotelletumea.se\/en\/our-guestrooms\/\" \/>\n<meta property=\"og:site_name\" content=\"Stora hotellet Ume\u00e5\" \/>\n<meta name=\"twitter:card\" content=\"summary_large_image\" \/>\n<script type=\"application\/ld+json\" class=\"yoast-schema-graph\">{\"@context\":\"https:\/\/schema.org\",\"@graph\":[{\"@type\":\"WebPage\",\"@id\":\"https:\/\/storahotelletumea.se\/en\/our-guestrooms\/\",\"url\":\"https:\/\/storahotelletumea.se\/en\/our-guestrooms\/\",\"name\":\"Our Guestrooms - Stora hotellet Ume\u00e5\",\"isPartOf\":{\"@id\":\"https:\/\/storahotelletumea.se\/en\/#website\"},\"datePublished\":\"2021-11-04T16:05:04+00:00\",\"dateModified\":\"2021-11-04T16:05:04+00:00\",\"breadcrumb\":{\"@id\":\"https:\/\/storahotelletumea.se\/en\/our-guestrooms\/#breadcrumb\"},\"inLanguage\":\"en-US\",\"potentialAction\":[{\"@type\":\"ReadAction\",\"target\":[\"https:\/\/storahotelletumea.se\/en\/our-guestrooms\/\"]}]},{\"@type\":\"BreadcrumbList\",\"@id\":\"https:\/\/storahotelletumea.se\/en\/our-guestrooms\/#breadcrumb\",\"itemListElement\":[{\"@type\":\"ListItem\",\"position\":1,\"name\":\"Home\",\"item\":\"https:\/\/storahotelletumea.se\/en\/\"},{\"@type\":\"ListItem\",\"position\":2,\"name\":\"Our Guestrooms\"}]},{\"@type\":\"WebSite\",\"@id\":\"https:\/\/storahotelletumea.se\/en\/#website\",\"url\":\"https:\/\/storahotelletumea.se\/en\/\",\"name\":\"Stora hotellet Ume\u00e5\",\"description\":\"Ume\u00e5s klassiska hotell i saltst\u00e4nkt festskrud\",\"potentialAction\":[{\"@type\":\"SearchAction\",\"target\":{\"@type\":\"EntryPoint\",\"urlTemplate\":\"https:\/\/storahotelletumea.se\/en\/?s={search_term_string}\"},\"query-input\":\"required name=search_term_string\"}],\"inLanguage\":\"en-US\"}]}<\/script>\n<!-- \/ Yoast SEO plugin. -->","yoast_head_json":{"title":"Our Guestrooms - Stora hotellet Ume\u00e5","robots":{"index":"index","follow":"follow","max-snippet":"max-snippet:-1","max-image-preview":"max-image-preview:large","max-video-preview":"max-video-preview:-1"},"canonical":"https:\/\/storahotelletumea.se\/en\/our-guestrooms\/","og_locale":"en_US","og_type":"article","og_title":"Our Guestrooms - Stora hotellet Ume\u00e5","og_description":"At Stora Hotellet we have divided our 82 rooms into six categories, ranging from spacious suite to compact seaman\u2019s cabin. As the hotel was built by Ume\u00e5\u2019s Seaman\u2019s Mission, the categories are named after key concepts from the seafarer\u2019s world view. The rooms have views across some of the best spots in Umea, including R\u00e5dhusparken, [&hellip;]","og_url":"https:\/\/storahotelletumea.se\/en\/our-guestrooms\/","og_site_name":"Stora hotellet Ume\u00e5","twitter_card":"summary_large_image","schema":{"@context":"https:\/\/schema.org","@graph":[{"@type":"WebPage","@id":"https:\/\/storahotelletumea.se\/en\/our-guestrooms\/","url":"https:\/\/storahotelletumea.se\/en\/our-guestrooms\/","name":"Our Guestrooms - Stora hotellet Ume\u00e5","isPartOf":{"@id":"https:\/\/storahotelletumea.se\/en\/#website"},"datePublished":"2021-11-04T16:05:04+00:00","dateModified":"2021-11-04T16:05:04+00:00","breadcrumb":{"@id":"https:\/\/storahotelletumea.se\/en\/our-guestrooms\/#breadcrumb"},"inLanguage":"en-US","potentialAction":[{"@type":"ReadAction","target":["https:\/\/storahotelletumea.se\/en\/our-guestrooms\/"]}]},{"@type":"BreadcrumbList","@id":"https:\/\/storahotelletumea.se\/en\/our-guestrooms\/#breadcrumb","itemListElement":[{"@type":"ListItem","position":1,"name":"Home","item":"https:\/\/storahotelletumea.se\/en\/"},{"@type":"ListItem","position":2,"name":"Our Guestrooms"}]},{"@type":"WebSite","@id":"https:\/\/storahotelletumea.se\/en\/#website","url":"https:\/\/storahotelletumea.se\/en\/","name":"Stora hotellet Ume\u00e5","description":"Ume\u00e5s klassiska hotell i saltst\u00e4nkt festskrud","potentialAction":[{"@type":"SearchAction","target":{"@type":"EntryPoint","urlTemplate":"https:\/\/storahotelletumea.se\/en\/?s={search_term_string}"},"query-input":"required name=search_term_string"}],"inLanguage":"en-US"}]}},"_links":{"self":[{"href":"https:\/\/storahotelletumea.se\/en\/wp-json\/wp\/v2\/pages\/596","targetHints":{"allow":["GET"]}}],"collection":[{"href":"https:\/\/storahotelletumea.se\/en\/wp-json\/wp\/v2\/pages"}],"about":[{"href":"https:\/\/storahotelletumea.se\/en\/wp-json\/wp\/v2\/types\/page"}],"author":[{"embeddable":true,"href":"https:\/\/storahotelletumea.se\/en\/wp-json\/wp\/v2\/users\/1"}],"replies":[{"embeddable":true,"href":"https:\/\/storahotelletumea.se\/en\/wp-json\/wp\/v2\/comments?post=596"}],"version-history":[{"count":1,"href":"https:\/\/storahotelletumea.se\/en\/wp-json\/wp\/v2\/pages\/596\/revisions"}],"predecessor-version":[{"id":597,"href":"https:\/\/storahotelletumea.se\/en\/wp-json\/wp\/v2\/pages\/596\/revisions\/597"}],"wp:attachment":[{"href":"https:\/\/storahotelletumea.se\/en\/wp-json\/wp\/v2\/media?parent=596"}],"curies":[{"name":"wp","href":"https:\/\/api.w.org\/{rel}","templated":true}]}}